{"id":28285,"date":"2022-05-14T20:33:11","date_gmt":"2022-05-14T18:33:11","guid":{"rendered":"https:\/\/trackunit.com\/demander-une-demonstration\/"},"modified":"2025-12-03T07:53:34","modified_gmt":"2025-12-03T06:53:34","slug":"demander-une-demonstration","status":"publish","type":"page","link":"https:\/\/trackunit.com\/fr\/demander-une-demonstration\/","title":{"rendered":"Demander une d\u00e9monstration"},"content":{"rendered":"\t\t<div data-elementor-type=\"wp-page\" data-elementor-id=\"28285\" class=\"elementor elementor-28285 elementor-18162\" data-elementor-post-type=\"page\">\n\t\t\t\t<div class=\"elementor-element elementor-element-5158851 e-flex e-con-boxed e-con e-parent\" data-id=\"5158851\" data-element_type=\"container\" data-e-type=\"container\">\n\t\t\t\t\t<div class=\"e-con-inner\">\n\t\t<div class=\"elementor-element elementor-element-c4c305a e-con-full e-flex e-con e-child\" data-id=\"c4c305a\" data-element_type=\"container\" data-e-type=\"container\" data-settings=\"{&quot;background_background&quot;:&quot;classic&quot;}\">\n\t\t\t\t<div class=\"elementor-element elementor-element-6ca27bf elementor-widget elementor-widget-text-editor\" data-id=\"6ca27bf\" data-element_type=\"widget\" data-e-type=\"widget\" data-widget_type=\"text-editor.default\">\n\t\t\t\t<div class=\"elementor-widget-container\">\n\t\t\t\t\t\t\t\t\tDemander une <span style=\"color: #f9423a;\">d\u00e9monstration<\/span>\t\t\t\t\t\t\t\t<\/div>\n\t\t\t\t<\/div>\n\t\t\t\t<div class=\"elementor-element elementor-element-becbfa2 elementor-widget__width-initial elementor-widget elementor-widget-text-editor\" data-id=\"becbfa2\" data-element_type=\"widget\" data-e-type=\"widget\" data-widget_type=\"text-editor.default\">\n\t\t\t\t<div class=\"elementor-widget-container\">\n\t\t\t\t\t\t\t\t\t<p>Discutons pour trouver le bon moment et le bon endroit pour organiser une d\u00e9monstration et explorer votre potentiel de connectivit\u00e9.<\/p>\t\t\t\t\t\t\t\t<\/div>\n\t\t\t\t<\/div>\n\t\t\t\t<div class=\"elementor-element elementor-element-72c13fb elementor-widget elementor-widget-template\" data-id=\"72c13fb\" data-element_type=\"widget\" data-e-type=\"widget\" data-widget_type=\"template.default\">\n\t\t\t\t<div class=\"elementor-widget-container\">\n\t\t\t\t\t\t\t<div class=\"elementor-template\">\n\t\t\t\t\t<div data-elementor-type=\"container\" data-elementor-id=\"44726\" class=\"elementor elementor-44726\" data-elementor-post-type=\"elementor_library\">\n\t\t\t\t<div class=\"elementor-element elementor-element-64953e7 e-con-full e-flex e-con e-parent\" data-id=\"64953e7\" data-element_type=\"container\" data-e-type=\"container\">\n\t\t\t\t<div class=\"elementor-element elementor-element-40ab67f elementor-widget elementor-widget-html\" data-id=\"40ab67f\" data-element_type=\"widget\" data-e-type=\"widget\" data-widget_type=\"html.default\">\n\t\t\t\t<div class=\"elementor-widget-container\">\n\t\t\t\t\t<script src=\"https:\/\/js-eu1.hsforms.net\/forms\/embed\/developer\/25191051.js\" defer><\/script>\n<div class=\"hs-form-html\" data-region=\"eu1\" data-form-id=\"5c0dc015-546c-4c89-a3ae-8c0d9af3b013\" data-portal-id=\"25191051\"><\/div>\t\t\t\t<\/div>\n\t\t\t\t<\/div>\n\t\t\t\t<\/div>\n\t\t\t\t<\/div>\n\t\t\t\t<\/div>\n\t\t\t\t\t\t<\/div>\n\t\t\t\t<\/div>\n\t\t\t\t<\/div>\n\t\t\t\t\t<\/div>\n\t\t\t\t<\/div>\n\t\t\t\t<\/div>\n\t\t","protected":false},"excerpt":{"rendered":"<p>Demander une d\u00e9monstration Discutons pour trouver le bon moment et le bon endroit pour organiser une d\u00e9monstration et explorer votre potentiel de connectivit\u00e9.<\/p>\n","protected":false},"author":10,"featured_media":0,"parent":0,"menu_order":0,"comment_status":"closed","ping_status":"closed","template":"","meta":{"_acf_changed":false,"content-type":"","inline_featured_image":false,"footnotes":""},"categories":[],"tags":[],"class_list":["post-28285","page","type-page","status-publish","hentry"],"acf":[],"yoast_head":"<!-- This site is optimized with the Yoast SEO Premium plugin v27.3 (Yoast SEO v27.3) - https:\/\/yoast.com\/product\/yoast-seo-premium-wordpress\/ -->\n<title>Demander une d\u00e9monstration pour d\u00e9couvrir notre plateforme et nos solutions | Trackunit<\/title>\n<meta name=\"description\" content=\"Suivez l&#039;int\u00e9gralit\u00e9 de votre flotte avec notre logiciel de gestion de flotte. Demandez une d\u00e9monstration \u00e0 Trackunit et explorez votre potentiel.\" \/>\n<meta name=\"robots\" content=\"index, follow, max-snippet:-1, max-image-preview:large, max-video-preview:-1\" \/>\n<link rel=\"canonical\" href=\"https:\/\/trackunit.com\/fr\/demander-une-demonstration\/\" \/>\n<meta property=\"og:locale\" content=\"fr_FR\" \/>\n<meta property=\"og:type\" content=\"article\" \/>\n<meta property=\"og:title\" content=\"Demander une d\u00e9monstration pour d\u00e9couvrir notre plateforme et nos solutions | Trackunit\" \/>\n<meta property=\"og:description\" content=\"Discutons pour explorer votre potentiel de connectivit\u00e9. Suivez l&#039;int\u00e9gralit\u00e9 de votre flotte avec notre logiciel de gestion de flotte.\" \/>\n<meta property=\"og:url\" content=\"https:\/\/trackunit.com\/fr\/demander-une-demonstration\/\" \/>\n<meta property=\"og:site_name\" content=\"Trackunit\" \/>\n<meta property=\"article:publisher\" content=\"https:\/\/www.facebook.com\/Trackunit.official\" \/>\n<meta property=\"article:modified_time\" content=\"2025-12-03T06:53:34+00:00\" \/>\n<meta property=\"og:image\" content=\"https:\/\/trackunit.com\/wp-content\/uploads\/2022\/06\/featured-trackunit_home-1200x628-1.jpg\" \/>\n\t<meta property=\"og:image:width\" content=\"1200\" \/>\n\t<meta property=\"og:image:height\" content=\"628\" \/>\n\t<meta property=\"og:image:type\" content=\"image\/jpeg\" \/>\n<meta name=\"twitter:card\" content=\"summary_large_image\" \/>\n<meta name=\"twitter:title\" content=\"Demander une d\u00e9monstration pour d\u00e9couvrir notre plateforme et nos solutions | Trackunit\" \/>\n<meta name=\"twitter:description\" content=\"Discutons pour explorer votre potentiel de connectivit\u00e9. Suivez l&#039;int\u00e9gralit\u00e9 de votre flotte avec notre logiciel de gestion de flotte.\" \/>\n<meta name=\"twitter:site\" content=\"@trackunit\" \/>\n<meta name=\"twitter:label1\" content=\"Dur\u00e9e de lecture estim\u00e9e\" \/>\n\t<meta name=\"twitter:data1\" content=\"15 minutes\" \/>\n<script type=\"application\/ld+json\" class=\"yoast-schema-graph\">{\"@context\":\"https:\\\/\\\/schema.org\",\"@graph\":[{\"@type\":\"WebPage\",\"@id\":\"https:\\\/\\\/trackunit.com\\\/fr\\\/demander-une-demonstration\\\/\",\"url\":\"https:\\\/\\\/trackunit.com\\\/fr\\\/demander-une-demonstration\\\/\",\"name\":\"Demander une d\u00e9monstration pour d\u00e9couvrir notre plateforme et nos solutions | Trackunit\",\"isPartOf\":{\"@id\":\"https:\\\/\\\/trackunit.com\\\/fr\\\/#website\"},\"datePublished\":\"2022-05-14T18:33:11+00:00\",\"dateModified\":\"2025-12-03T06:53:34+00:00\",\"description\":\"Suivez l'int\u00e9gralit\u00e9 de votre flotte avec notre logiciel de gestion de flotte. Demandez une d\u00e9monstration \u00e0 Trackunit et explorez votre potentiel.\",\"breadcrumb\":{\"@id\":\"https:\\\/\\\/trackunit.com\\\/fr\\\/demander-une-demonstration\\\/#breadcrumb\"},\"inLanguage\":\"fr-FR\",\"potentialAction\":[{\"@type\":\"ReadAction\",\"target\":[\"https:\\\/\\\/trackunit.com\\\/fr\\\/demander-une-demonstration\\\/\"]}]},{\"@type\":\"BreadcrumbList\",\"@id\":\"https:\\\/\\\/trackunit.com\\\/fr\\\/demander-une-demonstration\\\/#breadcrumb\",\"itemListElement\":[{\"@type\":\"ListItem\",\"position\":1,\"name\":\"Home\",\"item\":\"https:\\\/\\\/trackunit.com\\\/fr\\\/frontpage\\\/\"},{\"@type\":\"ListItem\",\"position\":2,\"name\":\"Demander une d\u00e9monstration\"}]},{\"@type\":\"WebSite\",\"@id\":\"https:\\\/\\\/trackunit.com\\\/fr\\\/#website\",\"url\":\"https:\\\/\\\/trackunit.com\\\/fr\\\/\",\"name\":\"Trackunit\",\"description\":\"La plateforme leader de la t\u00e9l\u00e9matique et de la gestion de flotte\",\"publisher\":{\"@id\":\"https:\\\/\\\/trackunit.com\\\/fr\\\/#organization\"},\"potentialAction\":[{\"@type\":\"SearchAction\",\"target\":{\"@type\":\"EntryPoint\",\"urlTemplate\":\"https:\\\/\\\/trackunit.com\\\/fr\\\/?s={search_term_string}\"},\"query-input\":{\"@type\":\"PropertyValueSpecification\",\"valueRequired\":true,\"valueName\":\"search_term_string\"}}],\"inLanguage\":\"fr-FR\"},{\"@type\":\"Organization\",\"@id\":\"https:\\\/\\\/trackunit.com\\\/fr\\\/#organization\",\"name\":\"Trackunit\",\"url\":\"https:\\\/\\\/trackunit.com\\\/fr\\\/\",\"logo\":{\"@type\":\"ImageObject\",\"inLanguage\":\"fr-FR\",\"@id\":\"https:\\\/\\\/trackunit.com\\\/fr\\\/#\\\/schema\\\/logo\\\/image\\\/\",\"url\":\"https:\\\/\\\/trackunit.com\\\/wp-content\\\/uploads\\\/2022\\\/06\\\/trackunit_logotype_rgb_red.png\",\"contentUrl\":\"https:\\\/\\\/trackunit.com\\\/wp-content\\\/uploads\\\/2022\\\/06\\\/trackunit_logotype_rgb_red.png\",\"width\":2824,\"height\":693,\"caption\":\"Trackunit\"},\"image\":{\"@id\":\"https:\\\/\\\/trackunit.com\\\/fr\\\/#\\\/schema\\\/logo\\\/image\\\/\"},\"sameAs\":[\"https:\\\/\\\/www.facebook.com\\\/Trackunit.official\",\"https:\\\/\\\/x.com\\\/trackunit\",\"https:\\\/\\\/www.linkedin.com\\\/company\\\/trackunit-a-s\\\/\"]}]}<\/script>\n<!-- \/ Yoast SEO Premium plugin. -->","yoast_head_json":{"title":"Demander une d\u00e9monstration pour d\u00e9couvrir notre plateforme et nos solutions | Trackunit","description":"Suivez l'int\u00e9gralit\u00e9 de votre flotte avec notre logiciel de gestion de flotte. Demandez une d\u00e9monstration \u00e0 Trackunit et explorez votre potentiel.","robots":{"index":"index","follow":"follow","max-snippet":"max-snippet:-1","max-image-preview":"max-image-preview:large","max-video-preview":"max-video-preview:-1"},"canonical":"https:\/\/trackunit.com\/fr\/demander-une-demonstration\/","og_locale":"fr_FR","og_type":"article","og_title":"Demander une d\u00e9monstration pour d\u00e9couvrir notre plateforme et nos solutions | Trackunit","og_description":"Discutons pour explorer votre potentiel de connectivit\u00e9. Suivez l'int\u00e9gralit\u00e9 de votre flotte avec notre logiciel de gestion de flotte.","og_url":"https:\/\/trackunit.com\/fr\/demander-une-demonstration\/","og_site_name":"Trackunit","article_publisher":"https:\/\/www.facebook.com\/Trackunit.official","article_modified_time":"2025-12-03T06:53:34+00:00","og_image":[{"width":1200,"height":628,"url":"https:\/\/trackunit.com\/wp-content\/uploads\/2022\/06\/featured-trackunit_home-1200x628-1.jpg","type":"image\/jpeg"}],"twitter_card":"summary_large_image","twitter_title":"Demander une d\u00e9monstration pour d\u00e9couvrir notre plateforme et nos solutions | Trackunit","twitter_description":"Discutons pour explorer votre potentiel de connectivit\u00e9. Suivez l'int\u00e9gralit\u00e9 de votre flotte avec notre logiciel de gestion de flotte.","twitter_site":"@trackunit","twitter_misc":{"Dur\u00e9e de lecture estim\u00e9e":"15 minutes"},"schema":{"@context":"https:\/\/schema.org","@graph":[{"@type":"WebPage","@id":"https:\/\/trackunit.com\/fr\/demander-une-demonstration\/","url":"https:\/\/trackunit.com\/fr\/demander-une-demonstration\/","name":"Demander une d\u00e9monstration pour d\u00e9couvrir notre plateforme et nos solutions | Trackunit","isPartOf":{"@id":"https:\/\/trackunit.com\/fr\/#website"},"datePublished":"2022-05-14T18:33:11+00:00","dateModified":"2025-12-03T06:53:34+00:00","description":"Suivez l'int\u00e9gralit\u00e9 de votre flotte avec notre logiciel de gestion de flotte. Demandez une d\u00e9monstration \u00e0 Trackunit et explorez votre potentiel.","breadcrumb":{"@id":"https:\/\/trackunit.com\/fr\/demander-une-demonstration\/#breadcrumb"},"inLanguage":"fr-FR","potentialAction":[{"@type":"ReadAction","target":["https:\/\/trackunit.com\/fr\/demander-une-demonstration\/"]}]},{"@type":"BreadcrumbList","@id":"https:\/\/trackunit.com\/fr\/demander-une-demonstration\/#breadcrumb","itemListElement":[{"@type":"ListItem","position":1,"name":"Home","item":"https:\/\/trackunit.com\/fr\/frontpage\/"},{"@type":"ListItem","position":2,"name":"Demander une d\u00e9monstration"}]},{"@type":"WebSite","@id":"https:\/\/trackunit.com\/fr\/#website","url":"https:\/\/trackunit.com\/fr\/","name":"Trackunit","description":"La plateforme leader de la t\u00e9l\u00e9matique et de la gestion de flotte","publisher":{"@id":"https:\/\/trackunit.com\/fr\/#organization"},"potentialAction":[{"@type":"SearchAction","target":{"@type":"EntryPoint","urlTemplate":"https:\/\/trackunit.com\/fr\/?s={search_term_string}"},"query-input":{"@type":"PropertyValueSpecification","valueRequired":true,"valueName":"search_term_string"}}],"inLanguage":"fr-FR"},{"@type":"Organization","@id":"https:\/\/trackunit.com\/fr\/#organization","name":"Trackunit","url":"https:\/\/trackunit.com\/fr\/","logo":{"@type":"ImageObject","inLanguage":"fr-FR","@id":"https:\/\/trackunit.com\/fr\/#\/schema\/logo\/image\/","url":"https:\/\/trackunit.com\/wp-content\/uploads\/2022\/06\/trackunit_logotype_rgb_red.png","contentUrl":"https:\/\/trackunit.com\/wp-content\/uploads\/2022\/06\/trackunit_logotype_rgb_red.png","width":2824,"height":693,"caption":"Trackunit"},"image":{"@id":"https:\/\/trackunit.com\/fr\/#\/schema\/logo\/image\/"},"sameAs":["https:\/\/www.facebook.com\/Trackunit.official","https:\/\/x.com\/trackunit","https:\/\/www.linkedin.com\/company\/trackunit-a-s\/"]}]}},"_links":{"self":[{"href":"https:\/\/trackunit.com\/fr\/wp-json\/wp\/v2\/pages\/28285","targetHints":{"allow":["GET"]}}],"collection":[{"href":"https:\/\/trackunit.com\/fr\/wp-json\/wp\/v2\/pages"}],"about":[{"href":"https:\/\/trackunit.com\/fr\/wp-json\/wp\/v2\/types\/page"}],"author":[{"embeddable":true,"href":"https:\/\/trackunit.com\/fr\/wp-json\/wp\/v2\/users\/10"}],"replies":[{"embeddable":true,"href":"https:\/\/trackunit.com\/fr\/wp-json\/wp\/v2\/comments?post=28285"}],"version-history":[{"count":0,"href":"https:\/\/trackunit.com\/fr\/wp-json\/wp\/v2\/pages\/28285\/revisions"}],"wp:attachment":[{"href":"https:\/\/trackunit.com\/fr\/wp-json\/wp\/v2\/media?parent=28285"}],"wp:term":[{"taxonomy":"category","embeddable":true,"href":"https:\/\/trackunit.com\/fr\/wp-json\/wp\/v2\/categories?post=28285"},{"taxonomy":"post_tag","embeddable":true,"href":"https:\/\/trackunit.com\/fr\/wp-json\/wp\/v2\/tags?post=28285"}],"curies":[{"name":"wp","href":"https:\/\/api.w.org\/{rel}","templated":true}]}}