{"id":27870,"date":"2022-03-14T10:08:49","date_gmt":"2022-03-14T09:08:49","guid":{"rendered":"https:\/\/trackunit.com\/reserver-une-consultation\/"},"modified":"2025-11-27T09:23:29","modified_gmt":"2025-11-27T08:23:29","slug":"reserver-une-consultation","status":"publish","type":"page","link":"https:\/\/trackunit.com\/fr\/reserver-une-consultation\/","title":{"rendered":"R\u00e9server une d\u00e9monstration"},"content":{"rendered":"\t\t<div data-elementor-type=\"wp-page\" data-elementor-id=\"27870\" class=\"elementor elementor-27870 elementor-1378\" data-elementor-post-type=\"page\">\n\t\t\t\t<div class=\"elementor-element elementor-element-4b22376 e-flex e-con-boxed e-con e-parent\" data-id=\"4b22376\" data-element_type=\"container\" data-e-type=\"container\">\n\t\t\t\t\t<div class=\"e-con-inner\">\n\t\t<div class=\"elementor-element elementor-element-6c9a311 e-con-full e-flex e-con e-child\" data-id=\"6c9a311\" data-element_type=\"container\" data-e-type=\"container\" data-settings=\"{&quot;background_background&quot;:&quot;classic&quot;}\">\n\t\t\t\t<div class=\"elementor-element elementor-element-f5f601a elementor-widget elementor-widget-text-editor\" data-id=\"f5f601a\" data-element_type=\"widget\" data-e-type=\"widget\" data-widget_type=\"text-editor.default\">\n\t\t\t\t<div class=\"elementor-widget-container\">\n\t\t\t\t\t\t\t\t\tConnectons <span style=\"color: #f9423a;\">nous<\/span>\t\t\t\t\t\t\t\t<\/div>\n\t\t\t\t<\/div>\n\t\t\t\t<div class=\"elementor-element elementor-element-30bbaf5 elementor-widget__width-initial elementor-widget elementor-widget-text-editor\" data-id=\"30bbaf5\" data-element_type=\"widget\" data-e-type=\"widget\" data-widget_type=\"text-editor.default\">\n\t\t\t\t<div class=\"elementor-widget-container\">\n\t\t\t\t\t\t\t\t\tD\u00e9couvrez comment les entreprises comme la v\u00f4tre trouvent des solutions avec Trackunit\t\t\t\t\t\t\t\t<\/div>\n\t\t\t\t<\/div>\n\t\t\t\t<div class=\"elementor-element elementor-element-d27957a elementor-widget elementor-widget-template\" data-id=\"d27957a\" data-element_type=\"widget\" data-e-type=\"widget\" data-widget_type=\"template.default\">\n\t\t\t\t<div class=\"elementor-widget-container\">\n\t\t\t\t\t\t\t<div class=\"elementor-template\">\n\t\t\t\t\t<div data-elementor-type=\"container\" data-elementor-id=\"56305\" class=\"elementor elementor-56305\" data-elementor-post-type=\"elementor_library\">\n\t\t\t\t<div class=\"elementor-element elementor-element-64953e7 e-con-full e-flex e-con e-parent\" data-id=\"64953e7\" data-element_type=\"container\" data-e-type=\"container\">\n\t\t\t\t<div class=\"elementor-element elementor-element-40ab67f elementor-widget elementor-widget-html\" data-id=\"40ab67f\" data-element_type=\"widget\" data-e-type=\"widget\" data-widget_type=\"html.default\">\n\t\t\t\t<div class=\"elementor-widget-container\">\n\t\t\t\t\t<script src=\"https:\/\/js-eu1.hsforms.net\/forms\/embed\/developer\/25191051.js\" defer><\/script>\n<div class=\"hs-form-html\" data-region=\"eu1\" data-form-id=\"b60d3039-ee6f-48d9-a53e-caec469ba29d\" data-portal-id=\"25191051\"><\/div>\t\t\t\t<\/div>\n\t\t\t\t<\/div>\n\t\t\t\t<\/div>\n\t\t\t\t<\/div>\n\t\t\t\t<\/div>\n\t\t\t\t\t\t<\/div>\n\t\t\t\t<\/div>\n\t\t\t\t<\/div>\n\t\t\t\t\t<\/div>\n\t\t\t\t<\/div>\n\t\t\t\t<\/div>\n\t\t","protected":false},"excerpt":{"rendered":"<p>Connectons nousD\u00e9couvrez comment les entreprises comme la v\u00f4tre trouvent des solutions avec Trackunit<\/p>\n","protected":false},"author":1,"featured_media":28434,"parent":0,"menu_order":0,"comment_status":"closed","ping_status":"closed","template":"","meta":{"_acf_changed":false,"content-type":"","inline_featured_image":false,"footnotes":""},"categories":[],"tags":[],"class_list":["post-27870","page","type-page","status-publish","has-post-thumbnail","hentry"],"acf":[],"yoast_head":"<!-- This site is optimized with the Yoast SEO Premium plugin v27.2 (Yoast SEO v27.2) - https:\/\/yoast.com\/product\/yoast-seo-premium-wordpress\/ -->\n<title>R\u00e9server une d\u00e9monstration - Trackunit<\/title>\n<meta name=\"description\" content=\"Nos experts sont pr\u00eats \u00e0 vous aider \u00e0 vous lancer. Suivez et optimisez votre flotte, votre mat\u00e9riel et vos \u00e9quipements et num\u00e9risez votre syst\u00e8me de gestion de flotte.\" \/>\n<meta name=\"robots\" content=\"index, follow, max-snippet:-1, max-image-preview:large, max-video-preview:-1\" \/>\n<link rel=\"canonical\" href=\"https:\/\/trackunit.com\/fr\/reserver-une-consultation\/\" \/>\n<meta property=\"og:locale\" content=\"fr_FR\" \/>\n<meta property=\"og:type\" content=\"article\" \/>\n<meta property=\"og:title\" content=\"R\u00e9server une d\u00e9monstration - Trackunit\" \/>\n<meta property=\"og:description\" content=\"Nos experts sont pr\u00eats \u00e0 vous aider \u00e0 vous lancer. Suivez et optimisez votre flotte, votre mat\u00e9riel et vos \u00e9quipements et num\u00e9risez votre syst\u00e8me de gestion de flotte.\" \/>\n<meta property=\"og:url\" content=\"https:\/\/trackunit.com\/fr\/reserver-une-consultation\/\" \/>\n<meta property=\"og:site_name\" content=\"Trackunit\" \/>\n<meta property=\"article:publisher\" content=\"https:\/\/www.facebook.com\/Trackunit.official\" \/>\n<meta property=\"article:modified_time\" content=\"2025-11-27T08:23:29+00:00\" \/>\n<meta property=\"og:image\" content=\"https:\/\/trackunit.com\/wp-content\/uploads\/2022\/07\/office_depot-1200x628-1.jpg\" \/>\n\t<meta property=\"og:image:width\" content=\"1200\" \/>\n\t<meta property=\"og:image:height\" content=\"628\" \/>\n\t<meta property=\"og:image:type\" content=\"image\/jpeg\" \/>\n<meta name=\"twitter:card\" content=\"summary_large_image\" \/>\n<meta name=\"twitter:title\" content=\"R\u00e9server une d\u00e9monstration - Trackunit\" \/>\n<meta name=\"twitter:site\" content=\"@trackunit\" \/>\n<meta name=\"twitter:label1\" content=\"Dur\u00e9e de lecture estim\u00e9e\" \/>\n\t<meta name=\"twitter:data1\" content=\"15 minutes\" \/>\n<script type=\"application\/ld+json\" class=\"yoast-schema-graph\">{\"@context\":\"https:\/\/schema.org\",\"@graph\":[{\"@type\":\"WebPage\",\"@id\":\"https:\/\/trackunit.com\/fr\/reserver-une-consultation\/\",\"url\":\"https:\/\/trackunit.com\/fr\/reserver-une-consultation\/\",\"name\":\"R\u00e9server une d\u00e9monstration - Trackunit\",\"isPartOf\":{\"@id\":\"https:\/\/trackunit.com\/fr\/#website\"},\"primaryImageOfPage\":{\"@id\":\"https:\/\/trackunit.com\/fr\/reserver-une-consultation\/#primaryimage\"},\"image\":{\"@id\":\"https:\/\/trackunit.com\/fr\/reserver-une-consultation\/#primaryimage\"},\"thumbnailUrl\":\"https:\/\/trackunit.com\/wp-content\/uploads\/2022\/07\/office_depot-1200x628-1.jpg\",\"datePublished\":\"2022-03-14T09:08:49+00:00\",\"dateModified\":\"2025-11-27T08:23:29+00:00\",\"description\":\"Nos experts sont pr\u00eats \u00e0 vous aider \u00e0 vous lancer. Suivez et optimisez votre flotte, votre mat\u00e9riel et vos \u00e9quipements et num\u00e9risez votre syst\u00e8me de gestion de flotte.\",\"breadcrumb\":{\"@id\":\"https:\/\/trackunit.com\/fr\/reserver-une-consultation\/#breadcrumb\"},\"inLanguage\":\"fr-FR\",\"potentialAction\":[{\"@type\":\"ReadAction\",\"target\":[\"https:\/\/trackunit.com\/fr\/reserver-une-consultation\/\"]}]},{\"@type\":\"ImageObject\",\"inLanguage\":\"fr-FR\",\"@id\":\"https:\/\/trackunit.com\/fr\/reserver-une-consultation\/#primaryimage\",\"url\":\"https:\/\/trackunit.com\/wp-content\/uploads\/2022\/07\/office_depot-1200x628-1.jpg\",\"contentUrl\":\"https:\/\/trackunit.com\/wp-content\/uploads\/2022\/07\/office_depot-1200x628-1.jpg\",\"width\":1200,\"height\":628},{\"@type\":\"BreadcrumbList\",\"@id\":\"https:\/\/trackunit.com\/fr\/reserver-une-consultation\/#breadcrumb\",\"itemListElement\":[{\"@type\":\"ListItem\",\"position\":1,\"name\":\"Home\",\"item\":\"https:\/\/trackunit.com\/fr\/frontpage\/\"},{\"@type\":\"ListItem\",\"position\":2,\"name\":\"R\u00e9server une d\u00e9monstration\"}]},{\"@type\":\"WebSite\",\"@id\":\"https:\/\/trackunit.com\/fr\/#website\",\"url\":\"https:\/\/trackunit.com\/fr\/\",\"name\":\"Trackunit\",\"description\":\"La plateforme leader de la t\u00e9l\u00e9matique et de la gestion de flotte\",\"publisher\":{\"@id\":\"https:\/\/trackunit.com\/fr\/#organization\"},\"potentialAction\":[{\"@type\":\"SearchAction\",\"target\":{\"@type\":\"EntryPoint\",\"urlTemplate\":\"https:\/\/trackunit.com\/fr\/?s={search_term_string}\"},\"query-input\":{\"@type\":\"PropertyValueSpecification\",\"valueRequired\":true,\"valueName\":\"search_term_string\"}}],\"inLanguage\":\"fr-FR\"},{\"@type\":\"Organization\",\"@id\":\"https:\/\/trackunit.com\/fr\/#organization\",\"name\":\"Trackunit\",\"url\":\"https:\/\/trackunit.com\/fr\/\",\"logo\":{\"@type\":\"ImageObject\",\"inLanguage\":\"fr-FR\",\"@id\":\"https:\/\/trackunit.com\/fr\/#\/schema\/logo\/image\/\",\"url\":\"https:\/\/trackunit.com\/wp-content\/uploads\/2022\/06\/trackunit_logotype_rgb_red.png\",\"contentUrl\":\"https:\/\/trackunit.com\/wp-content\/uploads\/2022\/06\/trackunit_logotype_rgb_red.png\",\"width\":2824,\"height\":693,\"caption\":\"Trackunit\"},\"image\":{\"@id\":\"https:\/\/trackunit.com\/fr\/#\/schema\/logo\/image\/\"},\"sameAs\":[\"https:\/\/www.facebook.com\/Trackunit.official\",\"https:\/\/x.com\/trackunit\",\"https:\/\/www.linkedin.com\/company\/trackunit-a-s\/\"]}]}<\/script>\n<!-- \/ Yoast SEO Premium plugin. -->","yoast_head_json":{"title":"R\u00e9server une d\u00e9monstration - Trackunit","description":"Nos experts sont pr\u00eats \u00e0 vous aider \u00e0 vous lancer. Suivez et optimisez votre flotte, votre mat\u00e9riel et vos \u00e9quipements et num\u00e9risez votre syst\u00e8me de gestion de flotte.","robots":{"index":"index","follow":"follow","max-snippet":"max-snippet:-1","max-image-preview":"max-image-preview:large","max-video-preview":"max-video-preview:-1"},"canonical":"https:\/\/trackunit.com\/fr\/reserver-une-consultation\/","og_locale":"fr_FR","og_type":"article","og_title":"R\u00e9server une d\u00e9monstration - Trackunit","og_description":"Nos experts sont pr\u00eats \u00e0 vous aider \u00e0 vous lancer. Suivez et optimisez votre flotte, votre mat\u00e9riel et vos \u00e9quipements et num\u00e9risez votre syst\u00e8me de gestion de flotte.","og_url":"https:\/\/trackunit.com\/fr\/reserver-une-consultation\/","og_site_name":"Trackunit","article_publisher":"https:\/\/www.facebook.com\/Trackunit.official","article_modified_time":"2025-11-27T08:23:29+00:00","og_image":[{"width":1200,"height":628,"url":"https:\/\/trackunit.com\/wp-content\/uploads\/2022\/07\/office_depot-1200x628-1.jpg","type":"image\/jpeg"}],"twitter_card":"summary_large_image","twitter_title":"R\u00e9server une d\u00e9monstration - Trackunit","twitter_site":"@trackunit","twitter_misc":{"Dur\u00e9e de lecture estim\u00e9e":"15 minutes"},"schema":{"@context":"https:\/\/schema.org","@graph":[{"@type":"WebPage","@id":"https:\/\/trackunit.com\/fr\/reserver-une-consultation\/","url":"https:\/\/trackunit.com\/fr\/reserver-une-consultation\/","name":"R\u00e9server une d\u00e9monstration - Trackunit","isPartOf":{"@id":"https:\/\/trackunit.com\/fr\/#website"},"primaryImageOfPage":{"@id":"https:\/\/trackunit.com\/fr\/reserver-une-consultation\/#primaryimage"},"image":{"@id":"https:\/\/trackunit.com\/fr\/reserver-une-consultation\/#primaryimage"},"thumbnailUrl":"https:\/\/trackunit.com\/wp-content\/uploads\/2022\/07\/office_depot-1200x628-1.jpg","datePublished":"2022-03-14T09:08:49+00:00","dateModified":"2025-11-27T08:23:29+00:00","description":"Nos experts sont pr\u00eats \u00e0 vous aider \u00e0 vous lancer. Suivez et optimisez votre flotte, votre mat\u00e9riel et vos \u00e9quipements et num\u00e9risez votre syst\u00e8me de gestion de flotte.","breadcrumb":{"@id":"https:\/\/trackunit.com\/fr\/reserver-une-consultation\/#breadcrumb"},"inLanguage":"fr-FR","potentialAction":[{"@type":"ReadAction","target":["https:\/\/trackunit.com\/fr\/reserver-une-consultation\/"]}]},{"@type":"ImageObject","inLanguage":"fr-FR","@id":"https:\/\/trackunit.com\/fr\/reserver-une-consultation\/#primaryimage","url":"https:\/\/trackunit.com\/wp-content\/uploads\/2022\/07\/office_depot-1200x628-1.jpg","contentUrl":"https:\/\/trackunit.com\/wp-content\/uploads\/2022\/07\/office_depot-1200x628-1.jpg","width":1200,"height":628},{"@type":"BreadcrumbList","@id":"https:\/\/trackunit.com\/fr\/reserver-une-consultation\/#breadcrumb","itemListElement":[{"@type":"ListItem","position":1,"name":"Home","item":"https:\/\/trackunit.com\/fr\/frontpage\/"},{"@type":"ListItem","position":2,"name":"R\u00e9server une d\u00e9monstration"}]},{"@type":"WebSite","@id":"https:\/\/trackunit.com\/fr\/#website","url":"https:\/\/trackunit.com\/fr\/","name":"Trackunit","description":"La plateforme leader de la t\u00e9l\u00e9matique et de la gestion de flotte","publisher":{"@id":"https:\/\/trackunit.com\/fr\/#organization"},"potentialAction":[{"@type":"SearchAction","target":{"@type":"EntryPoint","urlTemplate":"https:\/\/trackunit.com\/fr\/?s={search_term_string}"},"query-input":{"@type":"PropertyValueSpecification","valueRequired":true,"valueName":"search_term_string"}}],"inLanguage":"fr-FR"},{"@type":"Organization","@id":"https:\/\/trackunit.com\/fr\/#organization","name":"Trackunit","url":"https:\/\/trackunit.com\/fr\/","logo":{"@type":"ImageObject","inLanguage":"fr-FR","@id":"https:\/\/trackunit.com\/fr\/#\/schema\/logo\/image\/","url":"https:\/\/trackunit.com\/wp-content\/uploads\/2022\/06\/trackunit_logotype_rgb_red.png","contentUrl":"https:\/\/trackunit.com\/wp-content\/uploads\/2022\/06\/trackunit_logotype_rgb_red.png","width":2824,"height":693,"caption":"Trackunit"},"image":{"@id":"https:\/\/trackunit.com\/fr\/#\/schema\/logo\/image\/"},"sameAs":["https:\/\/www.facebook.com\/Trackunit.official","https:\/\/x.com\/trackunit","https:\/\/www.linkedin.com\/company\/trackunit-a-s\/"]}]}},"_links":{"self":[{"href":"https:\/\/trackunit.com\/fr\/wp-json\/wp\/v2\/pages\/27870","targetHints":{"allow":["GET"]}}],"collection":[{"href":"https:\/\/trackunit.com\/fr\/wp-json\/wp\/v2\/pages"}],"about":[{"href":"https:\/\/trackunit.com\/fr\/wp-json\/wp\/v2\/types\/page"}],"author":[{"embeddable":true,"href":"https:\/\/trackunit.com\/fr\/wp-json\/wp\/v2\/users\/1"}],"replies":[{"embeddable":true,"href":"https:\/\/trackunit.com\/fr\/wp-json\/wp\/v2\/comments?post=27870"}],"version-history":[{"count":0,"href":"https:\/\/trackunit.com\/fr\/wp-json\/wp\/v2\/pages\/27870\/revisions"}],"wp:featuredmedia":[{"embeddable":true,"href":"https:\/\/trackunit.com\/fr\/wp-json\/wp\/v2\/media\/28434"}],"wp:attachment":[{"href":"https:\/\/trackunit.com\/fr\/wp-json\/wp\/v2\/media?parent=27870"}],"wp:term":[{"taxonomy":"category","embeddable":true,"href":"https:\/\/trackunit.com\/fr\/wp-json\/wp\/v2\/categories?post=27870"},{"taxonomy":"post_tag","embeddable":true,"href":"https:\/\/trackunit.com\/fr\/wp-json\/wp\/v2\/tags?post=27870"}],"curies":[{"name":"wp","href":"https:\/\/api.w.org\/{rel}","templated":true}]}}