{"id":27849,"date":"2022-05-05T08:39:41","date_gmt":"2022-05-05T06:39:41","guid":{"rendered":"https:\/\/trackunit.com\/obtenir-un-devis\/"},"modified":"2025-12-03T09:22:44","modified_gmt":"2025-12-03T08:22:44","slug":"obtenir-un-devis","status":"publish","type":"page","link":"https:\/\/trackunit.com\/fr\/obtenir-un-devis\/","title":{"rendered":"Obtenir un devis"},"content":{"rendered":"\t\t<div data-elementor-type=\"wp-page\" data-elementor-id=\"27849\" class=\"elementor elementor-27849 elementor-8327\" data-elementor-post-type=\"page\">\n\t\t\t\t<div class=\"elementor-element elementor-element-1a557d9 e-flex e-con-boxed e-con e-parent\" data-id=\"1a557d9\" data-element_type=\"container\" data-e-type=\"container\">\n\t\t\t\t\t<div class=\"e-con-inner\">\n\t\t<div class=\"elementor-element elementor-element-2fbe4be e-con-full e-flex e-con e-child\" data-id=\"2fbe4be\" data-element_type=\"container\" data-e-type=\"container\" data-settings=\"{&quot;background_background&quot;:&quot;classic&quot;}\">\n\t\t\t\t<div class=\"elementor-element elementor-element-22e7082 elementor-widget elementor-widget-text-editor\" data-id=\"22e7082\" data-element_type=\"widget\" data-e-type=\"widget\" data-widget_type=\"text-editor.default\">\n\t\t\t\t<div class=\"elementor-widget-container\">\n\t\t\t\t\t\t\t\t\tObtenir un <span style=\"color: #f9423a;\">devis<\/span>\n\n\t\t\t\t\t\t\t\t<\/div>\n\t\t\t\t<\/div>\n\t\t\t\t<div class=\"elementor-element elementor-element-f39b49f elementor-widget__width-initial elementor-widget elementor-widget-text-editor\" data-id=\"f39b49f\" data-element_type=\"widget\" data-e-type=\"widget\" data-widget_type=\"text-editor.default\">\n\t\t\t\t<div class=\"elementor-widget-container\">\n\t\t\t\t\t\t\t\t\t<p>Discutons pour trouver la bonne solution pour votre entreprise. Exploitez la valeur des donn\u00e9es de vos machines de mani\u00e8re innovante et acc\u00e9l\u00e9rez votre d\u00e9marche pour \u00e9liminer les temps d\u2019arr\u00eat.<\/p>\t\t\t\t\t\t\t\t<\/div>\n\t\t\t\t<\/div>\n\t\t\t\t<div class=\"elementor-element elementor-element-c57943a elementor-widget elementor-widget-template\" data-id=\"c57943a\" data-element_type=\"widget\" data-e-type=\"widget\" data-widget_type=\"template.default\">\n\t\t\t\t<div class=\"elementor-widget-container\">\n\t\t\t\t\t\t\t<div class=\"elementor-template\">\n\t\t\t\t\t<div data-elementor-type=\"container\" data-elementor-id=\"51081\" class=\"elementor elementor-51081\" data-elementor-post-type=\"elementor_library\">\n\t\t\t\t<div class=\"elementor-element elementor-element-ebd8bfd e-con-full e-flex e-con e-parent\" data-id=\"ebd8bfd\" data-element_type=\"container\" data-e-type=\"container\">\n\t\t\t\t<div class=\"elementor-element elementor-element-72653ef elementor-widget elementor-widget-html\" data-id=\"72653ef\" data-element_type=\"widget\" data-e-type=\"widget\" data-widget_type=\"html.default\">\n\t\t\t\t<div class=\"elementor-widget-container\">\n\t\t\t\t\t<script src=\"https:\/\/js-eu1.hsforms.net\/forms\/embed\/developer\/25191051.js\" defer><\/script>\n<div class=\"hs-form-html\" data-region=\"eu1\" data-form-id=\"46c24a3b-01bd-43a7-bb75-d6e526a91159\" data-portal-id=\"25191051\"><\/div>\t\t\t\t<\/div>\n\t\t\t\t<\/div>\n\t\t\t\t<\/div>\n\t\t\t\t<\/div>\n\t\t\t\t<\/div>\n\t\t\t\t\t\t<\/div>\n\t\t\t\t<\/div>\n\t\t\t\t<\/div>\n\t\t\t\t\t<\/div>\n\t\t\t\t<\/div>\n\t\t\t\t<\/div>\n\t\t","protected":false},"excerpt":{"rendered":"<p>Obtenir un devis Discutons pour trouver la bonne solution pour votre entreprise. Exploitez la valeur des donn\u00e9es de vos machines de mani\u00e8re innovante et acc\u00e9l\u00e9rez votre d\u00e9marche pour \u00e9liminer les temps d\u2019arr\u00eat.<\/p>\n","protected":false},"author":10,"featured_media":28576,"parent":0,"menu_order":0,"comment_status":"closed","ping_status":"closed","template":"","meta":{"_acf_changed":false,"content-type":"","inline_featured_image":false,"footnotes":""},"categories":[],"tags":[],"class_list":["post-27849","page","type-page","status-publish","has-post-thumbnail","hentry"],"acf":[],"yoast_head":"<!-- This site is optimized with the Yoast SEO Premium plugin v27.2 (Yoast SEO v27.2) - https:\/\/yoast.com\/product\/yoast-seo-premium-wordpress\/ -->\n<title>Discutons - Obtenez un devis gratuit | Trackunit<\/title>\n<meta name=\"description\" content=\"Obtenez un devis gratuit d\u00e8s aujourd&#039;hui. Exploitez la valeur des donn\u00e9es de vos machines de mani\u00e8re innovante. Discutons pour trouver la bonne solution pour vous\" \/>\n<meta name=\"robots\" content=\"index, follow, max-snippet:-1, max-image-preview:large, max-video-preview:-1\" \/>\n<link rel=\"canonical\" href=\"https:\/\/trackunit.com\/fr\/obtenir-un-devis\/\" \/>\n<meta property=\"og:locale\" content=\"fr_FR\" \/>\n<meta property=\"og:type\" content=\"article\" \/>\n<meta property=\"og:title\" content=\"Discutons - Obtenez un devis gratuit | Trackunit\" \/>\n<meta property=\"og:description\" content=\"Obtenez un devis gratuit d\u00e8s aujourd&#039;hui. Exploitez la valeur des donn\u00e9es de vos machines de mani\u00e8re innovante. Discutons pour trouver la bonne solution pour vous\" \/>\n<meta property=\"og:url\" content=\"https:\/\/trackunit.com\/fr\/obtenir-un-devis\/\" \/>\n<meta property=\"og:site_name\" content=\"Trackunit\" \/>\n<meta property=\"article:publisher\" content=\"https:\/\/www.facebook.com\/Trackunit.official\" \/>\n<meta property=\"article:modified_time\" content=\"2025-12-03T08:22:44+00:00\" \/>\n<meta property=\"og:image\" content=\"https:\/\/trackunit.com\/wp-content\/uploads\/2022\/07\/construction-trackunit-1200x628-v3.jpg\" \/>\n\t<meta property=\"og:image:width\" content=\"1200\" \/>\n\t<meta property=\"og:image:height\" content=\"628\" \/>\n\t<meta property=\"og:image:type\" content=\"image\/jpeg\" \/>\n<meta name=\"twitter:card\" content=\"summary_large_image\" \/>\n<meta name=\"twitter:title\" content=\"Discutons - Obtenez un devis gratuit | Trackunit\" \/>\n<meta name=\"twitter:site\" content=\"@trackunit\" \/>\n<meta name=\"twitter:label1\" content=\"Dur\u00e9e de lecture estim\u00e9e\" \/>\n\t<meta name=\"twitter:data1\" content=\"15 minutes\" \/>\n<script type=\"application\/ld+json\" class=\"yoast-schema-graph\">{\"@context\":\"https:\/\/schema.org\",\"@graph\":[{\"@type\":\"WebPage\",\"@id\":\"https:\/\/trackunit.com\/fr\/obtenir-un-devis\/\",\"url\":\"https:\/\/trackunit.com\/fr\/obtenir-un-devis\/\",\"name\":\"Discutons - Obtenez un devis gratuit | Trackunit\",\"isPartOf\":{\"@id\":\"https:\/\/trackunit.com\/fr\/#website\"},\"primaryImageOfPage\":{\"@id\":\"https:\/\/trackunit.com\/fr\/obtenir-un-devis\/#primaryimage\"},\"image\":{\"@id\":\"https:\/\/trackunit.com\/fr\/obtenir-un-devis\/#primaryimage\"},\"thumbnailUrl\":\"https:\/\/trackunit.com\/wp-content\/uploads\/2022\/07\/construction-trackunit-1200x628-v3.jpg\",\"datePublished\":\"2022-05-05T06:39:41+00:00\",\"dateModified\":\"2025-12-03T08:22:44+00:00\",\"description\":\"Obtenez un devis gratuit d\u00e8s aujourd'hui. Exploitez la valeur des donn\u00e9es de vos machines de mani\u00e8re innovante. Discutons pour trouver la bonne solution pour vous\",\"breadcrumb\":{\"@id\":\"https:\/\/trackunit.com\/fr\/obtenir-un-devis\/#breadcrumb\"},\"inLanguage\":\"fr-FR\",\"potentialAction\":[{\"@type\":\"ReadAction\",\"target\":[\"https:\/\/trackunit.com\/fr\/obtenir-un-devis\/\"]}]},{\"@type\":\"ImageObject\",\"inLanguage\":\"fr-FR\",\"@id\":\"https:\/\/trackunit.com\/fr\/obtenir-un-devis\/#primaryimage\",\"url\":\"https:\/\/trackunit.com\/wp-content\/uploads\/2022\/07\/construction-trackunit-1200x628-v3.jpg\",\"contentUrl\":\"https:\/\/trackunit.com\/wp-content\/uploads\/2022\/07\/construction-trackunit-1200x628-v3.jpg\",\"width\":1200,\"height\":628},{\"@type\":\"BreadcrumbList\",\"@id\":\"https:\/\/trackunit.com\/fr\/obtenir-un-devis\/#breadcrumb\",\"itemListElement\":[{\"@type\":\"ListItem\",\"position\":1,\"name\":\"Home\",\"item\":\"https:\/\/trackunit.com\/fr\/frontpage\/\"},{\"@type\":\"ListItem\",\"position\":2,\"name\":\"Obtenir un devis\"}]},{\"@type\":\"WebSite\",\"@id\":\"https:\/\/trackunit.com\/fr\/#website\",\"url\":\"https:\/\/trackunit.com\/fr\/\",\"name\":\"Trackunit\",\"description\":\"La plateforme leader de la t\u00e9l\u00e9matique et de la gestion de flotte\",\"publisher\":{\"@id\":\"https:\/\/trackunit.com\/fr\/#organization\"},\"potentialAction\":[{\"@type\":\"SearchAction\",\"target\":{\"@type\":\"EntryPoint\",\"urlTemplate\":\"https:\/\/trackunit.com\/fr\/?s={search_term_string}\"},\"query-input\":{\"@type\":\"PropertyValueSpecification\",\"valueRequired\":true,\"valueName\":\"search_term_string\"}}],\"inLanguage\":\"fr-FR\"},{\"@type\":\"Organization\",\"@id\":\"https:\/\/trackunit.com\/fr\/#organization\",\"name\":\"Trackunit\",\"url\":\"https:\/\/trackunit.com\/fr\/\",\"logo\":{\"@type\":\"ImageObject\",\"inLanguage\":\"fr-FR\",\"@id\":\"https:\/\/trackunit.com\/fr\/#\/schema\/logo\/image\/\",\"url\":\"https:\/\/trackunit.com\/wp-content\/uploads\/2022\/06\/trackunit_logotype_rgb_red.png\",\"contentUrl\":\"https:\/\/trackunit.com\/wp-content\/uploads\/2022\/06\/trackunit_logotype_rgb_red.png\",\"width\":2824,\"height\":693,\"caption\":\"Trackunit\"},\"image\":{\"@id\":\"https:\/\/trackunit.com\/fr\/#\/schema\/logo\/image\/\"},\"sameAs\":[\"https:\/\/www.facebook.com\/Trackunit.official\",\"https:\/\/x.com\/trackunit\",\"https:\/\/www.linkedin.com\/company\/trackunit-a-s\/\"]}]}<\/script>\n<!-- \/ Yoast SEO Premium plugin. -->","yoast_head_json":{"title":"Discutons - Obtenez un devis gratuit | Trackunit","description":"Obtenez un devis gratuit d\u00e8s aujourd'hui. Exploitez la valeur des donn\u00e9es de vos machines de mani\u00e8re innovante. Discutons pour trouver la bonne solution pour vous","robots":{"index":"index","follow":"follow","max-snippet":"max-snippet:-1","max-image-preview":"max-image-preview:large","max-video-preview":"max-video-preview:-1"},"canonical":"https:\/\/trackunit.com\/fr\/obtenir-un-devis\/","og_locale":"fr_FR","og_type":"article","og_title":"Discutons - Obtenez un devis gratuit | Trackunit","og_description":"Obtenez un devis gratuit d\u00e8s aujourd'hui. Exploitez la valeur des donn\u00e9es de vos machines de mani\u00e8re innovante. Discutons pour trouver la bonne solution pour vous","og_url":"https:\/\/trackunit.com\/fr\/obtenir-un-devis\/","og_site_name":"Trackunit","article_publisher":"https:\/\/www.facebook.com\/Trackunit.official","article_modified_time":"2025-12-03T08:22:44+00:00","og_image":[{"width":1200,"height":628,"url":"https:\/\/trackunit.com\/wp-content\/uploads\/2022\/07\/construction-trackunit-1200x628-v3.jpg","type":"image\/jpeg"}],"twitter_card":"summary_large_image","twitter_title":"Discutons - Obtenez un devis gratuit | Trackunit","twitter_site":"@trackunit","twitter_misc":{"Dur\u00e9e de lecture estim\u00e9e":"15 minutes"},"schema":{"@context":"https:\/\/schema.org","@graph":[{"@type":"WebPage","@id":"https:\/\/trackunit.com\/fr\/obtenir-un-devis\/","url":"https:\/\/trackunit.com\/fr\/obtenir-un-devis\/","name":"Discutons - Obtenez un devis gratuit | Trackunit","isPartOf":{"@id":"https:\/\/trackunit.com\/fr\/#website"},"primaryImageOfPage":{"@id":"https:\/\/trackunit.com\/fr\/obtenir-un-devis\/#primaryimage"},"image":{"@id":"https:\/\/trackunit.com\/fr\/obtenir-un-devis\/#primaryimage"},"thumbnailUrl":"https:\/\/trackunit.com\/wp-content\/uploads\/2022\/07\/construction-trackunit-1200x628-v3.jpg","datePublished":"2022-05-05T06:39:41+00:00","dateModified":"2025-12-03T08:22:44+00:00","description":"Obtenez un devis gratuit d\u00e8s aujourd'hui. Exploitez la valeur des donn\u00e9es de vos machines de mani\u00e8re innovante. Discutons pour trouver la bonne solution pour vous","breadcrumb":{"@id":"https:\/\/trackunit.com\/fr\/obtenir-un-devis\/#breadcrumb"},"inLanguage":"fr-FR","potentialAction":[{"@type":"ReadAction","target":["https:\/\/trackunit.com\/fr\/obtenir-un-devis\/"]}]},{"@type":"ImageObject","inLanguage":"fr-FR","@id":"https:\/\/trackunit.com\/fr\/obtenir-un-devis\/#primaryimage","url":"https:\/\/trackunit.com\/wp-content\/uploads\/2022\/07\/construction-trackunit-1200x628-v3.jpg","contentUrl":"https:\/\/trackunit.com\/wp-content\/uploads\/2022\/07\/construction-trackunit-1200x628-v3.jpg","width":1200,"height":628},{"@type":"BreadcrumbList","@id":"https:\/\/trackunit.com\/fr\/obtenir-un-devis\/#breadcrumb","itemListElement":[{"@type":"ListItem","position":1,"name":"Home","item":"https:\/\/trackunit.com\/fr\/frontpage\/"},{"@type":"ListItem","position":2,"name":"Obtenir un devis"}]},{"@type":"WebSite","@id":"https:\/\/trackunit.com\/fr\/#website","url":"https:\/\/trackunit.com\/fr\/","name":"Trackunit","description":"La plateforme leader de la t\u00e9l\u00e9matique et de la gestion de flotte","publisher":{"@id":"https:\/\/trackunit.com\/fr\/#organization"},"potentialAction":[{"@type":"SearchAction","target":{"@type":"EntryPoint","urlTemplate":"https:\/\/trackunit.com\/fr\/?s={search_term_string}"},"query-input":{"@type":"PropertyValueSpecification","valueRequired":true,"valueName":"search_term_string"}}],"inLanguage":"fr-FR"},{"@type":"Organization","@id":"https:\/\/trackunit.com\/fr\/#organization","name":"Trackunit","url":"https:\/\/trackunit.com\/fr\/","logo":{"@type":"ImageObject","inLanguage":"fr-FR","@id":"https:\/\/trackunit.com\/fr\/#\/schema\/logo\/image\/","url":"https:\/\/trackunit.com\/wp-content\/uploads\/2022\/06\/trackunit_logotype_rgb_red.png","contentUrl":"https:\/\/trackunit.com\/wp-content\/uploads\/2022\/06\/trackunit_logotype_rgb_red.png","width":2824,"height":693,"caption":"Trackunit"},"image":{"@id":"https:\/\/trackunit.com\/fr\/#\/schema\/logo\/image\/"},"sameAs":["https:\/\/www.facebook.com\/Trackunit.official","https:\/\/x.com\/trackunit","https:\/\/www.linkedin.com\/company\/trackunit-a-s\/"]}]}},"_links":{"self":[{"href":"https:\/\/trackunit.com\/fr\/wp-json\/wp\/v2\/pages\/27849","targetHints":{"allow":["GET"]}}],"collection":[{"href":"https:\/\/trackunit.com\/fr\/wp-json\/wp\/v2\/pages"}],"about":[{"href":"https:\/\/trackunit.com\/fr\/wp-json\/wp\/v2\/types\/page"}],"author":[{"embeddable":true,"href":"https:\/\/trackunit.com\/fr\/wp-json\/wp\/v2\/users\/10"}],"replies":[{"embeddable":true,"href":"https:\/\/trackunit.com\/fr\/wp-json\/wp\/v2\/comments?post=27849"}],"version-history":[{"count":0,"href":"https:\/\/trackunit.com\/fr\/wp-json\/wp\/v2\/pages\/27849\/revisions"}],"wp:featuredmedia":[{"embeddable":true,"href":"https:\/\/trackunit.com\/fr\/wp-json\/wp\/v2\/media\/28576"}],"wp:attachment":[{"href":"https:\/\/trackunit.com\/fr\/wp-json\/wp\/v2\/media?parent=27849"}],"wp:term":[{"taxonomy":"category","embeddable":true,"href":"https:\/\/trackunit.com\/fr\/wp-json\/wp\/v2\/categories?post=27849"},{"taxonomy":"post_tag","embeddable":true,"href":"https:\/\/trackunit.com\/fr\/wp-json\/wp\/v2\/tags?post=27849"}],"curies":[{"name":"wp","href":"https:\/\/api.w.org\/{rel}","templated":true}]}}