{"id":27423,"date":"2022-05-25T08:52:55","date_gmt":"2022-05-25T06:52:55","guid":{"rendered":"https:\/\/beta.trackunit.com\/politique-de-communication\/"},"modified":"2026-02-19T11:13:44","modified_gmt":"2026-02-19T10:13:44","slug":"politique-de-communication","status":"publish","type":"page","link":"https:\/\/trackunit.com\/fr\/politique-de-communication\/","title":{"rendered":"Politique de communication"},"content":{"rendered":"\t\t<div data-elementor-type=\"wp-page\" data-elementor-id=\"27423\" class=\"elementor elementor-27423 elementor-24627\" data-elementor-post-type=\"page\">\n\t\t\t\t<div class=\"elementor-element elementor-element-b560634 e-flex e-con-boxed e-con e-parent\" data-id=\"b560634\" data-element_type=\"container\" data-e-type=\"container\">\n\t\t\t\t\t<div class=\"e-con-inner\">\n\t\t<div class=\"elementor-element elementor-element-7f4baa2 e-con-full e-flex e-con e-child\" data-id=\"7f4baa2\" data-element_type=\"container\" data-e-type=\"container\">\n\t\t<div class=\"elementor-element elementor-element-339917f e-con-full e-flex e-con e-child\" data-id=\"339917f\" data-element_type=\"container\" data-e-type=\"container\">\n\t\t\t\t<div class=\"elementor-element elementor-element-5fca2c2 elementor-widget__width-auto elementor-widget elementor-widget-heading\" data-id=\"5fca2c2\" data-element_type=\"widget\" data-e-type=\"widget\" data-widget_type=\"heading.default\">\n\t\t\t\t<div class=\"elementor-widget-container\">\n\t\t\t\t\t<div class=\"elementor-heading-title elementor-size-default\">Informations et avis juridiques\u200b\n<\/div>\t\t\t\t<\/div>\n\t\t\t\t<\/div>\n\t\t\t\t<\/div>\n\t\t\t\t<div class=\"elementor-element elementor-element-387dfea elementor-widget-laptop__width-initial elementor-widget__width-initial elementor-widget elementor-widget-heading\" data-id=\"387dfea\" data-element_type=\"widget\" data-e-type=\"widget\" data-widget_type=\"heading.default\">\n\t\t\t\t<div class=\"elementor-widget-container\">\n\t\t\t\t\t<h1 class=\"elementor-heading-title elementor-size-default\">Politique de communication<\/h1>\t\t\t\t<\/div>\n\t\t\t\t<\/div>\n\t\t\t\t<div class=\"elementor-element elementor-element-3d234cb elementor-widget__width-initial elementor-widget elementor-widget-text-editor\" data-id=\"3d234cb\" data-element_type=\"widget\" data-e-type=\"widget\" data-widget_type=\"text-editor.default\">\n\t\t\t\t<div class=\"elementor-widget-container\">\n\t\t\t\t\t\t\t\t\tD\u00e9couvrez comment nous collectons, utilisons et partageons les donn\u00e9es pour personnaliser notre communication.\n\n\t\t\t\t\t\t\t\t<\/div>\n\t\t\t\t<\/div>\n\t\t\t\t<\/div>\n\t\t\t\t<div class=\"elementor-element elementor-element-6ad3e8d elementor-widget elementor-widget-image\" data-id=\"6ad3e8d\" data-element_type=\"widget\" data-e-type=\"widget\" data-widget_type=\"image.default\">\n\t\t\t\t<div class=\"elementor-widget-container\">\n\t\t\t\t\t\t\t\t\t\t\t\t\t\t\t<img fetchpriority=\"high\" decoding=\"async\" width=\"1352\" height=\"570\" src=\"https:\/\/trackunit.com\/wp-content\/uploads\/2025\/07\/standard-banner-1352x570-1.png\" class=\"attachment-full size-full wp-image-51371\" alt=\"\" srcset=\"https:\/\/trackunit.com\/wp-content\/uploads\/2025\/07\/standard-banner-1352x570-1.png 1352w, https:\/\/trackunit.com\/wp-content\/uploads\/2025\/07\/standard-banner-1352x570-1-300x126.png 300w, https:\/\/trackunit.com\/wp-content\/uploads\/2025\/07\/standard-banner-1352x570-1-1024x432.png 1024w, https:\/\/trackunit.com\/wp-content\/uploads\/2025\/07\/standard-banner-1352x570-1-768x324.png 768w\" sizes=\"(max-width: 1352px) 100vw, 1352px\" \/>\t\t\t\t\t\t\t\t\t\t\t\t\t\t\t<\/div>\n\t\t\t\t<\/div>\n\t\t\t\t\t<\/div>\n\t\t\t\t<\/div>\n\t\t<div class=\"elementor-element elementor-element-8f22b94 e-flex e-con-boxed e-con e-parent\" data-id=\"8f22b94\" data-element_type=\"container\" data-e-type=\"container\">\n\t\t\t\t\t<div class=\"e-con-inner\">\n\t\t\t\t<div class=\"elementor-element elementor-element-788de1d elementor-widget elementor-widget-heading\" data-id=\"788de1d\" data-element_type=\"widget\" data-e-type=\"widget\" data-widget_type=\"heading.default\">\n\t\t\t\t<div class=\"elementor-widget-container\">\n\t\t\t\t\t<h2 class=\"elementor-heading-title elementor-size-default\">Vos informations. Notre responsabilit\u00e9\n\n<\/h2>\t\t\t\t<\/div>\n\t\t\t\t<\/div>\n\t\t\t\t<div class=\"elementor-element elementor-element-095a15f elementor-widget elementor-widget-text-editor\" data-id=\"095a15f\" data-element_type=\"widget\" data-e-type=\"widget\" data-widget_type=\"text-editor.default\">\n\t\t\t\t<div class=\"elementor-widget-container\">\n\t\t\t\t\t\t\t\t\t<p>Trackunit ApS et ses soci\u00e9t\u00e9s affili\u00e9es peuvent m\u2019envoyer des communications \u00e9lectroniques, incluant les supports suivants, sans s&rsquo;y limiter&nbsp;: e-mails, SMS, MMS, notifications push, widgets et courrier postal. Les soci\u00e9t\u00e9s sont \u00e9galement autoris\u00e9es \u00e0 me contacter par t\u00e9l\u00e9phone ou tout autre moyen de t\u00e9l\u00e9communication, concernant des produits, campagnes, concours et tout autre support marketing g\u00e9n\u00e9ral. Ceci peut \u00eatre fait par le biais d\u2019applications, r\u00e9seaux sociaux, Internet ou tous autres moyens num\u00e9riques de communication.<\/p>\n<p>Trackunit ApS et ses soci\u00e9t\u00e9s affili\u00e9es peuvent recueillir et utiliser des informations, incluant, sans s&rsquo;y limiter des informations personnelles \u00e0 propos de moi et de mes activit\u00e9s, et les incorporer dans d\u2019autres informations, que Trackunit ApS et ses soci\u00e9t\u00e9s affili\u00e9es re\u00e7oivent d\u2019autres sources, y compris les cookies recueillis \u00e0 partir d\u2019autres sites Web. Trackunit ApS et ses soci\u00e9t\u00e9s affili\u00e9es peuvent utiliser ces informations pour cr\u00e9er un profil me concernant, qui peuvent \u00eatre utilis\u00e9es pour me proposer un marketing sp\u00e9cifique cibl\u00e9.<\/p>\n<p>Trackunit ApS et ses soci\u00e9t\u00e9s affili\u00e9es peuvent partager des informations, incluant mais sans s&rsquo;y limiter des informations personnelles \u00e0 propos de moi et de mes activit\u00e9s, en interne avec Trackunit ApS et ses soci\u00e9t\u00e9s affili\u00e9es, et les partager avec les sous-traitants et partenaires commerciaux de Trackunit ApS et\/ou ses soci\u00e9t\u00e9s affili\u00e9es.<\/p>\n<p>Toutes les informations me concernant seront en tout temps stock\u00e9es chez Trackunit ApS et ses soci\u00e9t\u00e9s affili\u00e9es ou leurs fournisseurs de stockage. J&rsquo;ai \u00e0 tout moment le droit de contacter Trackunit ApS et ses soci\u00e9t\u00e9s affili\u00e9es en cas de questions concernant mes informations et mes activit\u00e9s.<br \/>Je peux \u00e0 tout moment retirer ce consentement aupr\u00e8s de Trackunit ApS et de ses soci\u00e9t\u00e9s affili\u00e9es.<\/p>\n<p>Trackunit ApS et ses soci\u00e9t\u00e9s affili\u00e9es sont autoris\u00e9es \u00e0 traiter mes informations incluant, sans s&rsquo;y limiter des informations personnelles. Trackunit ApS et ses soci\u00e9t\u00e9s affili\u00e9es ont le droit de transf\u00e9rer mes informations y compris mes informations personnelles vers d\u2019autres pays, \u00e9galement en dehors de l\u2019UE. Tout transfert en dehors de l\u2019UE vers des pays qui ne sont pas consid\u00e9r\u00e9s comme s\u00fbrs, ne doit \u00eatre effectu\u00e9 que sur la base d\u2019autorisations accord\u00e9es incluses dans le R\u00e8glement g\u00e9n\u00e9ral sur la protection des donn\u00e9es, y compris, sans s\u2019y limiter, dans les Clauses contractuelles types, les R\u00e8gles d&rsquo;entreprise contraignantes ou les Contrats ad hoc.<\/p>\n<p>Pour obtenir plus d\u2019informations concernant la politique de confidentialit\u00e9 de Trackunit ApS et de ses soci\u00e9t\u00e9s affili\u00e9es, veuillez consulter <a href=\"https:\/\/trackunit.com\/fr\/\">www.trackunit.com<\/a>.<\/p>\n\t\t\t\t\t\t\t\t<\/div>\n\t\t\t\t<\/div>\n\t\t\t\t\t<\/div>\n\t\t\t\t<\/div>\n\t\t\t\t<\/div>\n\t\t","protected":false},"excerpt":{"rendered":"<p>Informations et avis juridiques\u200b Politique de communication D\u00e9couvrez comment nous collectons, utilisons et partageons les donn\u00e9es pour personnaliser notre communication. Vos informations. Notre responsabilit\u00e9 Trackunit ApS et ses soci\u00e9t\u00e9s affili\u00e9es peuvent m\u2019envoyer des communications \u00e9lectroniques, incluant les supports suivants, sans s&rsquo;y limiter&nbsp;: e-mails, SMS, MMS, notifications push, widgets et courrier postal. Les soci\u00e9t\u00e9s sont \u00e9galement [&hellip;]<\/p>\n","protected":false},"author":23,"featured_media":28576,"parent":0,"menu_order":0,"comment_status":"closed","ping_status":"closed","template":"","meta":{"_acf_changed":false,"content-type":"","inline_featured_image":false,"footnotes":""},"categories":[],"tags":[],"class_list":["post-27423","page","type-page","status-publish","has-post-thumbnail","hentry"],"acf":[],"yoast_head":"<!-- This site is optimized with the Yoast SEO Premium plugin v27.3 (Yoast SEO v27.3) - https:\/\/yoast.com\/product\/yoast-seo-premium-wordpress\/ -->\n<title>Politique de communication - Trackunit<\/title>\n<meta name=\"description\" content=\"La politique de communication Trackunit vous informe sur la fa\u00e7on dont nous g\u00e9rons et traitons les coordonn\u00e9es que vous nous envoyez.\" \/>\n<meta name=\"robots\" content=\"index, follow, max-snippet:-1, max-image-preview:large, max-video-preview:-1\" \/>\n<link rel=\"canonical\" href=\"https:\/\/trackunit.com\/fr\/politique-de-communication\/\" \/>\n<meta property=\"og:locale\" content=\"fr_FR\" \/>\n<meta property=\"og:type\" content=\"article\" \/>\n<meta property=\"og:title\" content=\"Politique de communication - Trackunit\" \/>\n<meta property=\"og:description\" content=\"La politique de communication Trackunit vous informe sur la fa\u00e7on dont nous g\u00e9rons et traitons les coordonn\u00e9es que vous nous envoyez.\" \/>\n<meta property=\"og:url\" content=\"https:\/\/trackunit.com\/fr\/politique-de-communication\/\" \/>\n<meta property=\"og:site_name\" content=\"Trackunit\" \/>\n<meta property=\"article:publisher\" content=\"https:\/\/www.facebook.com\/Trackunit.official\" \/>\n<meta property=\"article:modified_time\" content=\"2026-02-19T10:13:44+00:00\" \/>\n<meta property=\"og:image\" content=\"https:\/\/trackunit.com\/wp-content\/uploads\/2022\/07\/construction-trackunit-1200x628-v3.jpg\" \/>\n\t<meta property=\"og:image:width\" content=\"1200\" \/>\n\t<meta property=\"og:image:height\" content=\"628\" \/>\n\t<meta property=\"og:image:type\" content=\"image\/jpeg\" \/>\n<meta name=\"twitter:card\" content=\"summary_large_image\" \/>\n<meta name=\"twitter:title\" content=\"Politique de communication - Trackunit\" \/>\n<meta name=\"twitter:site\" content=\"@trackunit\" \/>\n<meta name=\"twitter:label1\" content=\"Dur\u00e9e de lecture estim\u00e9e\" \/>\n\t<meta name=\"twitter:data1\" content=\"3 minutes\" \/>\n<script type=\"application\/ld+json\" class=\"yoast-schema-graph\">{\"@context\":\"https:\\\/\\\/schema.org\",\"@graph\":[{\"@type\":\"WebPage\",\"@id\":\"https:\\\/\\\/trackunit.com\\\/fr\\\/politique-de-communication\\\/\",\"url\":\"https:\\\/\\\/trackunit.com\\\/fr\\\/politique-de-communication\\\/\",\"name\":\"Politique de communication - Trackunit\",\"isPartOf\":{\"@id\":\"https:\\\/\\\/trackunit.com\\\/fr\\\/#website\"},\"primaryImageOfPage\":{\"@id\":\"https:\\\/\\\/trackunit.com\\\/fr\\\/politique-de-communication\\\/#primaryimage\"},\"image\":{\"@id\":\"https:\\\/\\\/trackunit.com\\\/fr\\\/politique-de-communication\\\/#primaryimage\"},\"thumbnailUrl\":\"https:\\\/\\\/trackunit.com\\\/wp-content\\\/uploads\\\/2022\\\/07\\\/construction-trackunit-1200x628-v3.jpg\",\"datePublished\":\"2022-05-25T06:52:55+00:00\",\"dateModified\":\"2026-02-19T10:13:44+00:00\",\"description\":\"La politique de communication Trackunit vous informe sur la fa\u00e7on dont nous g\u00e9rons et traitons les coordonn\u00e9es que vous nous envoyez.\",\"breadcrumb\":{\"@id\":\"https:\\\/\\\/trackunit.com\\\/fr\\\/politique-de-communication\\\/#breadcrumb\"},\"inLanguage\":\"fr-FR\",\"potentialAction\":[{\"@type\":\"ReadAction\",\"target\":[\"https:\\\/\\\/trackunit.com\\\/fr\\\/politique-de-communication\\\/\"]}]},{\"@type\":\"ImageObject\",\"inLanguage\":\"fr-FR\",\"@id\":\"https:\\\/\\\/trackunit.com\\\/fr\\\/politique-de-communication\\\/#primaryimage\",\"url\":\"https:\\\/\\\/trackunit.com\\\/wp-content\\\/uploads\\\/2022\\\/07\\\/construction-trackunit-1200x628-v3.jpg\",\"contentUrl\":\"https:\\\/\\\/trackunit.com\\\/wp-content\\\/uploads\\\/2022\\\/07\\\/construction-trackunit-1200x628-v3.jpg\",\"width\":1200,\"height\":628},{\"@type\":\"BreadcrumbList\",\"@id\":\"https:\\\/\\\/trackunit.com\\\/fr\\\/politique-de-communication\\\/#breadcrumb\",\"itemListElement\":[{\"@type\":\"ListItem\",\"position\":1,\"name\":\"Home\",\"item\":\"https:\\\/\\\/trackunit.com\\\/fr\\\/frontpage\\\/\"},{\"@type\":\"ListItem\",\"position\":2,\"name\":\"Politique de communication\"}]},{\"@type\":\"WebSite\",\"@id\":\"https:\\\/\\\/trackunit.com\\\/fr\\\/#website\",\"url\":\"https:\\\/\\\/trackunit.com\\\/fr\\\/\",\"name\":\"Trackunit\",\"description\":\"La plateforme leader de la t\u00e9l\u00e9matique et de la gestion de flotte\",\"publisher\":{\"@id\":\"https:\\\/\\\/trackunit.com\\\/fr\\\/#organization\"},\"potentialAction\":[{\"@type\":\"SearchAction\",\"target\":{\"@type\":\"EntryPoint\",\"urlTemplate\":\"https:\\\/\\\/trackunit.com\\\/fr\\\/?s={search_term_string}\"},\"query-input\":{\"@type\":\"PropertyValueSpecification\",\"valueRequired\":true,\"valueName\":\"search_term_string\"}}],\"inLanguage\":\"fr-FR\"},{\"@type\":\"Organization\",\"@id\":\"https:\\\/\\\/trackunit.com\\\/fr\\\/#organization\",\"name\":\"Trackunit\",\"url\":\"https:\\\/\\\/trackunit.com\\\/fr\\\/\",\"logo\":{\"@type\":\"ImageObject\",\"inLanguage\":\"fr-FR\",\"@id\":\"https:\\\/\\\/trackunit.com\\\/fr\\\/#\\\/schema\\\/logo\\\/image\\\/\",\"url\":\"https:\\\/\\\/trackunit.com\\\/wp-content\\\/uploads\\\/2022\\\/06\\\/trackunit_logotype_rgb_red.png\",\"contentUrl\":\"https:\\\/\\\/trackunit.com\\\/wp-content\\\/uploads\\\/2022\\\/06\\\/trackunit_logotype_rgb_red.png\",\"width\":2824,\"height\":693,\"caption\":\"Trackunit\"},\"image\":{\"@id\":\"https:\\\/\\\/trackunit.com\\\/fr\\\/#\\\/schema\\\/logo\\\/image\\\/\"},\"sameAs\":[\"https:\\\/\\\/www.facebook.com\\\/Trackunit.official\",\"https:\\\/\\\/x.com\\\/trackunit\",\"https:\\\/\\\/www.linkedin.com\\\/company\\\/trackunit-a-s\\\/\"]}]}<\/script>\n<!-- \/ Yoast SEO Premium plugin. -->","yoast_head_json":{"title":"Politique de communication - Trackunit","description":"La politique de communication Trackunit vous informe sur la fa\u00e7on dont nous g\u00e9rons et traitons les coordonn\u00e9es que vous nous envoyez.","robots":{"index":"index","follow":"follow","max-snippet":"max-snippet:-1","max-image-preview":"max-image-preview:large","max-video-preview":"max-video-preview:-1"},"canonical":"https:\/\/trackunit.com\/fr\/politique-de-communication\/","og_locale":"fr_FR","og_type":"article","og_title":"Politique de communication - Trackunit","og_description":"La politique de communication Trackunit vous informe sur la fa\u00e7on dont nous g\u00e9rons et traitons les coordonn\u00e9es que vous nous envoyez.","og_url":"https:\/\/trackunit.com\/fr\/politique-de-communication\/","og_site_name":"Trackunit","article_publisher":"https:\/\/www.facebook.com\/Trackunit.official","article_modified_time":"2026-02-19T10:13:44+00:00","og_image":[{"width":1200,"height":628,"url":"https:\/\/trackunit.com\/wp-content\/uploads\/2022\/07\/construction-trackunit-1200x628-v3.jpg","type":"image\/jpeg"}],"twitter_card":"summary_large_image","twitter_title":"Politique de communication - Trackunit","twitter_site":"@trackunit","twitter_misc":{"Dur\u00e9e de lecture estim\u00e9e":"3 minutes"},"schema":{"@context":"https:\/\/schema.org","@graph":[{"@type":"WebPage","@id":"https:\/\/trackunit.com\/fr\/politique-de-communication\/","url":"https:\/\/trackunit.com\/fr\/politique-de-communication\/","name":"Politique de communication - Trackunit","isPartOf":{"@id":"https:\/\/trackunit.com\/fr\/#website"},"primaryImageOfPage":{"@id":"https:\/\/trackunit.com\/fr\/politique-de-communication\/#primaryimage"},"image":{"@id":"https:\/\/trackunit.com\/fr\/politique-de-communication\/#primaryimage"},"thumbnailUrl":"https:\/\/trackunit.com\/wp-content\/uploads\/2022\/07\/construction-trackunit-1200x628-v3.jpg","datePublished":"2022-05-25T06:52:55+00:00","dateModified":"2026-02-19T10:13:44+00:00","description":"La politique de communication Trackunit vous informe sur la fa\u00e7on dont nous g\u00e9rons et traitons les coordonn\u00e9es que vous nous envoyez.","breadcrumb":{"@id":"https:\/\/trackunit.com\/fr\/politique-de-communication\/#breadcrumb"},"inLanguage":"fr-FR","potentialAction":[{"@type":"ReadAction","target":["https:\/\/trackunit.com\/fr\/politique-de-communication\/"]}]},{"@type":"ImageObject","inLanguage":"fr-FR","@id":"https:\/\/trackunit.com\/fr\/politique-de-communication\/#primaryimage","url":"https:\/\/trackunit.com\/wp-content\/uploads\/2022\/07\/construction-trackunit-1200x628-v3.jpg","contentUrl":"https:\/\/trackunit.com\/wp-content\/uploads\/2022\/07\/construction-trackunit-1200x628-v3.jpg","width":1200,"height":628},{"@type":"BreadcrumbList","@id":"https:\/\/trackunit.com\/fr\/politique-de-communication\/#breadcrumb","itemListElement":[{"@type":"ListItem","position":1,"name":"Home","item":"https:\/\/trackunit.com\/fr\/frontpage\/"},{"@type":"ListItem","position":2,"name":"Politique de communication"}]},{"@type":"WebSite","@id":"https:\/\/trackunit.com\/fr\/#website","url":"https:\/\/trackunit.com\/fr\/","name":"Trackunit","description":"La plateforme leader de la t\u00e9l\u00e9matique et de la gestion de flotte","publisher":{"@id":"https:\/\/trackunit.com\/fr\/#organization"},"potentialAction":[{"@type":"SearchAction","target":{"@type":"EntryPoint","urlTemplate":"https:\/\/trackunit.com\/fr\/?s={search_term_string}"},"query-input":{"@type":"PropertyValueSpecification","valueRequired":true,"valueName":"search_term_string"}}],"inLanguage":"fr-FR"},{"@type":"Organization","@id":"https:\/\/trackunit.com\/fr\/#organization","name":"Trackunit","url":"https:\/\/trackunit.com\/fr\/","logo":{"@type":"ImageObject","inLanguage":"fr-FR","@id":"https:\/\/trackunit.com\/fr\/#\/schema\/logo\/image\/","url":"https:\/\/trackunit.com\/wp-content\/uploads\/2022\/06\/trackunit_logotype_rgb_red.png","contentUrl":"https:\/\/trackunit.com\/wp-content\/uploads\/2022\/06\/trackunit_logotype_rgb_red.png","width":2824,"height":693,"caption":"Trackunit"},"image":{"@id":"https:\/\/trackunit.com\/fr\/#\/schema\/logo\/image\/"},"sameAs":["https:\/\/www.facebook.com\/Trackunit.official","https:\/\/x.com\/trackunit","https:\/\/www.linkedin.com\/company\/trackunit-a-s\/"]}]}},"_links":{"self":[{"href":"https:\/\/trackunit.com\/fr\/wp-json\/wp\/v2\/pages\/27423","targetHints":{"allow":["GET"]}}],"collection":[{"href":"https:\/\/trackunit.com\/fr\/wp-json\/wp\/v2\/pages"}],"about":[{"href":"https:\/\/trackunit.com\/fr\/wp-json\/wp\/v2\/types\/page"}],"author":[{"embeddable":true,"href":"https:\/\/trackunit.com\/fr\/wp-json\/wp\/v2\/users\/23"}],"replies":[{"embeddable":true,"href":"https:\/\/trackunit.com\/fr\/wp-json\/wp\/v2\/comments?post=27423"}],"version-history":[{"count":0,"href":"https:\/\/trackunit.com\/fr\/wp-json\/wp\/v2\/pages\/27423\/revisions"}],"wp:featuredmedia":[{"embeddable":true,"href":"https:\/\/trackunit.com\/fr\/wp-json\/wp\/v2\/media\/28576"}],"wp:attachment":[{"href":"https:\/\/trackunit.com\/fr\/wp-json\/wp\/v2\/media?parent=27423"}],"wp:term":[{"taxonomy":"category","embeddable":true,"href":"https:\/\/trackunit.com\/fr\/wp-json\/wp\/v2\/categories?post=27423"},{"taxonomy":"post_tag","embeddable":true,"href":"https:\/\/trackunit.com\/fr\/wp-json\/wp\/v2\/tags?post=27423"}],"curies":[{"name":"wp","href":"https:\/\/api.w.org\/{rel}","templated":true}]}}