{"id":27417,"date":"2022-05-19T12:37:05","date_gmt":"2022-05-19T10:37:05","guid":{"rendered":"https:\/\/beta.trackunit.com\/politique-en-matiere-de-cookies\/"},"modified":"2026-02-19T11:15:47","modified_gmt":"2026-02-19T10:15:47","slug":"politique-en-matiere-de-cookies","status":"publish","type":"page","link":"https:\/\/trackunit.com\/fr\/politique-en-matiere-de-cookies\/","title":{"rendered":"Politique en mati\u00e8re de cookies"},"content":{"rendered":"\t\t<div data-elementor-type=\"wp-page\" data-elementor-id=\"27417\" class=\"elementor elementor-27417 elementor-21548\" data-elementor-post-type=\"page\">\n\t\t\t\t<div class=\"elementor-element elementor-element-afb8760 e-flex e-con-boxed e-con e-parent\" data-id=\"afb8760\" data-element_type=\"container\" data-e-type=\"container\">\n\t\t\t\t\t<div class=\"e-con-inner\">\n\t\t<div class=\"elementor-element elementor-element-652e743 e-con-full e-flex e-con e-child\" data-id=\"652e743\" data-element_type=\"container\" data-e-type=\"container\">\n\t\t<div class=\"elementor-element elementor-element-50ff313 e-con-full e-flex e-con e-child\" data-id=\"50ff313\" data-element_type=\"container\" data-e-type=\"container\">\n\t\t\t\t<div class=\"elementor-element elementor-element-70339c8 elementor-widget__width-auto elementor-widget elementor-widget-heading\" data-id=\"70339c8\" data-element_type=\"widget\" data-e-type=\"widget\" data-widget_type=\"heading.default\">\n\t\t\t\t<div class=\"elementor-widget-container\">\n\t\t\t\t\t<div class=\"elementor-heading-title elementor-size-default\">Informations et avis juridiques\u200b\n<\/div>\t\t\t\t<\/div>\n\t\t\t\t<\/div>\n\t\t\t\t<\/div>\n\t\t\t\t<div class=\"elementor-element elementor-element-32112a2 elementor-widget-laptop__width-initial elementor-widget__width-initial elementor-widget elementor-widget-heading\" data-id=\"32112a2\" data-element_type=\"widget\" data-e-type=\"widget\" data-widget_type=\"heading.default\">\n\t\t\t\t<div class=\"elementor-widget-container\">\n\t\t\t\t\t<h1 class=\"elementor-heading-title elementor-size-default\">Politique en mati\u00e8re de cookies<\/h1>\t\t\t\t<\/div>\n\t\t\t\t<\/div>\n\t\t\t\t<div class=\"elementor-element elementor-element-001cca8 elementor-widget__width-initial elementor-widget elementor-widget-text-editor\" data-id=\"001cca8\" data-element_type=\"widget\" data-e-type=\"widget\" data-widget_type=\"text-editor.default\">\n\t\t\t\t<div class=\"elementor-widget-container\">\n\t\t\t\t\t\t\t\t\t<p>Ce site utilise des cookies. Nous utilisons principalement des cookies pour am\u00e9liorer et analyser votre exp\u00e9rience sur nos sites Web, ainsi qu\u2019\u00e0 des fins de marketing.<\/p>\n\t\t\t\t\t\t\t\t<\/div>\n\t\t\t\t<\/div>\n\t\t\t\t<\/div>\n\t\t\t\t<div class=\"elementor-element elementor-element-c5c343e elementor-widget elementor-widget-image\" data-id=\"c5c343e\" data-element_type=\"widget\" data-e-type=\"widget\" data-widget_type=\"image.default\">\n\t\t\t\t<div class=\"elementor-widget-container\">\n\t\t\t\t\t\t\t\t\t\t\t\t\t\t\t<img fetchpriority=\"high\" decoding=\"async\" width=\"1352\" height=\"570\" src=\"https:\/\/trackunit.com\/wp-content\/uploads\/2025\/07\/standard-banner-1352x570-1.png\" class=\"attachment-full size-full wp-image-51371\" alt=\"\" srcset=\"https:\/\/trackunit.com\/wp-content\/uploads\/2025\/07\/standard-banner-1352x570-1.png 1352w, https:\/\/trackunit.com\/wp-content\/uploads\/2025\/07\/standard-banner-1352x570-1-300x126.png 300w, https:\/\/trackunit.com\/wp-content\/uploads\/2025\/07\/standard-banner-1352x570-1-1024x432.png 1024w, https:\/\/trackunit.com\/wp-content\/uploads\/2025\/07\/standard-banner-1352x570-1-768x324.png 768w\" sizes=\"(max-width: 1352px) 100vw, 1352px\" \/>\t\t\t\t\t\t\t\t\t\t\t\t\t\t\t<\/div>\n\t\t\t\t<\/div>\n\t\t\t\t\t<\/div>\n\t\t\t\t<\/div>\n\t\t<div class=\"elementor-element elementor-element-145985f e-flex e-con-boxed e-con e-parent\" data-id=\"145985f\" data-element_type=\"container\" data-e-type=\"container\">\n\t\t\t\t\t<div class=\"e-con-inner\">\n\t\t\t\t<div class=\"elementor-element elementor-element-387fa7b elementor-widget elementor-widget-heading\" data-id=\"387fa7b\" data-element_type=\"widget\" data-e-type=\"widget\" data-widget_type=\"heading.default\">\n\t\t\t\t<div class=\"elementor-widget-container\">\n\t\t\t\t\t<h2 class=\"elementor-heading-title elementor-size-default\">Qu\u2019est-ce qu\u2019un cookie ?<\/h2>\t\t\t\t<\/div>\n\t\t\t\t<\/div>\n\t\t\t\t<div class=\"elementor-element elementor-element-a7aefcd elementor-widget elementor-widget-text-editor\" data-id=\"a7aefcd\" data-element_type=\"widget\" data-e-type=\"widget\" data-widget_type=\"text-editor.default\">\n\t\t\t\t<div class=\"elementor-widget-container\">\n\t\t\t\t\t\t\t\t\tUn cookie est un petit fichier de donn\u00e9es qui est sauvegard\u00e9 sur votre ordinateur, tablette ou t\u00e9l\u00e9phone portable. Un cookie n\u2019est pas un programme qui peut contenir des programmes nuisibles ou des virus.\n\n\t\t\t\t\t\t\t\t<\/div>\n\t\t\t\t<\/div>\n\t\t\t\t<div class=\"elementor-element elementor-element-38db199 elementor-widget elementor-widget-heading\" data-id=\"38db199\" data-element_type=\"widget\" data-e-type=\"widget\" data-widget_type=\"heading.default\">\n\t\t\t\t<div class=\"elementor-widget-container\">\n\t\t\t\t\t<h2 class=\"elementor-heading-title elementor-size-default\">Comment\/pourquoi la page d\u2019accueil utilise des cookies\n<\/h2>\t\t\t\t<\/div>\n\t\t\t\t<\/div>\n\t\t\t\t<div class=\"elementor-element elementor-element-ce2a202 elementor-widget elementor-widget-text-editor\" data-id=\"ce2a202\" data-element_type=\"widget\" data-e-type=\"widget\" data-widget_type=\"text-editor.default\">\n\t\t\t\t<div class=\"elementor-widget-container\">\n\t\t\t\t\t\t\t\t\t<p>Les cookies sont n\u00e9cessaires au bon fonctionnement de la page d\u2019accueil. Les cookies nous aident \u00e0 avoir une vue d\u2019ensemble de votre visite sur la page d\u2019accueil afin que nous puissions continuellement optimiser et adapter la page d\u2019accueil \u00e0 vos besoins et \u00e0 vos int\u00e9r\u00eats. Par exemple, les cookies se souviennent de ce que vous avez ajout\u00e9 \u00e0 un panier d\u2019achat, si vous avez d\u00e9j\u00e0 visit\u00e9 la page, si vous \u00eates connect\u00e9 et quelles langues et devise vous voulez voir s\u2019afficher sur la page d\u2019accueil.<\/p>\n<p>Nous utilisons \u00e9galement les cookies pour cibler nos publicit\u00e9s sur d\u2019autres pages d\u2019accueil. D\u2019une mani\u00e8re g\u00e9n\u00e9rale, les cookies sont utilis\u00e9s dans le cadre de nos services afin d\u2019afficher un contenu aussi pertinent que possible pour vous.<\/p>\n\t\t\t\t\t\t\t\t<\/div>\n\t\t\t\t<\/div>\n\t\t\t\t<div class=\"elementor-element elementor-element-7790b8c elementor-widget-divider--view-line elementor-widget elementor-widget-divider\" data-id=\"7790b8c\" data-element_type=\"widget\" data-e-type=\"widget\" data-widget_type=\"divider.default\">\n\t\t\t\t<div class=\"elementor-widget-container\">\n\t\t\t\t\t\t\t<div class=\"elementor-divider\">\n\t\t\t<span class=\"elementor-divider-separator\">\n\t\t\t\t\t\t<\/span>\n\t\t<\/div>\n\t\t\t\t\t\t<\/div>\n\t\t\t\t<\/div>\n\t\t\t\t<div class=\"elementor-element elementor-element-e31876d elementor-widget elementor-widget-heading\" data-id=\"e31876d\" data-element_type=\"widget\" data-e-type=\"widget\" data-widget_type=\"heading.default\">\n\t\t\t\t<div class=\"elementor-widget-container\">\n\t\t\t\t\t<h2 class=\"elementor-heading-title elementor-size-default\">Cookies utilis\u00e9s sur ce site<\/h2>\t\t\t\t<\/div>\n\t\t\t\t<\/div>\n\t\t\t\t<div class=\"elementor-element elementor-element-4fbdf33 elementor-widget elementor-widget-text-editor\" data-id=\"4fbdf33\" data-element_type=\"widget\" data-e-type=\"widget\" data-widget_type=\"text-editor.default\">\n\t\t\t\t<div class=\"elementor-widget-container\">\n\t\t\t\t\t\t\t\t\t<p><strong>Strictement n\u00e9cessaire\u200b<\/strong><\/p>\n<p>Les cookies strictement n\u00e9cessaires contribuent \u00e0 rendre un site Web navigable en activant des fonctions de base telles que la navigation dans les pages et l&rsquo;acc\u00e8s \u00e0 des zones s\u00e9curis\u00e9es du site Web. Sans ces cookies, le site Web ne pourrait pas fonctionner correctement.<\/p>\n\t\t\t\t\t\t\t\t<\/div>\n\t\t\t\t<\/div>\n\t\t\t\t<div class=\"elementor-element elementor-element-8142946 elementor-widget elementor-widget-text-editor\" data-id=\"8142946\" data-element_type=\"widget\" data-e-type=\"widget\" data-widget_type=\"text-editor.default\">\n\t\t\t\t<div class=\"elementor-widget-container\">\n\t\t\t\t\t\t\t\t\t<p><strong>Fonctionnel<\/strong><\/p>\n<p>Les cookies fonctionnels permettent de sauvegarder des informations qui peuvent changer la fa\u00e7on dont le site Web appara\u00eet ou fonctionne. Par exemple, votre langue ou r\u00e9gion pr\u00e9f\u00e9r\u00e9e.<\/p>\n\t\t\t\t\t\t\t\t<\/div>\n\t\t\t\t<\/div>\n\t\t\t\t<div class=\"elementor-element elementor-element-6d9ea0c elementor-widget elementor-widget-text-editor\" data-id=\"6d9ea0c\" data-element_type=\"widget\" data-e-type=\"widget\" data-widget_type=\"text-editor.default\">\n\t\t\t\t<div class=\"elementor-widget-container\">\n\t\t\t\t\t\t\t\t\t<p><strong>Statistique<\/strong>\u200b<\/p>\n<p>Les cookies statistiques aident le propri\u00e9taire du site \u00e0 comprendre comment les visiteurs interagissent avec le site Web en collectant et rapportant des informations.<\/p>\n\t\t\t\t\t\t\t\t<\/div>\n\t\t\t\t<\/div>\n\t\t\t\t<div class=\"elementor-element elementor-element-18756e5 elementor-widget elementor-widget-text-editor\" data-id=\"18756e5\" data-element_type=\"widget\" data-e-type=\"widget\" data-widget_type=\"text-editor.default\">\n\t\t\t\t<div class=\"elementor-widget-container\">\n\t\t\t\t\t\t\t\t\t<p><strong>Publicitaire<\/strong><\/p>\n<p>Les cookies publicitaires sont utilis\u00e9s pour suivre les visiteurs sur les sites Web. Le but est d&rsquo;afficher des publicit\u00e9s pertinentes et int\u00e9ressantes pour l&rsquo;utilisateur individuel et donc plus rentables pour les \u00e9diteurs et les annonceurs tiers.<\/p>\n<p>Les d\u00e9tails concernant les types de cookies, leur finalit\u00e9 et les tiers impliqu\u00e9s sont d\u00e9crits dans les param\u00e8tres des cookies. Consultez et d\u00e9finissez vos pr\u00e9f\u00e9rences en cliquant sur l&rsquo;ic\u00f4ne de cookie dans le coin inf\u00e9rieur gauche du site Web.<\/p>\n\t\t\t\t\t\t\t\t<\/div>\n\t\t\t\t<\/div>\n\t\t\t\t<div class=\"elementor-element elementor-element-ea2ce1b elementor-widget-divider--view-line elementor-widget elementor-widget-divider\" data-id=\"ea2ce1b\" data-element_type=\"widget\" data-e-type=\"widget\" data-widget_type=\"divider.default\">\n\t\t\t\t<div class=\"elementor-widget-container\">\n\t\t\t\t\t\t\t<div class=\"elementor-divider\">\n\t\t\t<span class=\"elementor-divider-separator\">\n\t\t\t\t\t\t<\/span>\n\t\t<\/div>\n\t\t\t\t\t\t<\/div>\n\t\t\t\t<\/div>\n\t\t\t\t<div class=\"elementor-element elementor-element-13ab41a elementor-widget elementor-widget-heading\" data-id=\"13ab41a\" data-element_type=\"widget\" data-e-type=\"widget\" data-widget_type=\"heading.default\">\n\t\t\t\t<div class=\"elementor-widget-container\">\n\t\t\t\t\t<h2 class=\"elementor-heading-title elementor-size-default\">Propri\u00e9taire du site web<\/h2>\t\t\t\t<\/div>\n\t\t\t\t<\/div>\n\t\t\t\t<div class=\"elementor-element elementor-element-f633618 elementor-widget elementor-widget-text-editor\" data-id=\"f633618\" data-element_type=\"widget\" data-e-type=\"widget\" data-widget_type=\"text-editor.default\">\n\t\t\t\t<div class=\"elementor-widget-container\">\n\t\t\t\t\t\t\t\t\t<p>Trackunit ApS<br \/>Gasv\u00e6rksvej 24<\/p>\n<p>Aalborg, DK-9000<\/p>\n\t\t\t\t\t\t\t\t<\/div>\n\t\t\t\t<\/div>\n\t\t\t\t\t<\/div>\n\t\t\t\t<\/div>\n\t\t\t\t<\/div>\n\t\t","protected":false},"excerpt":{"rendered":"<p>Informations et avis juridiques\u200b Politique en mati\u00e8re de cookies Ce site utilise des cookies. Nous utilisons principalement des cookies pour am\u00e9liorer et analyser votre exp\u00e9rience sur nos sites Web, ainsi qu\u2019\u00e0 des fins de marketing. Qu\u2019est-ce qu\u2019un cookie ? Un cookie est un petit fichier de donn\u00e9es qui est sauvegard\u00e9 sur votre ordinateur, tablette ou [&hellip;]<\/p>\n","protected":false},"author":23,"featured_media":28344,"parent":0,"menu_order":0,"comment_status":"closed","ping_status":"closed","template":"","meta":{"_acf_changed":false,"content-type":"","inline_featured_image":false,"footnotes":""},"categories":[],"tags":[],"class_list":["post-27417","page","type-page","status-publish","has-post-thumbnail","hentry"],"acf":[],"yoast_head":"<!-- This site is optimized with the Yoast SEO Premium plugin v27.3 (Yoast SEO v27.3) - https:\/\/yoast.com\/product\/yoast-seo-premium-wordpress\/ -->\n<title>Politique en mati\u00e8re de cookies - Trackunit<\/title>\n<meta name=\"description\" content=\"Les cookies sont n\u00e9cessaires au bon fonctionnement du site. Les cookies nous aident \u00e0 optimiser continuellement le site en fonction de vos besoins.\" \/>\n<meta name=\"robots\" content=\"index, follow, max-snippet:-1, max-image-preview:large, max-video-preview:-1\" \/>\n<link rel=\"canonical\" href=\"https:\/\/trackunit.com\/fr\/politique-en-matiere-de-cookies\/\" \/>\n<meta property=\"og:locale\" content=\"fr_FR\" \/>\n<meta property=\"og:type\" content=\"article\" \/>\n<meta property=\"og:title\" content=\"Politique en mati\u00e8re de cookies - Trackunit\" \/>\n<meta property=\"og:description\" content=\"Les cookies sont n\u00e9cessaires au bon fonctionnement du site. Les cookies nous aident \u00e0 optimiser continuellement le site en fonction de vos besoins.\" \/>\n<meta property=\"og:url\" content=\"https:\/\/trackunit.com\/fr\/politique-en-matiere-de-cookies\/\" \/>\n<meta property=\"og:site_name\" content=\"Trackunit\" \/>\n<meta property=\"article:publisher\" content=\"https:\/\/www.facebook.com\/Trackunit.official\" \/>\n<meta property=\"article:modified_time\" content=\"2026-02-19T10:15:47+00:00\" \/>\n<meta property=\"og:image\" content=\"https:\/\/trackunit.com\/wp-content\/uploads\/2022\/07\/trackunit_on-1200x628-1.jpg\" \/>\n\t<meta property=\"og:image:width\" content=\"1200\" \/>\n\t<meta property=\"og:image:height\" content=\"628\" \/>\n\t<meta property=\"og:image:type\" content=\"image\/jpeg\" \/>\n<meta name=\"twitter:card\" content=\"summary_large_image\" \/>\n<meta name=\"twitter:title\" content=\"Politique en mati\u00e8re de cookies\" \/>\n<meta name=\"twitter:site\" content=\"@trackunit\" \/>\n<meta name=\"twitter:label1\" content=\"Dur\u00e9e de lecture estim\u00e9e\" \/>\n\t<meta name=\"twitter:data1\" content=\"3 minutes\" \/>\n<script type=\"application\/ld+json\" class=\"yoast-schema-graph\">{\"@context\":\"https:\\\/\\\/schema.org\",\"@graph\":[{\"@type\":\"WebPage\",\"@id\":\"https:\\\/\\\/trackunit.com\\\/fr\\\/politique-en-matiere-de-cookies\\\/\",\"url\":\"https:\\\/\\\/trackunit.com\\\/fr\\\/politique-en-matiere-de-cookies\\\/\",\"name\":\"Politique en mati\u00e8re de cookies - Trackunit\",\"isPartOf\":{\"@id\":\"https:\\\/\\\/trackunit.com\\\/fr\\\/#website\"},\"primaryImageOfPage\":{\"@id\":\"https:\\\/\\\/trackunit.com\\\/fr\\\/politique-en-matiere-de-cookies\\\/#primaryimage\"},\"image\":{\"@id\":\"https:\\\/\\\/trackunit.com\\\/fr\\\/politique-en-matiere-de-cookies\\\/#primaryimage\"},\"thumbnailUrl\":\"https:\\\/\\\/trackunit.com\\\/wp-content\\\/uploads\\\/2022\\\/07\\\/trackunit_on-1200x628-1.jpg\",\"datePublished\":\"2022-05-19T10:37:05+00:00\",\"dateModified\":\"2026-02-19T10:15:47+00:00\",\"description\":\"Les cookies sont n\u00e9cessaires au bon fonctionnement du site. Les cookies nous aident \u00e0 optimiser continuellement le site en fonction de vos besoins.\",\"breadcrumb\":{\"@id\":\"https:\\\/\\\/trackunit.com\\\/fr\\\/politique-en-matiere-de-cookies\\\/#breadcrumb\"},\"inLanguage\":\"fr-FR\",\"potentialAction\":[{\"@type\":\"ReadAction\",\"target\":[\"https:\\\/\\\/trackunit.com\\\/fr\\\/politique-en-matiere-de-cookies\\\/\"]}]},{\"@type\":\"ImageObject\",\"inLanguage\":\"fr-FR\",\"@id\":\"https:\\\/\\\/trackunit.com\\\/fr\\\/politique-en-matiere-de-cookies\\\/#primaryimage\",\"url\":\"https:\\\/\\\/trackunit.com\\\/wp-content\\\/uploads\\\/2022\\\/07\\\/trackunit_on-1200x628-1.jpg\",\"contentUrl\":\"https:\\\/\\\/trackunit.com\\\/wp-content\\\/uploads\\\/2022\\\/07\\\/trackunit_on-1200x628-1.jpg\",\"width\":1200,\"height\":628},{\"@type\":\"BreadcrumbList\",\"@id\":\"https:\\\/\\\/trackunit.com\\\/fr\\\/politique-en-matiere-de-cookies\\\/#breadcrumb\",\"itemListElement\":[{\"@type\":\"ListItem\",\"position\":1,\"name\":\"Home\",\"item\":\"https:\\\/\\\/trackunit.com\\\/fr\\\/frontpage\\\/\"},{\"@type\":\"ListItem\",\"position\":2,\"name\":\"Politique en mati\u00e8re de cookies\"}]},{\"@type\":\"WebSite\",\"@id\":\"https:\\\/\\\/trackunit.com\\\/fr\\\/#website\",\"url\":\"https:\\\/\\\/trackunit.com\\\/fr\\\/\",\"name\":\"Trackunit\",\"description\":\"La plateforme leader de la t\u00e9l\u00e9matique et de la gestion de flotte\",\"publisher\":{\"@id\":\"https:\\\/\\\/trackunit.com\\\/fr\\\/#organization\"},\"potentialAction\":[{\"@type\":\"SearchAction\",\"target\":{\"@type\":\"EntryPoint\",\"urlTemplate\":\"https:\\\/\\\/trackunit.com\\\/fr\\\/?s={search_term_string}\"},\"query-input\":{\"@type\":\"PropertyValueSpecification\",\"valueRequired\":true,\"valueName\":\"search_term_string\"}}],\"inLanguage\":\"fr-FR\"},{\"@type\":\"Organization\",\"@id\":\"https:\\\/\\\/trackunit.com\\\/fr\\\/#organization\",\"name\":\"Trackunit\",\"url\":\"https:\\\/\\\/trackunit.com\\\/fr\\\/\",\"logo\":{\"@type\":\"ImageObject\",\"inLanguage\":\"fr-FR\",\"@id\":\"https:\\\/\\\/trackunit.com\\\/fr\\\/#\\\/schema\\\/logo\\\/image\\\/\",\"url\":\"https:\\\/\\\/trackunit.com\\\/wp-content\\\/uploads\\\/2022\\\/06\\\/trackunit_logotype_rgb_red.png\",\"contentUrl\":\"https:\\\/\\\/trackunit.com\\\/wp-content\\\/uploads\\\/2022\\\/06\\\/trackunit_logotype_rgb_red.png\",\"width\":2824,\"height\":693,\"caption\":\"Trackunit\"},\"image\":{\"@id\":\"https:\\\/\\\/trackunit.com\\\/fr\\\/#\\\/schema\\\/logo\\\/image\\\/\"},\"sameAs\":[\"https:\\\/\\\/www.facebook.com\\\/Trackunit.official\",\"https:\\\/\\\/x.com\\\/trackunit\",\"https:\\\/\\\/www.linkedin.com\\\/company\\\/trackunit-a-s\\\/\"]}]}<\/script>\n<!-- \/ Yoast SEO Premium plugin. -->","yoast_head_json":{"title":"Politique en mati\u00e8re de cookies - Trackunit","description":"Les cookies sont n\u00e9cessaires au bon fonctionnement du site. Les cookies nous aident \u00e0 optimiser continuellement le site en fonction de vos besoins.","robots":{"index":"index","follow":"follow","max-snippet":"max-snippet:-1","max-image-preview":"max-image-preview:large","max-video-preview":"max-video-preview:-1"},"canonical":"https:\/\/trackunit.com\/fr\/politique-en-matiere-de-cookies\/","og_locale":"fr_FR","og_type":"article","og_title":"Politique en mati\u00e8re de cookies - Trackunit","og_description":"Les cookies sont n\u00e9cessaires au bon fonctionnement du site. Les cookies nous aident \u00e0 optimiser continuellement le site en fonction de vos besoins.","og_url":"https:\/\/trackunit.com\/fr\/politique-en-matiere-de-cookies\/","og_site_name":"Trackunit","article_publisher":"https:\/\/www.facebook.com\/Trackunit.official","article_modified_time":"2026-02-19T10:15:47+00:00","og_image":[{"width":1200,"height":628,"url":"https:\/\/trackunit.com\/wp-content\/uploads\/2022\/07\/trackunit_on-1200x628-1.jpg","type":"image\/jpeg"}],"twitter_card":"summary_large_image","twitter_title":"Politique en mati\u00e8re de cookies","twitter_site":"@trackunit","twitter_misc":{"Dur\u00e9e de lecture estim\u00e9e":"3 minutes"},"schema":{"@context":"https:\/\/schema.org","@graph":[{"@type":"WebPage","@id":"https:\/\/trackunit.com\/fr\/politique-en-matiere-de-cookies\/","url":"https:\/\/trackunit.com\/fr\/politique-en-matiere-de-cookies\/","name":"Politique en mati\u00e8re de cookies - Trackunit","isPartOf":{"@id":"https:\/\/trackunit.com\/fr\/#website"},"primaryImageOfPage":{"@id":"https:\/\/trackunit.com\/fr\/politique-en-matiere-de-cookies\/#primaryimage"},"image":{"@id":"https:\/\/trackunit.com\/fr\/politique-en-matiere-de-cookies\/#primaryimage"},"thumbnailUrl":"https:\/\/trackunit.com\/wp-content\/uploads\/2022\/07\/trackunit_on-1200x628-1.jpg","datePublished":"2022-05-19T10:37:05+00:00","dateModified":"2026-02-19T10:15:47+00:00","description":"Les cookies sont n\u00e9cessaires au bon fonctionnement du site. Les cookies nous aident \u00e0 optimiser continuellement le site en fonction de vos besoins.","breadcrumb":{"@id":"https:\/\/trackunit.com\/fr\/politique-en-matiere-de-cookies\/#breadcrumb"},"inLanguage":"fr-FR","potentialAction":[{"@type":"ReadAction","target":["https:\/\/trackunit.com\/fr\/politique-en-matiere-de-cookies\/"]}]},{"@type":"ImageObject","inLanguage":"fr-FR","@id":"https:\/\/trackunit.com\/fr\/politique-en-matiere-de-cookies\/#primaryimage","url":"https:\/\/trackunit.com\/wp-content\/uploads\/2022\/07\/trackunit_on-1200x628-1.jpg","contentUrl":"https:\/\/trackunit.com\/wp-content\/uploads\/2022\/07\/trackunit_on-1200x628-1.jpg","width":1200,"height":628},{"@type":"BreadcrumbList","@id":"https:\/\/trackunit.com\/fr\/politique-en-matiere-de-cookies\/#breadcrumb","itemListElement":[{"@type":"ListItem","position":1,"name":"Home","item":"https:\/\/trackunit.com\/fr\/frontpage\/"},{"@type":"ListItem","position":2,"name":"Politique en mati\u00e8re de cookies"}]},{"@type":"WebSite","@id":"https:\/\/trackunit.com\/fr\/#website","url":"https:\/\/trackunit.com\/fr\/","name":"Trackunit","description":"La plateforme leader de la t\u00e9l\u00e9matique et de la gestion de flotte","publisher":{"@id":"https:\/\/trackunit.com\/fr\/#organization"},"potentialAction":[{"@type":"SearchAction","target":{"@type":"EntryPoint","urlTemplate":"https:\/\/trackunit.com\/fr\/?s={search_term_string}"},"query-input":{"@type":"PropertyValueSpecification","valueRequired":true,"valueName":"search_term_string"}}],"inLanguage":"fr-FR"},{"@type":"Organization","@id":"https:\/\/trackunit.com\/fr\/#organization","name":"Trackunit","url":"https:\/\/trackunit.com\/fr\/","logo":{"@type":"ImageObject","inLanguage":"fr-FR","@id":"https:\/\/trackunit.com\/fr\/#\/schema\/logo\/image\/","url":"https:\/\/trackunit.com\/wp-content\/uploads\/2022\/06\/trackunit_logotype_rgb_red.png","contentUrl":"https:\/\/trackunit.com\/wp-content\/uploads\/2022\/06\/trackunit_logotype_rgb_red.png","width":2824,"height":693,"caption":"Trackunit"},"image":{"@id":"https:\/\/trackunit.com\/fr\/#\/schema\/logo\/image\/"},"sameAs":["https:\/\/www.facebook.com\/Trackunit.official","https:\/\/x.com\/trackunit","https:\/\/www.linkedin.com\/company\/trackunit-a-s\/"]}]}},"_links":{"self":[{"href":"https:\/\/trackunit.com\/fr\/wp-json\/wp\/v2\/pages\/27417","targetHints":{"allow":["GET"]}}],"collection":[{"href":"https:\/\/trackunit.com\/fr\/wp-json\/wp\/v2\/pages"}],"about":[{"href":"https:\/\/trackunit.com\/fr\/wp-json\/wp\/v2\/types\/page"}],"author":[{"embeddable":true,"href":"https:\/\/trackunit.com\/fr\/wp-json\/wp\/v2\/users\/23"}],"replies":[{"embeddable":true,"href":"https:\/\/trackunit.com\/fr\/wp-json\/wp\/v2\/comments?post=27417"}],"version-history":[{"count":0,"href":"https:\/\/trackunit.com\/fr\/wp-json\/wp\/v2\/pages\/27417\/revisions"}],"wp:featuredmedia":[{"embeddable":true,"href":"https:\/\/trackunit.com\/fr\/wp-json\/wp\/v2\/media\/28344"}],"wp:attachment":[{"href":"https:\/\/trackunit.com\/fr\/wp-json\/wp\/v2\/media?parent=27417"}],"wp:term":[{"taxonomy":"category","embeddable":true,"href":"https:\/\/trackunit.com\/fr\/wp-json\/wp\/v2\/categories?post=27417"},{"taxonomy":"post_tag","embeddable":true,"href":"https:\/\/trackunit.com\/fr\/wp-json\/wp\/v2\/tags?post=27417"}],"curies":[{"name":"wp","href":"https:\/\/api.w.org\/{rel}","templated":true}]}}