{"id":28284,"date":"2022-05-14T20:33:11","date_gmt":"2022-05-14T18:33:11","guid":{"rendered":"https:\/\/trackunit.com\/demo-anfordern\/"},"modified":"2025-12-03T07:47:28","modified_gmt":"2025-12-03T06:47:28","slug":"demo-anfordern","status":"publish","type":"page","link":"https:\/\/trackunit.com\/de\/demo-anfordern\/","title":{"rendered":"Demo anfordern"},"content":{"rendered":"\t\t<div data-elementor-type=\"wp-page\" data-elementor-id=\"28284\" class=\"elementor elementor-28284 elementor-18162\" data-elementor-post-type=\"page\">\n\t\t\t\t<div class=\"elementor-element elementor-element-550c906 e-flex e-con-boxed e-con e-parent\" data-id=\"550c906\" data-element_type=\"container\" data-e-type=\"container\">\n\t\t\t\t\t<div class=\"e-con-inner\">\n\t\t<div class=\"elementor-element elementor-element-f90d4a1 e-con-full e-flex e-con e-child\" data-id=\"f90d4a1\" data-element_type=\"container\" data-e-type=\"container\" data-settings=\"{&quot;background_background&quot;:&quot;classic&quot;}\">\n\t\t\t\t<div class=\"elementor-element elementor-element-2de2c70 elementor-widget elementor-widget-text-editor\" data-id=\"2de2c70\" data-element_type=\"widget\" data-e-type=\"widget\" data-widget_type=\"text-editor.default\">\n\t\t\t\t<div class=\"elementor-widget-container\">\n\t\t\t\t\t\t\t\t\tDemo <span style=\"color: #f9423a;\">anfordern<\/span>\t\t\t\t\t\t\t\t<\/div>\n\t\t\t\t<\/div>\n\t\t\t\t<div class=\"elementor-element elementor-element-0b7581b elementor-widget__width-initial elementor-widget elementor-widget-text-editor\" data-id=\"0b7581b\" data-element_type=\"widget\" data-e-type=\"widget\" data-widget_type=\"text-editor.default\">\n\t\t\t\t<div class=\"elementor-widget-container\">\n\t\t\t\t\t\t\t\t\t<p>Gemeinsam finden wir einen passenden Termin f\u00fcr eine Demo, in der wir Ihnen zeigen, wie Sie das Konnektivit\u00e4tspotenzial Ihrer Flotte nutzen k\u00f6nnen.<\/p>\t\t\t\t\t\t\t\t<\/div>\n\t\t\t\t<\/div>\n\t\t\t\t<div class=\"elementor-element elementor-element-21ce28f elementor-widget elementor-widget-template\" data-id=\"21ce28f\" data-element_type=\"widget\" data-e-type=\"widget\" data-widget_type=\"template.default\">\n\t\t\t\t<div class=\"elementor-widget-container\">\n\t\t\t\t\t\t\t<div class=\"elementor-template\">\n\t\t\t\t\t<div data-elementor-type=\"container\" data-elementor-id=\"44727\" class=\"elementor elementor-44727\" data-elementor-post-type=\"elementor_library\">\n\t\t\t\t<div class=\"elementor-element elementor-element-d104e1a e-con-full e-flex e-con e-parent\" data-id=\"d104e1a\" data-element_type=\"container\" data-e-type=\"container\">\n\t\t\t\t<div class=\"elementor-element elementor-element-8490d7b elementor-widget elementor-widget-html\" data-id=\"8490d7b\" data-element_type=\"widget\" data-e-type=\"widget\" data-widget_type=\"html.default\">\n\t\t\t\t<div class=\"elementor-widget-container\">\n\t\t\t\t\t<script src=\"https:\/\/js-eu1.hsforms.net\/forms\/embed\/developer\/25191051.js\" defer><\/script>\n<div class=\"hs-form-html\" data-region=\"eu1\" data-form-id=\"de43e054-7ceb-4864-a5ab-dfcac0acb7cc\" data-portal-id=\"25191051\"><\/div>\t\t\t\t<\/div>\n\t\t\t\t<\/div>\n\t\t\t\t<\/div>\n\t\t\t\t<\/div>\n\t\t\t\t<\/div>\n\t\t\t\t\t\t<\/div>\n\t\t\t\t<\/div>\n\t\t\t\t<\/div>\n\t\t\t\t\t<\/div>\n\t\t\t\t<\/div>\n\t\t\t\t<\/div>\n\t\t","protected":false},"excerpt":{"rendered":"<p>Demo anfordern Gemeinsam finden wir einen passenden Termin f\u00fcr eine Demo, in der wir Ihnen zeigen, wie Sie das Konnektivit\u00e4tspotenzial Ihrer Flotte nutzen k\u00f6nnen.<\/p>\n","protected":false},"author":10,"featured_media":0,"parent":0,"menu_order":0,"comment_status":"closed","ping_status":"closed","template":"","meta":{"_acf_changed":false,"content-type":"","inline_featured_image":false,"footnotes":""},"categories":[],"tags":[],"class_list":["post-28284","page","type-page","status-publish","hentry"],"acf":[],"yoast_head":"<!-- This site is optimized with the Yoast SEO Premium plugin v27.2 (Yoast SEO v27.2) - https:\/\/yoast.com\/product\/yoast-seo-premium-wordpress\/ -->\n<title>Fordern Sie eine Demo an, um mehr \u00fcber unsere Plattform und L\u00f6sungen zu erfahren | Trackunit<\/title>\n<meta name=\"description\" content=\"Mit unserer Flottenmanagement-Software behalten Sie den \u00dcberblick \u00fcber Ihre gesamte Flotte. Fordern Sie eine Demo von Trackunit an und erfahren Sie, was unsere Plattform f\u00fcr Sie leisten kann.\" \/>\n<meta name=\"robots\" content=\"index, follow, max-snippet:-1, max-image-preview:large, max-video-preview:-1\" \/>\n<link rel=\"canonical\" href=\"https:\/\/trackunit.com\/de\/demo-anfordern\/\" \/>\n<meta property=\"og:locale\" content=\"de_DE\" \/>\n<meta property=\"og:type\" content=\"article\" \/>\n<meta property=\"og:title\" content=\"Fordern Sie eine Demo an, um mehr \u00fcber unsere Plattform und L\u00f6sungen zu erfahren | Trackunit\" \/>\n<meta property=\"og:description\" content=\"Entdecken Sie gemeinsam mit uns Ihr Konnektivit\u00e4tspotenzial. Mit unserer Flottenmanagement-Software behalten Sie den \u00dcberblick \u00fcber alle Vorg\u00e4nge in Ihrer Flotte.\" \/>\n<meta property=\"og:url\" content=\"https:\/\/trackunit.com\/de\/demo-anfordern\/\" \/>\n<meta property=\"og:site_name\" content=\"Trackunit\" \/>\n<meta property=\"article:publisher\" content=\"https:\/\/www.facebook.com\/Trackunit.official\" \/>\n<meta property=\"article:modified_time\" content=\"2025-12-03T06:47:28+00:00\" \/>\n<meta property=\"og:image\" content=\"https:\/\/trackunit.com\/wp-content\/uploads\/2022\/06\/featured-trackunit_home-1200x628-1.jpg\" \/>\n\t<meta property=\"og:image:width\" content=\"1200\" \/>\n\t<meta property=\"og:image:height\" content=\"628\" \/>\n\t<meta property=\"og:image:type\" content=\"image\/jpeg\" \/>\n<meta name=\"twitter:card\" content=\"summary_large_image\" \/>\n<meta name=\"twitter:title\" content=\"Fordern Sie eine Demo an, um mehr \u00fcber unsere Plattform und L\u00f6sungen zu erfahren | Trackunit\" \/>\n<meta name=\"twitter:description\" content=\"Entdecken Sie gemeinsam mit uns Ihr Konnektivit\u00e4tspotenzial. Mit unserer Flottenmanagement-Software behalten Sie den \u00dcberblick \u00fcber alle Vorg\u00e4nge in Ihrer Flotte.\" \/>\n<meta name=\"twitter:site\" content=\"@trackunit\" \/>\n<meta name=\"twitter:label1\" content=\"Gesch\u00e4tzte Lesezeit\" \/>\n\t<meta name=\"twitter:data1\" content=\"17 Minuten\" \/>\n<script type=\"application\/ld+json\" class=\"yoast-schema-graph\">{\"@context\":\"https:\/\/schema.org\",\"@graph\":[{\"@type\":\"WebPage\",\"@id\":\"https:\/\/trackunit.com\/de\/demo-anfordern\/\",\"url\":\"https:\/\/trackunit.com\/de\/demo-anfordern\/\",\"name\":\"Fordern Sie eine Demo an, um mehr \u00fcber unsere Plattform und L\u00f6sungen zu erfahren | Trackunit\",\"isPartOf\":{\"@id\":\"https:\/\/trackunit.com\/de\/#website\"},\"datePublished\":\"2022-05-14T18:33:11+00:00\",\"dateModified\":\"2025-12-03T06:47:28+00:00\",\"description\":\"Mit unserer Flottenmanagement-Software behalten Sie den \u00dcberblick \u00fcber Ihre gesamte Flotte. Fordern Sie eine Demo von Trackunit an und erfahren Sie, was unsere Plattform f\u00fcr Sie leisten kann.\",\"breadcrumb\":{\"@id\":\"https:\/\/trackunit.com\/de\/demo-anfordern\/#breadcrumb\"},\"inLanguage\":\"de-DE\",\"potentialAction\":[{\"@type\":\"ReadAction\",\"target\":[\"https:\/\/trackunit.com\/de\/demo-anfordern\/\"]}]},{\"@type\":\"BreadcrumbList\",\"@id\":\"https:\/\/trackunit.com\/de\/demo-anfordern\/#breadcrumb\",\"itemListElement\":[{\"@type\":\"ListItem\",\"position\":1,\"name\":\"Home\",\"item\":\"https:\/\/trackunit.com\/de\/frontpage\/\"},{\"@type\":\"ListItem\",\"position\":2,\"name\":\"Demo anfordern\"}]},{\"@type\":\"WebSite\",\"@id\":\"https:\/\/trackunit.com\/de\/#website\",\"url\":\"https:\/\/trackunit.com\/de\/\",\"name\":\"Trackunit\",\"description\":\"Die f\u00fchrende Plattform f\u00fcr Telematik und Flottenmanagement\",\"publisher\":{\"@id\":\"https:\/\/trackunit.com\/de\/#organization\"},\"potentialAction\":[{\"@type\":\"SearchAction\",\"target\":{\"@type\":\"EntryPoint\",\"urlTemplate\":\"https:\/\/trackunit.com\/de\/?s={search_term_string}\"},\"query-input\":{\"@type\":\"PropertyValueSpecification\",\"valueRequired\":true,\"valueName\":\"search_term_string\"}}],\"inLanguage\":\"de-DE\"},{\"@type\":\"Organization\",\"@id\":\"https:\/\/trackunit.com\/de\/#organization\",\"name\":\"Trackunit\",\"url\":\"https:\/\/trackunit.com\/de\/\",\"logo\":{\"@type\":\"ImageObject\",\"inLanguage\":\"de-DE\",\"@id\":\"https:\/\/trackunit.com\/de\/#\/schema\/logo\/image\/\",\"url\":\"https:\/\/trackunit.com\/wp-content\/uploads\/2022\/06\/trackunit_logotype_rgb_red.png\",\"contentUrl\":\"https:\/\/trackunit.com\/wp-content\/uploads\/2022\/06\/trackunit_logotype_rgb_red.png\",\"width\":2824,\"height\":693,\"caption\":\"Trackunit\"},\"image\":{\"@id\":\"https:\/\/trackunit.com\/de\/#\/schema\/logo\/image\/\"},\"sameAs\":[\"https:\/\/www.facebook.com\/Trackunit.official\",\"https:\/\/x.com\/trackunit\",\"https:\/\/www.linkedin.com\/company\/trackunit-a-s\/\"]}]}<\/script>\n<!-- \/ Yoast SEO Premium plugin. -->","yoast_head_json":{"title":"Fordern Sie eine Demo an, um mehr \u00fcber unsere Plattform und L\u00f6sungen zu erfahren | Trackunit","description":"Mit unserer Flottenmanagement-Software behalten Sie den \u00dcberblick \u00fcber Ihre gesamte Flotte. Fordern Sie eine Demo von Trackunit an und erfahren Sie, was unsere Plattform f\u00fcr Sie leisten kann.","robots":{"index":"index","follow":"follow","max-snippet":"max-snippet:-1","max-image-preview":"max-image-preview:large","max-video-preview":"max-video-preview:-1"},"canonical":"https:\/\/trackunit.com\/de\/demo-anfordern\/","og_locale":"de_DE","og_type":"article","og_title":"Fordern Sie eine Demo an, um mehr \u00fcber unsere Plattform und L\u00f6sungen zu erfahren | Trackunit","og_description":"Entdecken Sie gemeinsam mit uns Ihr Konnektivit\u00e4tspotenzial. Mit unserer Flottenmanagement-Software behalten Sie den \u00dcberblick \u00fcber alle Vorg\u00e4nge in Ihrer Flotte.","og_url":"https:\/\/trackunit.com\/de\/demo-anfordern\/","og_site_name":"Trackunit","article_publisher":"https:\/\/www.facebook.com\/Trackunit.official","article_modified_time":"2025-12-03T06:47:28+00:00","og_image":[{"width":1200,"height":628,"url":"https:\/\/trackunit.com\/wp-content\/uploads\/2022\/06\/featured-trackunit_home-1200x628-1.jpg","type":"image\/jpeg"}],"twitter_card":"summary_large_image","twitter_title":"Fordern Sie eine Demo an, um mehr \u00fcber unsere Plattform und L\u00f6sungen zu erfahren | Trackunit","twitter_description":"Entdecken Sie gemeinsam mit uns Ihr Konnektivit\u00e4tspotenzial. Mit unserer Flottenmanagement-Software behalten Sie den \u00dcberblick \u00fcber alle Vorg\u00e4nge in Ihrer Flotte.","twitter_site":"@trackunit","twitter_misc":{"Gesch\u00e4tzte Lesezeit":"17 Minuten"},"schema":{"@context":"https:\/\/schema.org","@graph":[{"@type":"WebPage","@id":"https:\/\/trackunit.com\/de\/demo-anfordern\/","url":"https:\/\/trackunit.com\/de\/demo-anfordern\/","name":"Fordern Sie eine Demo an, um mehr \u00fcber unsere Plattform und L\u00f6sungen zu erfahren | Trackunit","isPartOf":{"@id":"https:\/\/trackunit.com\/de\/#website"},"datePublished":"2022-05-14T18:33:11+00:00","dateModified":"2025-12-03T06:47:28+00:00","description":"Mit unserer Flottenmanagement-Software behalten Sie den \u00dcberblick \u00fcber Ihre gesamte Flotte. Fordern Sie eine Demo von Trackunit an und erfahren Sie, was unsere Plattform f\u00fcr Sie leisten kann.","breadcrumb":{"@id":"https:\/\/trackunit.com\/de\/demo-anfordern\/#breadcrumb"},"inLanguage":"de-DE","potentialAction":[{"@type":"ReadAction","target":["https:\/\/trackunit.com\/de\/demo-anfordern\/"]}]},{"@type":"BreadcrumbList","@id":"https:\/\/trackunit.com\/de\/demo-anfordern\/#breadcrumb","itemListElement":[{"@type":"ListItem","position":1,"name":"Home","item":"https:\/\/trackunit.com\/de\/frontpage\/"},{"@type":"ListItem","position":2,"name":"Demo anfordern"}]},{"@type":"WebSite","@id":"https:\/\/trackunit.com\/de\/#website","url":"https:\/\/trackunit.com\/de\/","name":"Trackunit","description":"Die f\u00fchrende Plattform f\u00fcr Telematik und Flottenmanagement","publisher":{"@id":"https:\/\/trackunit.com\/de\/#organization"},"potentialAction":[{"@type":"SearchAction","target":{"@type":"EntryPoint","urlTemplate":"https:\/\/trackunit.com\/de\/?s={search_term_string}"},"query-input":{"@type":"PropertyValueSpecification","valueRequired":true,"valueName":"search_term_string"}}],"inLanguage":"de-DE"},{"@type":"Organization","@id":"https:\/\/trackunit.com\/de\/#organization","name":"Trackunit","url":"https:\/\/trackunit.com\/de\/","logo":{"@type":"ImageObject","inLanguage":"de-DE","@id":"https:\/\/trackunit.com\/de\/#\/schema\/logo\/image\/","url":"https:\/\/trackunit.com\/wp-content\/uploads\/2022\/06\/trackunit_logotype_rgb_red.png","contentUrl":"https:\/\/trackunit.com\/wp-content\/uploads\/2022\/06\/trackunit_logotype_rgb_red.png","width":2824,"height":693,"caption":"Trackunit"},"image":{"@id":"https:\/\/trackunit.com\/de\/#\/schema\/logo\/image\/"},"sameAs":["https:\/\/www.facebook.com\/Trackunit.official","https:\/\/x.com\/trackunit","https:\/\/www.linkedin.com\/company\/trackunit-a-s\/"]}]}},"_links":{"self":[{"href":"https:\/\/trackunit.com\/de\/wp-json\/wp\/v2\/pages\/28284","targetHints":{"allow":["GET"]}}],"collection":[{"href":"https:\/\/trackunit.com\/de\/wp-json\/wp\/v2\/pages"}],"about":[{"href":"https:\/\/trackunit.com\/de\/wp-json\/wp\/v2\/types\/page"}],"author":[{"embeddable":true,"href":"https:\/\/trackunit.com\/de\/wp-json\/wp\/v2\/users\/10"}],"replies":[{"embeddable":true,"href":"https:\/\/trackunit.com\/de\/wp-json\/wp\/v2\/comments?post=28284"}],"version-history":[{"count":0,"href":"https:\/\/trackunit.com\/de\/wp-json\/wp\/v2\/pages\/28284\/revisions"}],"wp:attachment":[{"href":"https:\/\/trackunit.com\/de\/wp-json\/wp\/v2\/media?parent=28284"}],"wp:term":[{"taxonomy":"category","embeddable":true,"href":"https:\/\/trackunit.com\/de\/wp-json\/wp\/v2\/categories?post=28284"},{"taxonomy":"post_tag","embeddable":true,"href":"https:\/\/trackunit.com\/de\/wp-json\/wp\/v2\/tags?post=28284"}],"curies":[{"name":"wp","href":"https:\/\/api.w.org\/{rel}","templated":true}]}}