{"id":27418,"date":"2022-05-19T12:37:05","date_gmt":"2022-05-19T10:37:05","guid":{"rendered":"https:\/\/beta.trackunit.com\/cookie-richtlinie\/"},"modified":"2026-02-19T11:16:18","modified_gmt":"2026-02-19T10:16:18","slug":"cookie-richtlinie","status":"publish","type":"page","link":"https:\/\/trackunit.com\/de\/cookie-richtlinie\/","title":{"rendered":"Cookie-Richtlinie"},"content":{"rendered":"\t\t<div data-elementor-type=\"wp-page\" data-elementor-id=\"27418\" class=\"elementor elementor-27418 elementor-21548\" data-elementor-post-type=\"page\">\n\t\t\t\t<div class=\"elementor-element elementor-element-afb8760 e-flex e-con-boxed e-con e-parent\" data-id=\"afb8760\" data-element_type=\"container\" data-e-type=\"container\">\n\t\t\t\t\t<div class=\"e-con-inner\">\n\t\t<div class=\"elementor-element elementor-element-652e743 e-con-full e-flex e-con e-child\" data-id=\"652e743\" data-element_type=\"container\" data-e-type=\"container\">\n\t\t<div class=\"elementor-element elementor-element-50ff313 e-con-full e-flex e-con e-child\" data-id=\"50ff313\" data-element_type=\"container\" data-e-type=\"container\">\n\t\t\t\t<div class=\"elementor-element elementor-element-70339c8 elementor-widget__width-auto elementor-widget elementor-widget-heading\" data-id=\"70339c8\" data-element_type=\"widget\" data-e-type=\"widget\" data-widget_type=\"heading.default\">\n\t\t\t\t<div class=\"elementor-widget-container\">\n\t\t\t\t\t<div class=\"elementor-heading-title elementor-size-default\">Rechtliche Informationen und Hinweise\u200b\n<\/div>\t\t\t\t<\/div>\n\t\t\t\t<\/div>\n\t\t\t\t<\/div>\n\t\t\t\t<div class=\"elementor-element elementor-element-32112a2 elementor-widget-laptop__width-initial elementor-widget__width-initial elementor-widget elementor-widget-heading\" data-id=\"32112a2\" data-element_type=\"widget\" data-e-type=\"widget\" data-widget_type=\"heading.default\">\n\t\t\t\t<div class=\"elementor-widget-container\">\n\t\t\t\t\t<h1 class=\"elementor-heading-title elementor-size-default\">Cookie-Richtlinie<\/h1>\t\t\t\t<\/div>\n\t\t\t\t<\/div>\n\t\t\t\t<div class=\"elementor-element elementor-element-001cca8 elementor-widget__width-initial elementor-widget elementor-widget-text-editor\" data-id=\"001cca8\" data-element_type=\"widget\" data-e-type=\"widget\" data-widget_type=\"text-editor.default\">\n\t\t\t\t<div class=\"elementor-widget-container\">\n\t\t\t\t\t\t\t\t\t<p>Diese Website verwendet Cookies. Wir verwenden Cookies haupts\u00e4chlich, um Ihre Erfahrung auf unseren Websites zu verbessern und zu analysieren sowie f\u00fcr Marketingzwecke.<\/p>\n\t\t\t\t\t\t\t\t<\/div>\n\t\t\t\t<\/div>\n\t\t\t\t<\/div>\n\t\t\t\t<div class=\"elementor-element elementor-element-c5c343e elementor-widget elementor-widget-image\" data-id=\"c5c343e\" data-element_type=\"widget\" data-e-type=\"widget\" data-widget_type=\"image.default\">\n\t\t\t\t<div class=\"elementor-widget-container\">\n\t\t\t\t\t\t\t\t\t\t\t\t\t\t\t<img fetchpriority=\"high\" decoding=\"async\" width=\"1352\" height=\"570\" src=\"https:\/\/trackunit.com\/wp-content\/uploads\/2025\/07\/standard-banner-1352x570-1.png\" class=\"attachment-full size-full wp-image-51372\" alt=\"\" srcset=\"https:\/\/trackunit.com\/wp-content\/uploads\/2025\/07\/standard-banner-1352x570-1.png 1352w, https:\/\/trackunit.com\/wp-content\/uploads\/2025\/07\/standard-banner-1352x570-1-300x126.png 300w, https:\/\/trackunit.com\/wp-content\/uploads\/2025\/07\/standard-banner-1352x570-1-1024x432.png 1024w, https:\/\/trackunit.com\/wp-content\/uploads\/2025\/07\/standard-banner-1352x570-1-768x324.png 768w\" sizes=\"(max-width: 1352px) 100vw, 1352px\" \/>\t\t\t\t\t\t\t\t\t\t\t\t\t\t\t<\/div>\n\t\t\t\t<\/div>\n\t\t\t\t\t<\/div>\n\t\t\t\t<\/div>\n\t\t<div class=\"elementor-element elementor-element-145985f e-flex e-con-boxed e-con e-parent\" data-id=\"145985f\" data-element_type=\"container\" data-e-type=\"container\">\n\t\t\t\t\t<div class=\"e-con-inner\">\n\t\t\t\t<div class=\"elementor-element elementor-element-387fa7b elementor-widget elementor-widget-heading\" data-id=\"387fa7b\" data-element_type=\"widget\" data-e-type=\"widget\" data-widget_type=\"heading.default\">\n\t\t\t\t<div class=\"elementor-widget-container\">\n\t\t\t\t\t<h2 class=\"elementor-heading-title elementor-size-default\">Was sind Cookies?<\/h2>\t\t\t\t<\/div>\n\t\t\t\t<\/div>\n\t\t\t\t<div class=\"elementor-element elementor-element-a7aefcd elementor-widget elementor-widget-text-editor\" data-id=\"a7aefcd\" data-element_type=\"widget\" data-e-type=\"widget\" data-widget_type=\"text-editor.default\">\n\t\t\t\t<div class=\"elementor-widget-container\">\n\t\t\t\t\t\t\t\t\tEin Cookie ist eine kleine Datei, die auf Ihrem Computer, Tablet oder Mobiltelefon gespeichert wird. Ein Cookie ist kein Programm, das eine sch\u00e4dliche Software oder einen Virus enthalten kann.\n\n\t\t\t\t\t\t\t\t<\/div>\n\t\t\t\t<\/div>\n\t\t\t\t<div class=\"elementor-element elementor-element-38db199 elementor-widget elementor-widget-heading\" data-id=\"38db199\" data-element_type=\"widget\" data-e-type=\"widget\" data-widget_type=\"heading.default\">\n\t\t\t\t<div class=\"elementor-widget-container\">\n\t\t\t\t\t<h2 class=\"elementor-heading-title elementor-size-default\">Verwendung von Cookies auf dieser Website\n<\/h2>\t\t\t\t<\/div>\n\t\t\t\t<\/div>\n\t\t\t\t<div class=\"elementor-element elementor-element-ce2a202 elementor-widget elementor-widget-text-editor\" data-id=\"ce2a202\" data-element_type=\"widget\" data-e-type=\"widget\" data-widget_type=\"text-editor.default\">\n\t\t\t\t<div class=\"elementor-widget-container\">\n\t\t\t\t\t\t\t\t\t<p>Cookies dienen dazu, dass die Website funktioniert. Cookies helfen uns, einen \u00dcberblick \u00fcber Ihren Besuch der Website zu erhalten, sodass wir unsere Seite optimieren und an Ihre Bed\u00fcrfnisse und Interessen anpassen k\u00f6nnen. Cookies speichern z. B. welche Waren Sie Ihrem Einkaufskorb hinzugef\u00fcgt haben, ob Sie die Seite fr\u00fcher bereits besucht haben, ob Sie sich angemeldet haben und in welcher Sprache und mit welcher W\u00e4hrung Sie die Seite gerne anschauen m\u00f6chten.<\/p>\n<p>Wir verwenden Cookies auch dazu, um Ihnen auf anderen Websites ma\u00dfgeschneiderte Werbeanzeigen anzeigen lassen zu k\u00f6nnen. Ganz allgemein verwenden wir Cookies als Teil unseres Services, Ihnen die Inhalte anzeigen zu k\u00f6nnen, die f\u00fcr Sie am relevantesten sind.<\/p>\n\t\t\t\t\t\t\t\t<\/div>\n\t\t\t\t<\/div>\n\t\t\t\t<div class=\"elementor-element elementor-element-7790b8c elementor-widget-divider--view-line elementor-widget elementor-widget-divider\" data-id=\"7790b8c\" data-element_type=\"widget\" data-e-type=\"widget\" data-widget_type=\"divider.default\">\n\t\t\t\t<div class=\"elementor-widget-container\">\n\t\t\t\t\t\t\t<div class=\"elementor-divider\">\n\t\t\t<span class=\"elementor-divider-separator\">\n\t\t\t\t\t\t<\/span>\n\t\t<\/div>\n\t\t\t\t\t\t<\/div>\n\t\t\t\t<\/div>\n\t\t\t\t<div class=\"elementor-element elementor-element-e31876d elementor-widget elementor-widget-heading\" data-id=\"e31876d\" data-element_type=\"widget\" data-e-type=\"widget\" data-widget_type=\"heading.default\">\n\t\t\t\t<div class=\"elementor-widget-container\">\n\t\t\t\t\t<h2 class=\"elementor-heading-title elementor-size-default\">Die folgenden Cookies werden auf dieser Webseite eingesetzt<\/h2>\t\t\t\t<\/div>\n\t\t\t\t<\/div>\n\t\t\t\t<div class=\"elementor-element elementor-element-4fbdf33 elementor-widget elementor-widget-text-editor\" data-id=\"4fbdf33\" data-element_type=\"widget\" data-e-type=\"widget\" data-widget_type=\"text-editor.default\">\n\t\t\t\t<div class=\"elementor-widget-container\">\n\t\t\t\t\t\t\t\t\t<p><strong>Unbedingt erforderlich\u200b<\/strong><\/p>\n<p>Unbedingt erforderliche Cookies tragen dazu bei, dass sich die User auf der Website bewegen k\u00f6nnen, indem grundlegende Einrichtungen wie das Navigieren auf den Seiten und der Zugang zu sicheren Bereichen gew\u00e4hrleistet sind. Ohne diese Cookies w\u00fcrde die Website nicht zweckm\u00e4\u00dfig funktionieren.<\/p>\n\t\t\t\t\t\t\t\t<\/div>\n\t\t\t\t<\/div>\n\t\t\t\t<div class=\"elementor-element elementor-element-8142946 elementor-widget elementor-widget-text-editor\" data-id=\"8142946\" data-element_type=\"widget\" data-e-type=\"widget\" data-widget_type=\"text-editor.default\">\n\t\t\t\t<div class=\"elementor-widget-container\">\n\t\t\t\t\t\t\t\t\t<p><strong>Funktional<\/strong><\/p>\n<p>Funktionale Cookies erm\u00f6glichen es, Informationen zu speichern, die das Erscheinungsbild oder die Handlungen auf der Website \u00e4ndern k\u00f6nnen. Dabei k\u00f6nnte es sich um Ihre bevorzugte Sprache oder Region handeln.<\/p>\n\t\t\t\t\t\t\t\t<\/div>\n\t\t\t\t<\/div>\n\t\t\t\t<div class=\"elementor-element elementor-element-6d9ea0c elementor-widget elementor-widget-text-editor\" data-id=\"6d9ea0c\" data-element_type=\"widget\" data-e-type=\"widget\" data-widget_type=\"text-editor.default\">\n\t\t\t\t<div class=\"elementor-widget-container\">\n\t\t\t\t\t\t\t\t\t<p><strong>Statistik<\/strong>\u200b<\/p>\n<p>Statistische Cookies helfen dem Websitebetreiber dabei zu verstehen, wie Besucher mit der Website interagieren, indem Informationen gesammelt und Berichte erstellt werden.<\/p>\n\t\t\t\t\t\t\t\t<\/div>\n\t\t\t\t<\/div>\n\t\t\t\t<div class=\"elementor-element elementor-element-18756e5 elementor-widget elementor-widget-text-editor\" data-id=\"18756e5\" data-element_type=\"widget\" data-e-type=\"widget\" data-widget_type=\"text-editor.default\">\n\t\t\t\t<div class=\"elementor-widget-container\">\n\t\t\t\t\t\t\t\t\t<p><strong>Werbung<\/strong><\/p>\n<p>Werbe-Cookies werden genutzt, um Besucher \u00fcber verschiedene Websites zu identifizieren. Ziel und Zweck ist es, den einzelnen Webnutzern Werbung zu zeigen, die f\u00fcr sie relevant und interessant ist, und damit wertvoller f\u00fcr Herausgeber und Drittinserenten.<\/p>\n<p>Einzelheiten zu den Arten von Cookies, ihrem Zweck und den beteiligten Dritten finden Sie in den Cookie-Einstellungen. Sie k\u00f6nnen diese einsehen und Ihre bevorzugten Einstellungen \u00e4ndern, indem Sie auf das Cookie-Symbol in der unteren linken Ecke der Webseite klicken.<\/p>\n\t\t\t\t\t\t\t\t<\/div>\n\t\t\t\t<\/div>\n\t\t\t\t<div class=\"elementor-element elementor-element-ea2ce1b elementor-widget-divider--view-line elementor-widget elementor-widget-divider\" data-id=\"ea2ce1b\" data-element_type=\"widget\" data-e-type=\"widget\" data-widget_type=\"divider.default\">\n\t\t\t\t<div class=\"elementor-widget-container\">\n\t\t\t\t\t\t\t<div class=\"elementor-divider\">\n\t\t\t<span class=\"elementor-divider-separator\">\n\t\t\t\t\t\t<\/span>\n\t\t<\/div>\n\t\t\t\t\t\t<\/div>\n\t\t\t\t<\/div>\n\t\t\t\t<div class=\"elementor-element elementor-element-13ab41a elementor-widget elementor-widget-heading\" data-id=\"13ab41a\" data-element_type=\"widget\" data-e-type=\"widget\" data-widget_type=\"heading.default\">\n\t\t\t\t<div class=\"elementor-widget-container\">\n\t\t\t\t\t<h2 class=\"elementor-heading-title elementor-size-default\">Inhaber der Webseite<\/h2>\t\t\t\t<\/div>\n\t\t\t\t<\/div>\n\t\t\t\t<div class=\"elementor-element elementor-element-f633618 elementor-widget elementor-widget-text-editor\" data-id=\"f633618\" data-element_type=\"widget\" data-e-type=\"widget\" data-widget_type=\"text-editor.default\">\n\t\t\t\t<div class=\"elementor-widget-container\">\n\t\t\t\t\t\t\t\t\t<p>Trackunit ApS<br \/>Gasv\u00e6rksvej 24<\/p>\n<p>Aalborg, DK-9000<\/p>\n\t\t\t\t\t\t\t\t<\/div>\n\t\t\t\t<\/div>\n\t\t\t\t\t<\/div>\n\t\t\t\t<\/div>\n\t\t\t\t<\/div>\n\t\t","protected":false},"excerpt":{"rendered":"<p>Rechtliche Informationen und Hinweise\u200b Cookie-Richtlinie Diese Website verwendet Cookies. Wir verwenden Cookies haupts\u00e4chlich, um Ihre Erfahrung auf unseren Websites zu verbessern und zu analysieren sowie f\u00fcr Marketingzwecke. Was sind Cookies? Ein Cookie ist eine kleine Datei, die auf Ihrem Computer, Tablet oder Mobiltelefon gespeichert wird. Ein Cookie ist kein Programm, das eine sch\u00e4dliche Software oder [&hellip;]<\/p>\n","protected":false},"author":23,"featured_media":28345,"parent":0,"menu_order":0,"comment_status":"closed","ping_status":"closed","template":"","meta":{"_acf_changed":false,"content-type":"","inline_featured_image":false,"footnotes":""},"categories":[],"tags":[],"class_list":["post-27418","page","type-page","status-publish","has-post-thumbnail","hentry"],"acf":[],"yoast_head":"<!-- This site is optimized with the Yoast SEO Premium plugin v27.3 (Yoast SEO v27.3) - https:\/\/yoast.com\/product\/yoast-seo-premium-wordpress\/ -->\n<title>Cookie-Richtlinie - Trackunit<\/title>\n<meta name=\"description\" content=\"Cookies sind notwendig, damit die Website funktioniert. Cookies helfen uns bei der kontinuierlichen Optimierung der Website auf Basis Ihrer Anforderungen.\" \/>\n<meta name=\"robots\" content=\"index, follow, max-snippet:-1, max-image-preview:large, max-video-preview:-1\" \/>\n<link rel=\"canonical\" href=\"https:\/\/trackunit.com\/de\/cookie-richtlinie\/\" \/>\n<meta property=\"og:locale\" content=\"de_DE\" \/>\n<meta property=\"og:type\" content=\"article\" \/>\n<meta property=\"og:title\" content=\"Cookie-Richtlinie - Trackunit\" \/>\n<meta property=\"og:description\" content=\"Cookies sind notwendig, damit die Website funktioniert. Cookies helfen uns bei der kontinuierlichen Optimierung der Website auf Basis Ihrer Anforderungen.\" \/>\n<meta property=\"og:url\" content=\"https:\/\/trackunit.com\/de\/cookie-richtlinie\/\" \/>\n<meta property=\"og:site_name\" content=\"Trackunit\" \/>\n<meta property=\"article:publisher\" content=\"https:\/\/www.facebook.com\/Trackunit.official\" \/>\n<meta property=\"article:modified_time\" content=\"2026-02-19T10:16:18+00:00\" \/>\n<meta property=\"og:image\" content=\"https:\/\/trackunit.com\/wp-content\/uploads\/2022\/07\/trackunit_on-1200x628-1.jpg\" \/>\n\t<meta property=\"og:image:width\" content=\"1200\" \/>\n\t<meta property=\"og:image:height\" content=\"628\" \/>\n\t<meta property=\"og:image:type\" content=\"image\/jpeg\" \/>\n<meta name=\"twitter:card\" content=\"summary_large_image\" \/>\n<meta name=\"twitter:title\" content=\"Cookie-Richtlinie\" \/>\n<meta name=\"twitter:site\" content=\"@trackunit\" \/>\n<meta name=\"twitter:label1\" content=\"Gesch\u00e4tzte Lesezeit\" \/>\n\t<meta name=\"twitter:data1\" content=\"3 Minuten\" \/>\n<script type=\"application\/ld+json\" class=\"yoast-schema-graph\">{\"@context\":\"https:\\\/\\\/schema.org\",\"@graph\":[{\"@type\":\"WebPage\",\"@id\":\"https:\\\/\\\/trackunit.com\\\/de\\\/cookie-richtlinie\\\/\",\"url\":\"https:\\\/\\\/trackunit.com\\\/de\\\/cookie-richtlinie\\\/\",\"name\":\"Cookie-Richtlinie - Trackunit\",\"isPartOf\":{\"@id\":\"https:\\\/\\\/trackunit.com\\\/de\\\/#website\"},\"primaryImageOfPage\":{\"@id\":\"https:\\\/\\\/trackunit.com\\\/de\\\/cookie-richtlinie\\\/#primaryimage\"},\"image\":{\"@id\":\"https:\\\/\\\/trackunit.com\\\/de\\\/cookie-richtlinie\\\/#primaryimage\"},\"thumbnailUrl\":\"https:\\\/\\\/trackunit.com\\\/wp-content\\\/uploads\\\/2022\\\/07\\\/trackunit_on-1200x628-1.jpg\",\"datePublished\":\"2022-05-19T10:37:05+00:00\",\"dateModified\":\"2026-02-19T10:16:18+00:00\",\"description\":\"Cookies sind notwendig, damit die Website funktioniert. Cookies helfen uns bei der kontinuierlichen Optimierung der Website auf Basis Ihrer Anforderungen.\",\"breadcrumb\":{\"@id\":\"https:\\\/\\\/trackunit.com\\\/de\\\/cookie-richtlinie\\\/#breadcrumb\"},\"inLanguage\":\"de-DE\",\"potentialAction\":[{\"@type\":\"ReadAction\",\"target\":[\"https:\\\/\\\/trackunit.com\\\/de\\\/cookie-richtlinie\\\/\"]}]},{\"@type\":\"ImageObject\",\"inLanguage\":\"de-DE\",\"@id\":\"https:\\\/\\\/trackunit.com\\\/de\\\/cookie-richtlinie\\\/#primaryimage\",\"url\":\"https:\\\/\\\/trackunit.com\\\/wp-content\\\/uploads\\\/2022\\\/07\\\/trackunit_on-1200x628-1.jpg\",\"contentUrl\":\"https:\\\/\\\/trackunit.com\\\/wp-content\\\/uploads\\\/2022\\\/07\\\/trackunit_on-1200x628-1.jpg\",\"width\":1200,\"height\":628},{\"@type\":\"BreadcrumbList\",\"@id\":\"https:\\\/\\\/trackunit.com\\\/de\\\/cookie-richtlinie\\\/#breadcrumb\",\"itemListElement\":[{\"@type\":\"ListItem\",\"position\":1,\"name\":\"Home\",\"item\":\"https:\\\/\\\/trackunit.com\\\/de\\\/frontpage\\\/\"},{\"@type\":\"ListItem\",\"position\":2,\"name\":\"Cookie-Richtlinie\"}]},{\"@type\":\"WebSite\",\"@id\":\"https:\\\/\\\/trackunit.com\\\/de\\\/#website\",\"url\":\"https:\\\/\\\/trackunit.com\\\/de\\\/\",\"name\":\"Trackunit\",\"description\":\"Die f\u00fchrende Plattform f\u00fcr Telematik und Flottenmanagement\",\"publisher\":{\"@id\":\"https:\\\/\\\/trackunit.com\\\/de\\\/#organization\"},\"potentialAction\":[{\"@type\":\"SearchAction\",\"target\":{\"@type\":\"EntryPoint\",\"urlTemplate\":\"https:\\\/\\\/trackunit.com\\\/de\\\/?s={search_term_string}\"},\"query-input\":{\"@type\":\"PropertyValueSpecification\",\"valueRequired\":true,\"valueName\":\"search_term_string\"}}],\"inLanguage\":\"de-DE\"},{\"@type\":\"Organization\",\"@id\":\"https:\\\/\\\/trackunit.com\\\/de\\\/#organization\",\"name\":\"Trackunit\",\"url\":\"https:\\\/\\\/trackunit.com\\\/de\\\/\",\"logo\":{\"@type\":\"ImageObject\",\"inLanguage\":\"de-DE\",\"@id\":\"https:\\\/\\\/trackunit.com\\\/de\\\/#\\\/schema\\\/logo\\\/image\\\/\",\"url\":\"https:\\\/\\\/trackunit.com\\\/wp-content\\\/uploads\\\/2022\\\/06\\\/trackunit_logotype_rgb_red.png\",\"contentUrl\":\"https:\\\/\\\/trackunit.com\\\/wp-content\\\/uploads\\\/2022\\\/06\\\/trackunit_logotype_rgb_red.png\",\"width\":2824,\"height\":693,\"caption\":\"Trackunit\"},\"image\":{\"@id\":\"https:\\\/\\\/trackunit.com\\\/de\\\/#\\\/schema\\\/logo\\\/image\\\/\"},\"sameAs\":[\"https:\\\/\\\/www.facebook.com\\\/Trackunit.official\",\"https:\\\/\\\/x.com\\\/trackunit\",\"https:\\\/\\\/www.linkedin.com\\\/company\\\/trackunit-a-s\\\/\"]}]}<\/script>\n<!-- \/ Yoast SEO Premium plugin. -->","yoast_head_json":{"title":"Cookie-Richtlinie - Trackunit","description":"Cookies sind notwendig, damit die Website funktioniert. Cookies helfen uns bei der kontinuierlichen Optimierung der Website auf Basis Ihrer Anforderungen.","robots":{"index":"index","follow":"follow","max-snippet":"max-snippet:-1","max-image-preview":"max-image-preview:large","max-video-preview":"max-video-preview:-1"},"canonical":"https:\/\/trackunit.com\/de\/cookie-richtlinie\/","og_locale":"de_DE","og_type":"article","og_title":"Cookie-Richtlinie - Trackunit","og_description":"Cookies sind notwendig, damit die Website funktioniert. Cookies helfen uns bei der kontinuierlichen Optimierung der Website auf Basis Ihrer Anforderungen.","og_url":"https:\/\/trackunit.com\/de\/cookie-richtlinie\/","og_site_name":"Trackunit","article_publisher":"https:\/\/www.facebook.com\/Trackunit.official","article_modified_time":"2026-02-19T10:16:18+00:00","og_image":[{"width":1200,"height":628,"url":"https:\/\/trackunit.com\/wp-content\/uploads\/2022\/07\/trackunit_on-1200x628-1.jpg","type":"image\/jpeg"}],"twitter_card":"summary_large_image","twitter_title":"Cookie-Richtlinie","twitter_site":"@trackunit","twitter_misc":{"Gesch\u00e4tzte Lesezeit":"3 Minuten"},"schema":{"@context":"https:\/\/schema.org","@graph":[{"@type":"WebPage","@id":"https:\/\/trackunit.com\/de\/cookie-richtlinie\/","url":"https:\/\/trackunit.com\/de\/cookie-richtlinie\/","name":"Cookie-Richtlinie - Trackunit","isPartOf":{"@id":"https:\/\/trackunit.com\/de\/#website"},"primaryImageOfPage":{"@id":"https:\/\/trackunit.com\/de\/cookie-richtlinie\/#primaryimage"},"image":{"@id":"https:\/\/trackunit.com\/de\/cookie-richtlinie\/#primaryimage"},"thumbnailUrl":"https:\/\/trackunit.com\/wp-content\/uploads\/2022\/07\/trackunit_on-1200x628-1.jpg","datePublished":"2022-05-19T10:37:05+00:00","dateModified":"2026-02-19T10:16:18+00:00","description":"Cookies sind notwendig, damit die Website funktioniert. Cookies helfen uns bei der kontinuierlichen Optimierung der Website auf Basis Ihrer Anforderungen.","breadcrumb":{"@id":"https:\/\/trackunit.com\/de\/cookie-richtlinie\/#breadcrumb"},"inLanguage":"de-DE","potentialAction":[{"@type":"ReadAction","target":["https:\/\/trackunit.com\/de\/cookie-richtlinie\/"]}]},{"@type":"ImageObject","inLanguage":"de-DE","@id":"https:\/\/trackunit.com\/de\/cookie-richtlinie\/#primaryimage","url":"https:\/\/trackunit.com\/wp-content\/uploads\/2022\/07\/trackunit_on-1200x628-1.jpg","contentUrl":"https:\/\/trackunit.com\/wp-content\/uploads\/2022\/07\/trackunit_on-1200x628-1.jpg","width":1200,"height":628},{"@type":"BreadcrumbList","@id":"https:\/\/trackunit.com\/de\/cookie-richtlinie\/#breadcrumb","itemListElement":[{"@type":"ListItem","position":1,"name":"Home","item":"https:\/\/trackunit.com\/de\/frontpage\/"},{"@type":"ListItem","position":2,"name":"Cookie-Richtlinie"}]},{"@type":"WebSite","@id":"https:\/\/trackunit.com\/de\/#website","url":"https:\/\/trackunit.com\/de\/","name":"Trackunit","description":"Die f\u00fchrende Plattform f\u00fcr Telematik und Flottenmanagement","publisher":{"@id":"https:\/\/trackunit.com\/de\/#organization"},"potentialAction":[{"@type":"SearchAction","target":{"@type":"EntryPoint","urlTemplate":"https:\/\/trackunit.com\/de\/?s={search_term_string}"},"query-input":{"@type":"PropertyValueSpecification","valueRequired":true,"valueName":"search_term_string"}}],"inLanguage":"de-DE"},{"@type":"Organization","@id":"https:\/\/trackunit.com\/de\/#organization","name":"Trackunit","url":"https:\/\/trackunit.com\/de\/","logo":{"@type":"ImageObject","inLanguage":"de-DE","@id":"https:\/\/trackunit.com\/de\/#\/schema\/logo\/image\/","url":"https:\/\/trackunit.com\/wp-content\/uploads\/2022\/06\/trackunit_logotype_rgb_red.png","contentUrl":"https:\/\/trackunit.com\/wp-content\/uploads\/2022\/06\/trackunit_logotype_rgb_red.png","width":2824,"height":693,"caption":"Trackunit"},"image":{"@id":"https:\/\/trackunit.com\/de\/#\/schema\/logo\/image\/"},"sameAs":["https:\/\/www.facebook.com\/Trackunit.official","https:\/\/x.com\/trackunit","https:\/\/www.linkedin.com\/company\/trackunit-a-s\/"]}]}},"_links":{"self":[{"href":"https:\/\/trackunit.com\/de\/wp-json\/wp\/v2\/pages\/27418","targetHints":{"allow":["GET"]}}],"collection":[{"href":"https:\/\/trackunit.com\/de\/wp-json\/wp\/v2\/pages"}],"about":[{"href":"https:\/\/trackunit.com\/de\/wp-json\/wp\/v2\/types\/page"}],"author":[{"embeddable":true,"href":"https:\/\/trackunit.com\/de\/wp-json\/wp\/v2\/users\/23"}],"replies":[{"embeddable":true,"href":"https:\/\/trackunit.com\/de\/wp-json\/wp\/v2\/comments?post=27418"}],"version-history":[{"count":0,"href":"https:\/\/trackunit.com\/de\/wp-json\/wp\/v2\/pages\/27418\/revisions"}],"wp:featuredmedia":[{"embeddable":true,"href":"https:\/\/trackunit.com\/de\/wp-json\/wp\/v2\/media\/28345"}],"wp:attachment":[{"href":"https:\/\/trackunit.com\/de\/wp-json\/wp\/v2\/media?parent=27418"}],"wp:term":[{"taxonomy":"category","embeddable":true,"href":"https:\/\/trackunit.com\/de\/wp-json\/wp\/v2\/categories?post=27418"},{"taxonomy":"post_tag","embeddable":true,"href":"https:\/\/trackunit.com\/de\/wp-json\/wp\/v2\/tags?post=27418"}],"curies":[{"name":"wp","href":"https:\/\/api.w.org\/{rel}","templated":true}]}}