{"id":27413,"date":"2022-05-25T08:52:55","date_gmt":"2022-05-25T06:52:55","guid":{"rendered":"https:\/\/beta.trackunit.com\/kommunikationsrichtlinie\/"},"modified":"2026-02-19T11:13:51","modified_gmt":"2026-02-19T10:13:51","slug":"kommunikationsrichtlinie","status":"publish","type":"page","link":"https:\/\/trackunit.com\/de\/kommunikationsrichtlinie\/","title":{"rendered":"Kommunikationsrichtlinie"},"content":{"rendered":"\t\t<div data-elementor-type=\"wp-page\" data-elementor-id=\"27413\" class=\"elementor elementor-27413 elementor-24627\" data-elementor-post-type=\"page\">\n\t\t\t\t<div class=\"elementor-element elementor-element-b560634 e-flex e-con-boxed e-con e-parent\" data-id=\"b560634\" data-element_type=\"container\" data-e-type=\"container\">\n\t\t\t\t\t<div class=\"e-con-inner\">\n\t\t<div class=\"elementor-element elementor-element-7f4baa2 e-con-full e-flex e-con e-child\" data-id=\"7f4baa2\" data-element_type=\"container\" data-e-type=\"container\">\n\t\t<div class=\"elementor-element elementor-element-339917f e-con-full e-flex e-con e-child\" data-id=\"339917f\" data-element_type=\"container\" data-e-type=\"container\">\n\t\t\t\t<div class=\"elementor-element elementor-element-5fca2c2 elementor-widget__width-auto elementor-widget elementor-widget-heading\" data-id=\"5fca2c2\" data-element_type=\"widget\" data-e-type=\"widget\" data-widget_type=\"heading.default\">\n\t\t\t\t<div class=\"elementor-widget-container\">\n\t\t\t\t\t<div class=\"elementor-heading-title elementor-size-default\">Rechtliche Informationen und Hinweise\u200b\n<\/div>\t\t\t\t<\/div>\n\t\t\t\t<\/div>\n\t\t\t\t<\/div>\n\t\t\t\t<div class=\"elementor-element elementor-element-387dfea elementor-widget-laptop__width-initial elementor-widget__width-initial elementor-widget elementor-widget-heading\" data-id=\"387dfea\" data-element_type=\"widget\" data-e-type=\"widget\" data-widget_type=\"heading.default\">\n\t\t\t\t<div class=\"elementor-widget-container\">\n\t\t\t\t\t<h1 class=\"elementor-heading-title elementor-size-default\">Kommunikationsrichtlinie<\/h1>\t\t\t\t<\/div>\n\t\t\t\t<\/div>\n\t\t\t\t<div class=\"elementor-element elementor-element-3d234cb elementor-widget__width-initial elementor-widget elementor-widget-text-editor\" data-id=\"3d234cb\" data-element_type=\"widget\" data-e-type=\"widget\" data-widget_type=\"text-editor.default\">\n\t\t\t\t<div class=\"elementor-widget-container\">\n\t\t\t\t\t\t\t\t\tErfahren Sie, wie wir Daten erfassen, verwenden und weitergeben, um unsere Kommunikation zu personalisieren.\n\n\t\t\t\t\t\t\t\t<\/div>\n\t\t\t\t<\/div>\n\t\t\t\t<\/div>\n\t\t\t\t<div class=\"elementor-element elementor-element-6ad3e8d elementor-widget elementor-widget-image\" data-id=\"6ad3e8d\" data-element_type=\"widget\" data-e-type=\"widget\" data-widget_type=\"image.default\">\n\t\t\t\t<div class=\"elementor-widget-container\">\n\t\t\t\t\t\t\t\t\t\t\t\t\t\t\t<img fetchpriority=\"high\" decoding=\"async\" width=\"1352\" height=\"570\" src=\"https:\/\/trackunit.com\/wp-content\/uploads\/2025\/07\/standard-banner-1352x570-1.png\" class=\"attachment-full size-full wp-image-51372\" alt=\"\" srcset=\"https:\/\/trackunit.com\/wp-content\/uploads\/2025\/07\/standard-banner-1352x570-1.png 1352w, https:\/\/trackunit.com\/wp-content\/uploads\/2025\/07\/standard-banner-1352x570-1-300x126.png 300w, https:\/\/trackunit.com\/wp-content\/uploads\/2025\/07\/standard-banner-1352x570-1-1024x432.png 1024w, https:\/\/trackunit.com\/wp-content\/uploads\/2025\/07\/standard-banner-1352x570-1-768x324.png 768w\" sizes=\"(max-width: 1352px) 100vw, 1352px\" \/>\t\t\t\t\t\t\t\t\t\t\t\t\t\t\t<\/div>\n\t\t\t\t<\/div>\n\t\t\t\t\t<\/div>\n\t\t\t\t<\/div>\n\t\t<div class=\"elementor-element elementor-element-8f22b94 e-flex e-con-boxed e-con e-parent\" data-id=\"8f22b94\" data-element_type=\"container\" data-e-type=\"container\">\n\t\t\t\t\t<div class=\"e-con-inner\">\n\t\t\t\t<div class=\"elementor-element elementor-element-788de1d elementor-widget elementor-widget-heading\" data-id=\"788de1d\" data-element_type=\"widget\" data-e-type=\"widget\" data-widget_type=\"heading.default\">\n\t\t\t\t<div class=\"elementor-widget-container\">\n\t\t\t\t\t<h2 class=\"elementor-heading-title elementor-size-default\">Ihre Informationen. Unsere Verantwortung\n\n<\/h2>\t\t\t\t<\/div>\n\t\t\t\t<\/div>\n\t\t\t\t<div class=\"elementor-element elementor-element-095a15f elementor-widget elementor-widget-text-editor\" data-id=\"095a15f\" data-element_type=\"widget\" data-e-type=\"widget\" data-widget_type=\"text-editor.default\">\n\t\t\t\t<div class=\"elementor-widget-container\">\n\t\t\t\t\t\t\t\t\t<p>Trackunit ApS und verbundene Unternehmen k\u00f6nnen mir elektronische Mitteilungen, wie E-Mails, SMS, MMS, Push-Benachrichtigungen, Widgets sowie gew\u00f6hnliche Post, zusenden. Das Unternehmen kann sich zudem fernm\u00fcndlich oder mittels sonstiger gebr\u00e4uchlicher Telekommunikationsmittel \u00fcber Apps, Social Media, Internet oder andere digitale Kommunikationsmedien mit mir in Verbindung setzen.<\/p>\n<p>Trackunit ApS und verbundene Unternehmen k\u00f6nnen gegebenenfalls Informationen, darunter auch personenbezogene Daten, \u00fcber mich und meine Aktivit\u00e4ten, sammeln, nutzen und mit anderen Daten zusammenf\u00fchren, welche Trackunit ApS und verbundene Unternehmen aus anderen Quellen, wie z.&nbsp;B. Cookies von anderen Websites, beziehen. Trackunit ApS und verbundene Unternehmen k\u00f6nnen mithilfe dieser Daten ein Profil von mir erstellen, um dieses f\u00fcr auf meine Vorlieben und Pr\u00e4ferenzen abgestimmte Marketingma\u00dfnahmen zu nutzen.<\/p>\n<p>Trackunit ApS und verbundene Unternehmen k\u00f6nnen Daten, einschlie\u00dflich aber nicht beschr\u00e4nkt auf personenbezogene Daten \u00fcber mich und meine Aktivit\u00e4ten, intern bei Trackunit ApS und in verbundenen Unternehmen nutzen sowie an die Unterauftragnehmer und Gesch\u00e4ftspartner von Trackunit ApS und\/oder verbundenen Unternehmen weiterleiten.<\/p>\n<p>S\u00e4mtliche Daten \u00fcber mich werden st\u00e4ndig bei Trackunit ApS und verbundenen Unternehmen oder ihrem Speicherplatzanbieter gespeichert. Ich kann Trackunit ApS und verbundene Unternehmen bei Fragen bez\u00fcglich der \u00fcber mich gespeicherten Daten und Aktivit\u00e4ten jederzeit kontaktieren.<br \/>Ich kann diese Zustimmung gegen\u00fcber Trackunit ApS und verbundenen Unternehmen jederzeit zur\u00fcckrufen.<\/p>\n<p>Trackunit ApS und verbundene Unternehmen sind zur Bearbeitung meiner Daten, insbesondere auch meiner personenbezogenen Daten, berechtigt. Trackunit ApS und verbundene Unternehmen k\u00f6nnen meine Daten, einschlie\u00dflich personenbezogener Daten, in andere L\u00e4nder, auch au\u00dferhalb der EU, weiterleiten; jede \u00dcbermittlung von Daten au\u00dferhalb der EU in nicht als sicher eingestufte L\u00e4nder erfolgt ausschlie\u00dflich auf Grundlage der im Rahmen der Datenschutz-Grundverordnung gew\u00e4hrten Berechtigungen, wie z.&nbsp;B., aber nicht ausschlie\u00dflich, Standardvertragsklauseln, Binding Corporate Rules oder Ad-hoc-Vertr\u00e4ge.<\/p>\n<p>Weitere Informationen \u00fcber die Datenschutzrichtlinie von Trackunit ApS und verbundenen Unternehmen finden Sie unter&nbsp;<a href=\"https:\/\/trackunit.com\/de\/\">www.trackunit.com<\/a>.<\/p>\n\t\t\t\t\t\t\t\t<\/div>\n\t\t\t\t<\/div>\n\t\t\t\t\t<\/div>\n\t\t\t\t<\/div>\n\t\t\t\t<\/div>\n\t\t","protected":false},"excerpt":{"rendered":"<p>Rechtliche Informationen und Hinweise\u200b Kommunikationsrichtlinie Erfahren Sie, wie wir Daten erfassen, verwenden und weitergeben, um unsere Kommunikation zu personalisieren. Ihre Informationen. Unsere Verantwortung Trackunit ApS und verbundene Unternehmen k\u00f6nnen mir elektronische Mitteilungen, wie E-Mails, SMS, MMS, Push-Benachrichtigungen, Widgets sowie gew\u00f6hnliche Post, zusenden. Das Unternehmen kann sich zudem fernm\u00fcndlich oder mittels sonstiger gebr\u00e4uchlicher Telekommunikationsmittel \u00fcber Apps, [&hellip;]<\/p>\n","protected":false},"author":23,"featured_media":28577,"parent":0,"menu_order":0,"comment_status":"closed","ping_status":"closed","template":"","meta":{"_acf_changed":false,"content-type":"","inline_featured_image":false,"footnotes":""},"categories":[],"tags":[],"class_list":["post-27413","page","type-page","status-publish","has-post-thumbnail","hentry"],"acf":[],"yoast_head":"<!-- This site is optimized with the Yoast SEO Premium plugin v27.2 (Yoast SEO v27.2) - https:\/\/yoast.com\/product\/yoast-seo-premium-wordpress\/ -->\n<title>Kommunikationsrichtlinie - Trackunit<\/title>\n<meta name=\"description\" content=\"In den Kommunikationsrichtlinien von Trackunit erfahren Sie, wie wir die von Ihnen \u00fcbermittelten Kontaktdaten nutzen und verarbeiten.\" \/>\n<meta name=\"robots\" content=\"index, follow, max-snippet:-1, max-image-preview:large, max-video-preview:-1\" \/>\n<link rel=\"canonical\" href=\"https:\/\/trackunit.com\/de\/kommunikationsrichtlinie\/\" \/>\n<meta property=\"og:locale\" content=\"de_DE\" \/>\n<meta property=\"og:type\" content=\"article\" \/>\n<meta property=\"og:title\" content=\"Kommunikationsrichtlinie - Trackunit\" \/>\n<meta property=\"og:description\" content=\"In den Kommunikationsrichtlinien von Trackunit erfahren Sie, wie wir die von Ihnen \u00fcbermittelten Kontaktdaten nutzen und verarbeiten.\" \/>\n<meta property=\"og:url\" content=\"https:\/\/trackunit.com\/de\/kommunikationsrichtlinie\/\" \/>\n<meta property=\"og:site_name\" content=\"Trackunit\" \/>\n<meta property=\"article:publisher\" content=\"https:\/\/www.facebook.com\/Trackunit.official\" \/>\n<meta property=\"article:modified_time\" content=\"2026-02-19T10:13:51+00:00\" \/>\n<meta property=\"og:image\" content=\"https:\/\/trackunit.com\/wp-content\/uploads\/2022\/07\/construction-trackunit-1200x628-v3.jpg\" \/>\n\t<meta property=\"og:image:width\" content=\"1200\" \/>\n\t<meta property=\"og:image:height\" content=\"628\" \/>\n\t<meta property=\"og:image:type\" content=\"image\/jpeg\" \/>\n<meta name=\"twitter:card\" content=\"summary_large_image\" \/>\n<meta name=\"twitter:title\" content=\"Kommunikationsrichtlinie - Trackunit\" \/>\n<meta name=\"twitter:site\" content=\"@trackunit\" \/>\n<meta name=\"twitter:label1\" content=\"Gesch\u00e4tzte Lesezeit\" \/>\n\t<meta name=\"twitter:data1\" content=\"2 Minuten\" \/>\n<script type=\"application\/ld+json\" class=\"yoast-schema-graph\">{\"@context\":\"https:\/\/schema.org\",\"@graph\":[{\"@type\":\"WebPage\",\"@id\":\"https:\/\/trackunit.com\/de\/kommunikationsrichtlinie\/\",\"url\":\"https:\/\/trackunit.com\/de\/kommunikationsrichtlinie\/\",\"name\":\"Kommunikationsrichtlinie - Trackunit\",\"isPartOf\":{\"@id\":\"https:\/\/trackunit.com\/de\/#website\"},\"primaryImageOfPage\":{\"@id\":\"https:\/\/trackunit.com\/de\/kommunikationsrichtlinie\/#primaryimage\"},\"image\":{\"@id\":\"https:\/\/trackunit.com\/de\/kommunikationsrichtlinie\/#primaryimage\"},\"thumbnailUrl\":\"https:\/\/trackunit.com\/wp-content\/uploads\/2022\/07\/construction-trackunit-1200x628-v3.jpg\",\"datePublished\":\"2022-05-25T06:52:55+00:00\",\"dateModified\":\"2026-02-19T10:13:51+00:00\",\"description\":\"In den Kommunikationsrichtlinien von Trackunit erfahren Sie, wie wir die von Ihnen \u00fcbermittelten Kontaktdaten nutzen und verarbeiten.\",\"breadcrumb\":{\"@id\":\"https:\/\/trackunit.com\/de\/kommunikationsrichtlinie\/#breadcrumb\"},\"inLanguage\":\"de-DE\",\"potentialAction\":[{\"@type\":\"ReadAction\",\"target\":[\"https:\/\/trackunit.com\/de\/kommunikationsrichtlinie\/\"]}]},{\"@type\":\"ImageObject\",\"inLanguage\":\"de-DE\",\"@id\":\"https:\/\/trackunit.com\/de\/kommunikationsrichtlinie\/#primaryimage\",\"url\":\"https:\/\/trackunit.com\/wp-content\/uploads\/2022\/07\/construction-trackunit-1200x628-v3.jpg\",\"contentUrl\":\"https:\/\/trackunit.com\/wp-content\/uploads\/2022\/07\/construction-trackunit-1200x628-v3.jpg\",\"width\":1200,\"height\":628},{\"@type\":\"BreadcrumbList\",\"@id\":\"https:\/\/trackunit.com\/de\/kommunikationsrichtlinie\/#breadcrumb\",\"itemListElement\":[{\"@type\":\"ListItem\",\"position\":1,\"name\":\"Home\",\"item\":\"https:\/\/trackunit.com\/de\/frontpage\/\"},{\"@type\":\"ListItem\",\"position\":2,\"name\":\"Kommunikationsrichtlinie\"}]},{\"@type\":\"WebSite\",\"@id\":\"https:\/\/trackunit.com\/de\/#website\",\"url\":\"https:\/\/trackunit.com\/de\/\",\"name\":\"Trackunit\",\"description\":\"Die f\u00fchrende Plattform f\u00fcr Telematik und Flottenmanagement\",\"publisher\":{\"@id\":\"https:\/\/trackunit.com\/de\/#organization\"},\"potentialAction\":[{\"@type\":\"SearchAction\",\"target\":{\"@type\":\"EntryPoint\",\"urlTemplate\":\"https:\/\/trackunit.com\/de\/?s={search_term_string}\"},\"query-input\":{\"@type\":\"PropertyValueSpecification\",\"valueRequired\":true,\"valueName\":\"search_term_string\"}}],\"inLanguage\":\"de-DE\"},{\"@type\":\"Organization\",\"@id\":\"https:\/\/trackunit.com\/de\/#organization\",\"name\":\"Trackunit\",\"url\":\"https:\/\/trackunit.com\/de\/\",\"logo\":{\"@type\":\"ImageObject\",\"inLanguage\":\"de-DE\",\"@id\":\"https:\/\/trackunit.com\/de\/#\/schema\/logo\/image\/\",\"url\":\"https:\/\/trackunit.com\/wp-content\/uploads\/2022\/06\/trackunit_logotype_rgb_red.png\",\"contentUrl\":\"https:\/\/trackunit.com\/wp-content\/uploads\/2022\/06\/trackunit_logotype_rgb_red.png\",\"width\":2824,\"height\":693,\"caption\":\"Trackunit\"},\"image\":{\"@id\":\"https:\/\/trackunit.com\/de\/#\/schema\/logo\/image\/\"},\"sameAs\":[\"https:\/\/www.facebook.com\/Trackunit.official\",\"https:\/\/x.com\/trackunit\",\"https:\/\/www.linkedin.com\/company\/trackunit-a-s\/\"]}]}<\/script>\n<!-- \/ Yoast SEO Premium plugin. -->","yoast_head_json":{"title":"Kommunikationsrichtlinie - Trackunit","description":"In den Kommunikationsrichtlinien von Trackunit erfahren Sie, wie wir die von Ihnen \u00fcbermittelten Kontaktdaten nutzen und verarbeiten.","robots":{"index":"index","follow":"follow","max-snippet":"max-snippet:-1","max-image-preview":"max-image-preview:large","max-video-preview":"max-video-preview:-1"},"canonical":"https:\/\/trackunit.com\/de\/kommunikationsrichtlinie\/","og_locale":"de_DE","og_type":"article","og_title":"Kommunikationsrichtlinie - Trackunit","og_description":"In den Kommunikationsrichtlinien von Trackunit erfahren Sie, wie wir die von Ihnen \u00fcbermittelten Kontaktdaten nutzen und verarbeiten.","og_url":"https:\/\/trackunit.com\/de\/kommunikationsrichtlinie\/","og_site_name":"Trackunit","article_publisher":"https:\/\/www.facebook.com\/Trackunit.official","article_modified_time":"2026-02-19T10:13:51+00:00","og_image":[{"width":1200,"height":628,"url":"https:\/\/trackunit.com\/wp-content\/uploads\/2022\/07\/construction-trackunit-1200x628-v3.jpg","type":"image\/jpeg"}],"twitter_card":"summary_large_image","twitter_title":"Kommunikationsrichtlinie - Trackunit","twitter_site":"@trackunit","twitter_misc":{"Gesch\u00e4tzte Lesezeit":"2 Minuten"},"schema":{"@context":"https:\/\/schema.org","@graph":[{"@type":"WebPage","@id":"https:\/\/trackunit.com\/de\/kommunikationsrichtlinie\/","url":"https:\/\/trackunit.com\/de\/kommunikationsrichtlinie\/","name":"Kommunikationsrichtlinie - Trackunit","isPartOf":{"@id":"https:\/\/trackunit.com\/de\/#website"},"primaryImageOfPage":{"@id":"https:\/\/trackunit.com\/de\/kommunikationsrichtlinie\/#primaryimage"},"image":{"@id":"https:\/\/trackunit.com\/de\/kommunikationsrichtlinie\/#primaryimage"},"thumbnailUrl":"https:\/\/trackunit.com\/wp-content\/uploads\/2022\/07\/construction-trackunit-1200x628-v3.jpg","datePublished":"2022-05-25T06:52:55+00:00","dateModified":"2026-02-19T10:13:51+00:00","description":"In den Kommunikationsrichtlinien von Trackunit erfahren Sie, wie wir die von Ihnen \u00fcbermittelten Kontaktdaten nutzen und verarbeiten.","breadcrumb":{"@id":"https:\/\/trackunit.com\/de\/kommunikationsrichtlinie\/#breadcrumb"},"inLanguage":"de-DE","potentialAction":[{"@type":"ReadAction","target":["https:\/\/trackunit.com\/de\/kommunikationsrichtlinie\/"]}]},{"@type":"ImageObject","inLanguage":"de-DE","@id":"https:\/\/trackunit.com\/de\/kommunikationsrichtlinie\/#primaryimage","url":"https:\/\/trackunit.com\/wp-content\/uploads\/2022\/07\/construction-trackunit-1200x628-v3.jpg","contentUrl":"https:\/\/trackunit.com\/wp-content\/uploads\/2022\/07\/construction-trackunit-1200x628-v3.jpg","width":1200,"height":628},{"@type":"BreadcrumbList","@id":"https:\/\/trackunit.com\/de\/kommunikationsrichtlinie\/#breadcrumb","itemListElement":[{"@type":"ListItem","position":1,"name":"Home","item":"https:\/\/trackunit.com\/de\/frontpage\/"},{"@type":"ListItem","position":2,"name":"Kommunikationsrichtlinie"}]},{"@type":"WebSite","@id":"https:\/\/trackunit.com\/de\/#website","url":"https:\/\/trackunit.com\/de\/","name":"Trackunit","description":"Die f\u00fchrende Plattform f\u00fcr Telematik und Flottenmanagement","publisher":{"@id":"https:\/\/trackunit.com\/de\/#organization"},"potentialAction":[{"@type":"SearchAction","target":{"@type":"EntryPoint","urlTemplate":"https:\/\/trackunit.com\/de\/?s={search_term_string}"},"query-input":{"@type":"PropertyValueSpecification","valueRequired":true,"valueName":"search_term_string"}}],"inLanguage":"de-DE"},{"@type":"Organization","@id":"https:\/\/trackunit.com\/de\/#organization","name":"Trackunit","url":"https:\/\/trackunit.com\/de\/","logo":{"@type":"ImageObject","inLanguage":"de-DE","@id":"https:\/\/trackunit.com\/de\/#\/schema\/logo\/image\/","url":"https:\/\/trackunit.com\/wp-content\/uploads\/2022\/06\/trackunit_logotype_rgb_red.png","contentUrl":"https:\/\/trackunit.com\/wp-content\/uploads\/2022\/06\/trackunit_logotype_rgb_red.png","width":2824,"height":693,"caption":"Trackunit"},"image":{"@id":"https:\/\/trackunit.com\/de\/#\/schema\/logo\/image\/"},"sameAs":["https:\/\/www.facebook.com\/Trackunit.official","https:\/\/x.com\/trackunit","https:\/\/www.linkedin.com\/company\/trackunit-a-s\/"]}]}},"_links":{"self":[{"href":"https:\/\/trackunit.com\/de\/wp-json\/wp\/v2\/pages\/27413","targetHints":{"allow":["GET"]}}],"collection":[{"href":"https:\/\/trackunit.com\/de\/wp-json\/wp\/v2\/pages"}],"about":[{"href":"https:\/\/trackunit.com\/de\/wp-json\/wp\/v2\/types\/page"}],"author":[{"embeddable":true,"href":"https:\/\/trackunit.com\/de\/wp-json\/wp\/v2\/users\/23"}],"replies":[{"embeddable":true,"href":"https:\/\/trackunit.com\/de\/wp-json\/wp\/v2\/comments?post=27413"}],"version-history":[{"count":0,"href":"https:\/\/trackunit.com\/de\/wp-json\/wp\/v2\/pages\/27413\/revisions"}],"wp:featuredmedia":[{"embeddable":true,"href":"https:\/\/trackunit.com\/de\/wp-json\/wp\/v2\/media\/28577"}],"wp:attachment":[{"href":"https:\/\/trackunit.com\/de\/wp-json\/wp\/v2\/media?parent=27413"}],"wp:term":[{"taxonomy":"category","embeddable":true,"href":"https:\/\/trackunit.com\/de\/wp-json\/wp\/v2\/categories?post=27413"},{"taxonomy":"post_tag","embeddable":true,"href":"https:\/\/trackunit.com\/de\/wp-json\/wp\/v2\/tags?post=27413"}],"curies":[{"name":"wp","href":"https:\/\/api.w.org\/{rel}","templated":true}]}}