{"id":23822,"date":"2022-05-23T15:28:04","date_gmt":"2022-05-23T15:28:04","guid":{"rendered":"https:\/\/trackunit.wpengine.com\/?page_id=23822"},"modified":"2026-02-19T13:17:00","modified_gmt":"2026-02-19T12:17:00","slug":"impressum","status":"publish","type":"page","link":"https:\/\/trackunit.com\/de\/impressum\/","title":{"rendered":"Impressum"},"content":{"rendered":"\t\t<div data-elementor-type=\"wp-page\" data-elementor-id=\"23822\" class=\"elementor elementor-23822\" data-elementor-post-type=\"page\">\n\t\t\t\t<div class=\"elementor-element elementor-element-5a2ec38 e-flex e-con-boxed e-con e-parent\" data-id=\"5a2ec38\" data-element_type=\"container\" data-e-type=\"container\">\n\t\t\t\t\t<div class=\"e-con-inner\">\n\t\t<div class=\"elementor-element elementor-element-819fe0a e-con-full e-flex e-con e-child\" data-id=\"819fe0a\" data-element_type=\"container\" data-e-type=\"container\">\n\t\t<div class=\"elementor-element elementor-element-1e3b7be e-con-full e-flex e-con e-child\" data-id=\"1e3b7be\" data-element_type=\"container\" data-e-type=\"container\">\n\t\t\t\t<div class=\"elementor-element elementor-element-5477d99 elementor-widget__width-auto elementor-widget elementor-widget-heading\" data-id=\"5477d99\" data-element_type=\"widget\" data-e-type=\"widget\" data-widget_type=\"heading.default\">\n\t\t\t\t<div class=\"elementor-widget-container\">\n\t\t\t\t\t<div class=\"elementor-heading-title elementor-size-default\">Trackunit<\/div>\t\t\t\t<\/div>\n\t\t\t\t<\/div>\n\t\t\t\t<\/div>\n\t\t\t\t<div class=\"elementor-element elementor-element-d978ee2 elementor-widget-laptop__width-initial elementor-widget__width-initial elementor-widget elementor-widget-heading\" data-id=\"d978ee2\" data-element_type=\"widget\" data-e-type=\"widget\" data-widget_type=\"heading.default\">\n\t\t\t\t<div class=\"elementor-widget-container\">\n\t\t\t\t\t<h1 class=\"elementor-heading-title elementor-size-default\">Impressum<\/h1>\t\t\t\t<\/div>\n\t\t\t\t<\/div>\n\t\t\t\t<div class=\"elementor-element elementor-element-da43809 elementor-widget__width-initial elementor-widget elementor-widget-text-editor\" data-id=\"da43809\" data-element_type=\"widget\" data-e-type=\"widget\" data-widget_type=\"text-editor.default\">\n\t\t\t\t<div class=\"elementor-widget-container\">\n\t\t\t\t\t\t\t\t\tDiese Seite enth\u00e4lt die rechtlichen Angaben der Trackunit GmbH, einschlie\u00dflich Unternehmensdaten, Registerangaben und gesetzlicher Hinweise.\t\t\t\t\t\t\t\t<\/div>\n\t\t\t\t<\/div>\n\t\t\t\t<\/div>\n\t\t\t\t<div class=\"elementor-element elementor-element-8f91150 elementor-widget elementor-widget-image\" data-id=\"8f91150\" data-element_type=\"widget\" data-e-type=\"widget\" data-widget_type=\"image.default\">\n\t\t\t\t<div class=\"elementor-widget-container\">\n\t\t\t\t\t\t\t\t\t\t\t\t\t\t\t<img fetchpriority=\"high\" decoding=\"async\" width=\"1352\" height=\"570\" src=\"https:\/\/trackunit.com\/wp-content\/uploads\/2025\/07\/standard-banner-1352x570-1.png\" class=\"attachment-full size-full wp-image-51372\" alt=\"\" srcset=\"https:\/\/trackunit.com\/wp-content\/uploads\/2025\/07\/standard-banner-1352x570-1.png 1352w, https:\/\/trackunit.com\/wp-content\/uploads\/2025\/07\/standard-banner-1352x570-1-300x126.png 300w, https:\/\/trackunit.com\/wp-content\/uploads\/2025\/07\/standard-banner-1352x570-1-1024x432.png 1024w, https:\/\/trackunit.com\/wp-content\/uploads\/2025\/07\/standard-banner-1352x570-1-768x324.png 768w\" sizes=\"(max-width: 1352px) 100vw, 1352px\" \/>\t\t\t\t\t\t\t\t\t\t\t\t\t\t\t<\/div>\n\t\t\t\t<\/div>\n\t\t\t\t\t<\/div>\n\t\t\t\t<\/div>\n\t\t<div class=\"elementor-element elementor-element-35f40b6 e-flex e-con-boxed e-con e-parent\" data-id=\"35f40b6\" data-element_type=\"container\" data-e-type=\"container\">\n\t\t\t\t\t<div class=\"e-con-inner\">\n\t\t\t\t<div class=\"elementor-element elementor-element-dba9aa0 elementor-widget elementor-widget-text-editor\" data-id=\"dba9aa0\" data-element_type=\"widget\" data-e-type=\"widget\" data-widget_type=\"text-editor.default\">\n\t\t\t\t<div class=\"elementor-widget-container\">\n\t\t\t\t\t\t\t\t\t<p>Trackunit GmbH<br \/>D\u00f6rntener Stra\u00dfe 21<br \/>D-38644 Goslar<\/p><p>Fon: +49 (0)5321 7434 00<\/p><p><a href=\"mailto:info@trackunit.com\">info@trackunit.com<\/a><\/p><p><a href=\"https:\/\/trackunit.com\/\">www.trackunit.com<\/a><\/p>\t\t\t\t\t\t\t\t<\/div>\n\t\t\t\t<\/div>\n\t\t\t\t<div class=\"elementor-element elementor-element-0a51b2a elementor-widget elementor-widget-heading\" data-id=\"0a51b2a\" data-element_type=\"widget\" data-e-type=\"widget\" data-widget_type=\"heading.default\">\n\t\t\t\t<div class=\"elementor-widget-container\">\n\t\t\t\t\t<h2 class=\"elementor-heading-title elementor-size-default\">Vertretungsberechtigte Gesch\u00e4ftsf\u00fchrer:\n<\/h2>\t\t\t\t<\/div>\n\t\t\t\t<\/div>\n\t\t\t\t<div class=\"elementor-element elementor-element-1b3679d elementor-widget elementor-widget-text-editor\" data-id=\"1b3679d\" data-element_type=\"widget\" data-e-type=\"widget\" data-widget_type=\"text-editor.default\">\n\t\t\t\t<div class=\"elementor-widget-container\">\n\t\t\t\t\t\t\t\t\tSoeren Brogaard\t\t\t\t\t\t\t\t<\/div>\n\t\t\t\t<\/div>\n\t\t\t\t<div class=\"elementor-element elementor-element-490aee9 elementor-widget elementor-widget-heading\" data-id=\"490aee9\" data-element_type=\"widget\" data-e-type=\"widget\" data-widget_type=\"heading.default\">\n\t\t\t\t<div class=\"elementor-widget-container\">\n\t\t\t\t\t<h2 class=\"elementor-heading-title elementor-size-default\">Umsatzsteuer-Identifikationsnummer gem\u00e4\u00df \u00a7 27 a Umsatzsteuergesetz:\n<\/h2>\t\t\t\t<\/div>\n\t\t\t\t<\/div>\n\t\t\t\t<div class=\"elementor-element elementor-element-32634e1 elementor-widget elementor-widget-text-editor\" data-id=\"32634e1\" data-element_type=\"widget\" data-e-type=\"widget\" data-widget_type=\"text-editor.default\">\n\t\t\t\t<div class=\"elementor-widget-container\">\n\t\t\t\t\t\t\t\t\t<p>DE292421230<\/p>\t\t\t\t\t\t\t\t<\/div>\n\t\t\t\t<\/div>\n\t\t\t\t<div class=\"elementor-element elementor-element-ee2c9ab elementor-widget elementor-widget-heading\" data-id=\"ee2c9ab\" data-element_type=\"widget\" data-e-type=\"widget\" data-widget_type=\"heading.default\">\n\t\t\t\t<div class=\"elementor-widget-container\">\n\t\t\t\t\t<h2 class=\"elementor-heading-title elementor-size-default\">Eintragung im Handelsregister.\nRegistergericht: Amtsgericht Braunschweig\nHandelsregister-Nummer: <\/h2>\t\t\t\t<\/div>\n\t\t\t\t<\/div>\n\t\t\t\t<div class=\"elementor-element elementor-element-7c13ae7 elementor-widget elementor-widget-text-editor\" data-id=\"7c13ae7\" data-element_type=\"widget\" data-e-type=\"widget\" data-widget_type=\"text-editor.default\">\n\t\t\t\t<div class=\"elementor-widget-container\">\n\t\t\t\t\t\t\t\t\tHRB 207165\n\n\t\t\t\t\t\t\t\t<\/div>\n\t\t\t\t<\/div>\n\t\t\t\t<div class=\"elementor-element elementor-element-0d64270 elementor-widget elementor-widget-heading\" data-id=\"0d64270\" data-element_type=\"widget\" data-e-type=\"widget\" data-widget_type=\"heading.default\">\n\t\t\t\t<div class=\"elementor-widget-container\">\n\t\t\t\t\t<h2 class=\"elementor-heading-title elementor-size-default\">Haftungshinweis\n<\/h2>\t\t\t\t<\/div>\n\t\t\t\t<\/div>\n\t\t\t\t<div class=\"elementor-element elementor-element-df8a3b2 elementor-widget elementor-widget-text-editor\" data-id=\"df8a3b2\" data-element_type=\"widget\" data-e-type=\"widget\" data-widget_type=\"text-editor.default\">\n\t\t\t\t<div class=\"elementor-widget-container\">\n\t\t\t\t\t\t\t\t\t<p>Trotz sorgf\u00e4ltiger Kontrolle \u00fcbernehmen wir keine Haftung f\u00fcr den Inhalt externer Links. F\u00fcr den Inhalt der verlinkten Seiten sind ausschlie\u00dflich deren Betreiber verantwortlich.<\/p>\t\t\t\t\t\t\t\t<\/div>\n\t\t\t\t<\/div>\n\t\t\t\t<div class=\"elementor-element elementor-element-7b77b72 elementor-widget elementor-widget-heading\" data-id=\"7b77b72\" data-element_type=\"widget\" data-e-type=\"widget\" data-widget_type=\"heading.default\">\n\t\t\t\t<div class=\"elementor-widget-container\">\n\t\t\t\t\t<h2 class=\"elementor-heading-title elementor-size-default\">Urheberrecht\n<\/h2>\t\t\t\t<\/div>\n\t\t\t\t<\/div>\n\t\t\t\t<div class=\"elementor-element elementor-element-24e75ef elementor-widget elementor-widget-text-editor\" data-id=\"24e75ef\" data-element_type=\"widget\" data-e-type=\"widget\" data-widget_type=\"text-editor.default\">\n\t\t\t\t<div class=\"elementor-widget-container\">\n\t\t\t\t\t\t\t\t\t<p>\u00a9 Copyright Trackunit GmbH<\/p><p>Die Inhalte unserer Internetseiten sind urheberrechtlich gesch\u00fctzt.<\/p><p>Insbesondere d\u00fcrfen Nachdrucke, \u00f6ffentliches Zug\u00e4nglichmachen, insbesondere durch Aufnahme in fremde Internetangebote und Online-Dienste, sowie Vervielf\u00e4ltigungen auf Datentr\u00e4ger aller Art, auch auszugsweise, nur nach vorheriger Zustimmung durch die Trackunit GmbH erfolgen.<\/p>\t\t\t\t\t\t\t\t<\/div>\n\t\t\t\t<\/div>\n\t\t\t\t\t<\/div>\n\t\t\t\t<\/div>\n\t\t\t\t<\/div>\n\t\t","protected":false},"excerpt":{"rendered":"<p>Trackunit Impressum Diese Seite enth\u00e4lt die rechtlichen Angaben der Trackunit GmbH, einschlie\u00dflich Unternehmensdaten, Registerangaben und gesetzlicher Hinweise. Trackunit GmbHD\u00f6rntener Stra\u00dfe 21D-38644 Goslar Fon: +49 (0)5321 7434 00 info@trackunit.com www.trackunit.com Vertretungsberechtigte Gesch\u00e4ftsf\u00fchrer: Soeren Brogaard Umsatzsteuer-Identifikationsnummer gem\u00e4\u00df \u00a7 27 a Umsatzsteuergesetz: DE292421230 Eintragung im Handelsregister. Registergericht: Amtsgericht Braunschweig Handelsregister-Nummer: HRB 207165 Haftungshinweis Trotz sorgf\u00e4ltiger Kontrolle \u00fcbernehmen wir [&hellip;]<\/p>\n","protected":false},"author":23,"featured_media":0,"parent":0,"menu_order":0,"comment_status":"closed","ping_status":"closed","template":"","meta":{"_acf_changed":false,"content-type":"","inline_featured_image":false,"footnotes":""},"categories":[],"tags":[],"class_list":["post-23822","page","type-page","status-publish","hentry"],"acf":[],"yoast_head":"<!-- This site is optimized with the Yoast SEO Premium plugin v27.3 (Yoast SEO v27.3) - https:\/\/yoast.com\/product\/yoast-seo-premium-wordpress\/ -->\n<title>Impressum - Trackunit<\/title>\n<meta name=\"description\" content=\"Trackunit helps you optimize your business and everyday work. We fully understand that you value your privacy and that\u2019s why we believe privacy is about freedom and being able to decide for yourself how your data is used and by whom. This is why we have established our Privacy Principles.\" \/>\n<meta name=\"robots\" content=\"index, follow, max-snippet:-1, max-image-preview:large, max-video-preview:-1\" \/>\n<link rel=\"canonical\" href=\"https:\/\/trackunit.com\/de\/impressum\/\" \/>\n<meta property=\"og:locale\" content=\"de_DE\" \/>\n<meta property=\"og:type\" content=\"article\" \/>\n<meta property=\"og:title\" content=\"Impressum\" \/>\n<meta property=\"og:description\" content=\"Trackunit helps you optimize your business and everyday work. We fully understand that you value your privacy and that\u2019s why we believe privacy is about freedom and being able to decide for yourself how your data is used and by whom. This is why we have established our Privacy Principles.\" \/>\n<meta property=\"og:url\" content=\"https:\/\/trackunit.com\/de\/impressum\/\" \/>\n<meta property=\"og:site_name\" content=\"Trackunit\" \/>\n<meta property=\"article:publisher\" content=\"https:\/\/www.facebook.com\/Trackunit.official\" \/>\n<meta property=\"article:modified_time\" content=\"2026-02-19T12:17:00+00:00\" \/>\n<meta property=\"og:image\" content=\"https:\/\/trackunit.com\/wp-content\/uploads\/2025\/07\/standard-banner-1352x570-1.png\" \/>\n\t<meta property=\"og:image:width\" content=\"1352\" \/>\n\t<meta property=\"og:image:height\" content=\"570\" \/>\n\t<meta property=\"og:image:type\" content=\"image\/png\" \/>\n<meta name=\"twitter:card\" content=\"summary_large_image\" \/>\n<meta name=\"twitter:site\" content=\"@trackunit\" \/>\n<meta name=\"twitter:label1\" content=\"Gesch\u00e4tzte Lesezeit\" \/>\n\t<meta name=\"twitter:data1\" content=\"1 Minute\" \/>\n<script type=\"application\/ld+json\" class=\"yoast-schema-graph\">{\"@context\":\"https:\\\/\\\/schema.org\",\"@graph\":[{\"@type\":\"WebPage\",\"@id\":\"https:\\\/\\\/trackunit.com\\\/de\\\/impressum\\\/\",\"url\":\"https:\\\/\\\/trackunit.com\\\/de\\\/impressum\\\/\",\"name\":\"Impressum - Trackunit\",\"isPartOf\":{\"@id\":\"https:\\\/\\\/trackunit.com\\\/de\\\/#website\"},\"primaryImageOfPage\":{\"@id\":\"https:\\\/\\\/trackunit.com\\\/de\\\/impressum\\\/#primaryimage\"},\"image\":{\"@id\":\"https:\\\/\\\/trackunit.com\\\/de\\\/impressum\\\/#primaryimage\"},\"thumbnailUrl\":\"https:\\\/\\\/trackunit.com\\\/wp-content\\\/uploads\\\/2025\\\/07\\\/standard-banner-1352x570-1.png\",\"datePublished\":\"2022-05-23T15:28:04+00:00\",\"dateModified\":\"2026-02-19T12:17:00+00:00\",\"description\":\"Trackunit helps you optimize your business and everyday work. We fully understand that you value your privacy and that\u2019s why we believe privacy is about freedom and being able to decide for yourself how your data is used and by whom. This is why we have established our Privacy Principles.\",\"breadcrumb\":{\"@id\":\"https:\\\/\\\/trackunit.com\\\/de\\\/impressum\\\/#breadcrumb\"},\"inLanguage\":\"de-DE\",\"potentialAction\":[{\"@type\":\"ReadAction\",\"target\":[\"https:\\\/\\\/trackunit.com\\\/de\\\/impressum\\\/\"]}]},{\"@type\":\"ImageObject\",\"inLanguage\":\"de-DE\",\"@id\":\"https:\\\/\\\/trackunit.com\\\/de\\\/impressum\\\/#primaryimage\",\"url\":\"https:\\\/\\\/trackunit.com\\\/wp-content\\\/uploads\\\/2025\\\/07\\\/standard-banner-1352x570-1.png\",\"contentUrl\":\"https:\\\/\\\/trackunit.com\\\/wp-content\\\/uploads\\\/2025\\\/07\\\/standard-banner-1352x570-1.png\"},{\"@type\":\"BreadcrumbList\",\"@id\":\"https:\\\/\\\/trackunit.com\\\/de\\\/impressum\\\/#breadcrumb\",\"itemListElement\":[{\"@type\":\"ListItem\",\"position\":1,\"name\":\"Home\",\"item\":\"https:\\\/\\\/trackunit.com\\\/de\\\/frontpage\\\/\"},{\"@type\":\"ListItem\",\"position\":2,\"name\":\"Impressum\"}]},{\"@type\":\"WebSite\",\"@id\":\"https:\\\/\\\/trackunit.com\\\/de\\\/#website\",\"url\":\"https:\\\/\\\/trackunit.com\\\/de\\\/\",\"name\":\"Trackunit\",\"description\":\"Die f\u00fchrende Plattform f\u00fcr Telematik und Flottenmanagement\",\"publisher\":{\"@id\":\"https:\\\/\\\/trackunit.com\\\/de\\\/#organization\"},\"potentialAction\":[{\"@type\":\"SearchAction\",\"target\":{\"@type\":\"EntryPoint\",\"urlTemplate\":\"https:\\\/\\\/trackunit.com\\\/de\\\/?s={search_term_string}\"},\"query-input\":{\"@type\":\"PropertyValueSpecification\",\"valueRequired\":true,\"valueName\":\"search_term_string\"}}],\"inLanguage\":\"de-DE\"},{\"@type\":\"Organization\",\"@id\":\"https:\\\/\\\/trackunit.com\\\/de\\\/#organization\",\"name\":\"Trackunit\",\"url\":\"https:\\\/\\\/trackunit.com\\\/de\\\/\",\"logo\":{\"@type\":\"ImageObject\",\"inLanguage\":\"de-DE\",\"@id\":\"https:\\\/\\\/trackunit.com\\\/de\\\/#\\\/schema\\\/logo\\\/image\\\/\",\"url\":\"https:\\\/\\\/trackunit.com\\\/wp-content\\\/uploads\\\/2022\\\/06\\\/trackunit_logotype_rgb_red.png\",\"contentUrl\":\"https:\\\/\\\/trackunit.com\\\/wp-content\\\/uploads\\\/2022\\\/06\\\/trackunit_logotype_rgb_red.png\",\"width\":2824,\"height\":693,\"caption\":\"Trackunit\"},\"image\":{\"@id\":\"https:\\\/\\\/trackunit.com\\\/de\\\/#\\\/schema\\\/logo\\\/image\\\/\"},\"sameAs\":[\"https:\\\/\\\/www.facebook.com\\\/Trackunit.official\",\"https:\\\/\\\/x.com\\\/trackunit\",\"https:\\\/\\\/www.linkedin.com\\\/company\\\/trackunit-a-s\\\/\"]}]}<\/script>\n<!-- \/ Yoast SEO Premium plugin. -->","yoast_head_json":{"title":"Impressum - Trackunit","description":"Trackunit helps you optimize your business and everyday work. We fully understand that you value your privacy and that\u2019s why we believe privacy is about freedom and being able to decide for yourself how your data is used and by whom. This is why we have established our Privacy Principles.","robots":{"index":"index","follow":"follow","max-snippet":"max-snippet:-1","max-image-preview":"max-image-preview:large","max-video-preview":"max-video-preview:-1"},"canonical":"https:\/\/trackunit.com\/de\/impressum\/","og_locale":"de_DE","og_type":"article","og_title":"Impressum","og_description":"Trackunit helps you optimize your business and everyday work. We fully understand that you value your privacy and that\u2019s why we believe privacy is about freedom and being able to decide for yourself how your data is used and by whom. This is why we have established our Privacy Principles.","og_url":"https:\/\/trackunit.com\/de\/impressum\/","og_site_name":"Trackunit","article_publisher":"https:\/\/www.facebook.com\/Trackunit.official","article_modified_time":"2026-02-19T12:17:00+00:00","og_image":[{"width":1352,"height":570,"url":"https:\/\/trackunit.com\/wp-content\/uploads\/2025\/07\/standard-banner-1352x570-1.png","type":"image\/png"}],"twitter_card":"summary_large_image","twitter_site":"@trackunit","twitter_misc":{"Gesch\u00e4tzte Lesezeit":"1 Minute"},"schema":{"@context":"https:\/\/schema.org","@graph":[{"@type":"WebPage","@id":"https:\/\/trackunit.com\/de\/impressum\/","url":"https:\/\/trackunit.com\/de\/impressum\/","name":"Impressum - Trackunit","isPartOf":{"@id":"https:\/\/trackunit.com\/de\/#website"},"primaryImageOfPage":{"@id":"https:\/\/trackunit.com\/de\/impressum\/#primaryimage"},"image":{"@id":"https:\/\/trackunit.com\/de\/impressum\/#primaryimage"},"thumbnailUrl":"https:\/\/trackunit.com\/wp-content\/uploads\/2025\/07\/standard-banner-1352x570-1.png","datePublished":"2022-05-23T15:28:04+00:00","dateModified":"2026-02-19T12:17:00+00:00","description":"Trackunit helps you optimize your business and everyday work. We fully understand that you value your privacy and that\u2019s why we believe privacy is about freedom and being able to decide for yourself how your data is used and by whom. This is why we have established our Privacy Principles.","breadcrumb":{"@id":"https:\/\/trackunit.com\/de\/impressum\/#breadcrumb"},"inLanguage":"de-DE","potentialAction":[{"@type":"ReadAction","target":["https:\/\/trackunit.com\/de\/impressum\/"]}]},{"@type":"ImageObject","inLanguage":"de-DE","@id":"https:\/\/trackunit.com\/de\/impressum\/#primaryimage","url":"https:\/\/trackunit.com\/wp-content\/uploads\/2025\/07\/standard-banner-1352x570-1.png","contentUrl":"https:\/\/trackunit.com\/wp-content\/uploads\/2025\/07\/standard-banner-1352x570-1.png"},{"@type":"BreadcrumbList","@id":"https:\/\/trackunit.com\/de\/impressum\/#breadcrumb","itemListElement":[{"@type":"ListItem","position":1,"name":"Home","item":"https:\/\/trackunit.com\/de\/frontpage\/"},{"@type":"ListItem","position":2,"name":"Impressum"}]},{"@type":"WebSite","@id":"https:\/\/trackunit.com\/de\/#website","url":"https:\/\/trackunit.com\/de\/","name":"Trackunit","description":"Die f\u00fchrende Plattform f\u00fcr Telematik und Flottenmanagement","publisher":{"@id":"https:\/\/trackunit.com\/de\/#organization"},"potentialAction":[{"@type":"SearchAction","target":{"@type":"EntryPoint","urlTemplate":"https:\/\/trackunit.com\/de\/?s={search_term_string}"},"query-input":{"@type":"PropertyValueSpecification","valueRequired":true,"valueName":"search_term_string"}}],"inLanguage":"de-DE"},{"@type":"Organization","@id":"https:\/\/trackunit.com\/de\/#organization","name":"Trackunit","url":"https:\/\/trackunit.com\/de\/","logo":{"@type":"ImageObject","inLanguage":"de-DE","@id":"https:\/\/trackunit.com\/de\/#\/schema\/logo\/image\/","url":"https:\/\/trackunit.com\/wp-content\/uploads\/2022\/06\/trackunit_logotype_rgb_red.png","contentUrl":"https:\/\/trackunit.com\/wp-content\/uploads\/2022\/06\/trackunit_logotype_rgb_red.png","width":2824,"height":693,"caption":"Trackunit"},"image":{"@id":"https:\/\/trackunit.com\/de\/#\/schema\/logo\/image\/"},"sameAs":["https:\/\/www.facebook.com\/Trackunit.official","https:\/\/x.com\/trackunit","https:\/\/www.linkedin.com\/company\/trackunit-a-s\/"]}]}},"_links":{"self":[{"href":"https:\/\/trackunit.com\/de\/wp-json\/wp\/v2\/pages\/23822","targetHints":{"allow":["GET"]}}],"collection":[{"href":"https:\/\/trackunit.com\/de\/wp-json\/wp\/v2\/pages"}],"about":[{"href":"https:\/\/trackunit.com\/de\/wp-json\/wp\/v2\/types\/page"}],"author":[{"embeddable":true,"href":"https:\/\/trackunit.com\/de\/wp-json\/wp\/v2\/users\/23"}],"replies":[{"embeddable":true,"href":"https:\/\/trackunit.com\/de\/wp-json\/wp\/v2\/comments?post=23822"}],"version-history":[{"count":0,"href":"https:\/\/trackunit.com\/de\/wp-json\/wp\/v2\/pages\/23822\/revisions"}],"wp:attachment":[{"href":"https:\/\/trackunit.com\/de\/wp-json\/wp\/v2\/media?parent=23822"}],"wp:term":[{"taxonomy":"category","embeddable":true,"href":"https:\/\/trackunit.com\/de\/wp-json\/wp\/v2\/categories?post=23822"},{"taxonomy":"post_tag","embeddable":true,"href":"https:\/\/trackunit.com\/de\/wp-json\/wp\/v2\/tags?post=23822"}],"curies":[{"name":"wp","href":"https:\/\/api.w.org\/{rel}","templated":true}]}}